{"id":2188,"date":"2023-05-08T09:25:39","date_gmt":"2023-05-08T09:25:39","guid":{"rendered":"https:\/\/www.customerobsessing.com\/kundenwerbung\/"},"modified":"2023-08-16T13:13:09","modified_gmt":"2023-08-16T13:13:09","slug":"customer-advocacy","status":"publish","type":"page","link":"https:\/\/www.customerobsessing.com\/de\/customer-advocacy\/","title":{"rendered":"Customer Advocacy"},"content":{"rendered":"\t\t<div data-elementor-type=\"wp-page\" data-elementor-id=\"2188\" class=\"elementor elementor-2188 elementor-1371\" data-elementor-post-type=\"page\">\n\t\t\t\t<div class=\"elementor-element elementor-element-50521e17 e-flex e-con-boxed e-con e-parent\" data-id=\"50521e17\" data-element_type=\"container\" data-settings=\"{&quot;background_background&quot;:&quot;classic&quot;}\">\n\t\t\t\t\t<div class=\"e-con-inner\">\n\t\t<div class=\"elementor-element elementor-element-6018a5d5 e-con-full elementor-hidden-tablet elementor-hidden-mobile e-flex e-con e-child\" data-id=\"6018a5d5\" data-element_type=\"container\">\n\t\t\t\t<div class=\"elementor-element elementor-element-4cc7238e elementor-invisible elementor-widget elementor-widget-image\" data-id=\"4cc7238e\" data-element_type=\"widget\" data-settings=\"{&quot;_animation&quot;:&quot;fadeIn&quot;}\" data-widget_type=\"image.default\">\n\t\t\t\t<div class=\"elementor-widget-container\">\n\t\t\t\t\t\t\t\t\t\t\t\t\t<img fetchpriority=\"high\" decoding=\"async\" width=\"498\" height=\"512\" src=\"https:\/\/www.customerobsessing.com\/wp-content\/uploads\/2023\/06\/success-1.svg\" class=\"attachment-large size-large wp-image-2018\" alt=\"Customer Advocacy\" \/>\t\t\t\t\t\t\t\t\t\t\t\t\t<\/div>\n\t\t\t\t<\/div>\n\t\t\t\t<div class=\"elementor-element elementor-element-62749d5e elementor-widget__width-auto elementor-absolute elementor-invisible elementor-widget elementor-widget-image\" data-id=\"62749d5e\" data-element_type=\"widget\" data-settings=\"{&quot;_position&quot;:&quot;absolute&quot;,&quot;_animation&quot;:&quot;fadeIn&quot;,&quot;_animation_delay&quot;:200}\" data-widget_type=\"image.default\">\n\t\t\t\t<div class=\"elementor-widget-container\">\n\t\t\t\t\t\t\t\t\t\t\t\t\t<img decoding=\"async\" width=\"292\" height=\"300\" src=\"https:\/\/www.customerobsessing.com\/wp-content\/uploads\/2023\/06\/success-1.svg\" class=\"attachment-thumbnail size-thumbnail wp-image-2018\" alt=\"Customer Advocacy\" \/>\t\t\t\t\t\t\t\t\t\t\t\t\t<\/div>\n\t\t\t\t<\/div>\n\t\t\t\t<\/div>\n\t\t<div class=\"elementor-element elementor-element-12e61413 e-con-full e-flex e-con e-child\" data-id=\"12e61413\" data-element_type=\"container\">\n\t\t\t\t<div class=\"elementor-element elementor-element-6632133b elementor-widget elementor-widget-text-editor\" data-id=\"6632133b\" data-element_type=\"widget\" data-widget_type=\"text-editor.default\">\n\t\t\t\t<div class=\"elementor-widget-container\">\n\t\t\t\t\t\t\t<p><span style=\"font-weight: 400;\">Unternehmen, die die Vorteile der Kundenf\u00fcrsprache nutzen, gewinnen!<\/span><\/p>\n\t\t\t\t\t\t<\/div>\n\t\t\t\t<\/div>\n\t\t\t\t<div class=\"elementor-element elementor-element-541dedd1 elementor-align-left elementor-mobile-align-center elementor-tablet-align-center elementor-widget__width-inherit elementor-widget elementor-widget-button\" data-id=\"541dedd1\" data-element_type=\"widget\" data-widget_type=\"button.default\">\n\t\t\t\t<div class=\"elementor-widget-container\">\n\t\t\t\t\t<div class=\"elementor-button-wrapper\">\n\t\t\t<a class=\"elementor-button elementor-button-link elementor-size-sm\" href=\"#Bef\u00fcrwortung\">\n\t\t\t\t\t\t<span class=\"elementor-button-content-wrapper\">\n\t\t\t\t\t\t\t\t\t<span class=\"elementor-button-text\">Los gehts!<\/span>\n\t\t\t\t\t<\/span>\n\t\t\t\t\t<\/a>\n\t\t<\/div>\n\t\t\t\t<\/div>\n\t\t\t\t<\/div>\n\t\t\t\t<\/div>\n\t\t\t\t\t<\/div>\n\t\t\t\t<\/div>\n\t\t<div class=\"elementor-element elementor-element-848d45f e-flex e-con-boxed e-con e-parent\" data-id=\"848d45f\" data-element_type=\"container\">\n\t\t\t\t\t<div class=\"e-con-inner\">\n\t\t\t\t<div class=\"elementor-element elementor-element-0688252 elementor-widget elementor-widget-menu-anchor\" data-id=\"0688252\" data-element_type=\"widget\" data-widget_type=\"menu-anchor.default\">\n\t\t\t\t<div class=\"elementor-widget-container\">\n\t\t\t\t\t<div class=\"elementor-menu-anchor\" id=\"Befrwortung\"><\/div>\n\t\t\t\t<\/div>\n\t\t\t\t<\/div>\n\t\t\t\t<div class=\"elementor-element elementor-element-a552f52 elementor-widget elementor-widget-heading\" data-id=\"a552f52\" data-element_type=\"widget\" data-widget_type=\"heading.default\">\n\t\t\t\t<div class=\"elementor-widget-container\">\n\t\t\t<h1 class=\"elementor-heading-title elementor-size-large\">Gehen Sie noch einen Schritt weiter und verwandeln Sie Ihre Kunden in begeisterten Fans \u2013 machen Sie sie zu Ihren F\u00fcrsprechern<\/h1>\t\t<\/div>\n\t\t\t\t<\/div>\n\t\t\t\t<div class=\"elementor-element elementor-element-e177416 elementor-widget elementor-widget-text-editor\" data-id=\"e177416\" data-element_type=\"widget\" data-widget_type=\"text-editor.default\">\n\t\t\t\t<div class=\"elementor-widget-container\">\n\t\t\t\t\t\t\t<p><span style=\"font-weight: 400;\">In einer Welt st\u00e4ndig wachsender Kundenerwartungen, harten Wettbewerbs und homogenisierter Produkte reicht es nicht mehr aus, die Kunden zufrieden zu stellen. Es ist an der Zeit, das <a href=\"https:\/\/www.customerobsessing.com\/de\/?page_id=2194\">Kundenerlebnis<\/a> auf die n\u00e4chste Stufe zu heben und unsere Kunden mehr als nur zu inspirieren und zu begeistern. Indem Sie ihre Erwartungen \u00fcbertreffen, k\u00f6nnen Sie eine emotionale Bindung herstellen und die Wahrscheinlichkeit von Wiederholungsk\u00e4ufen erh\u00f6hen. Aber noch wichtiger ist, dass Sie Ihre Kunden dazu bringen, ihre Begeisterung durch Mundpropaganda zu verbreiten. <\/span><\/p>\n<p><span style=\"font-weight: 400;\"><a href=\"https:\/\/www.customerobsessing.com\/de\/?page_id=2194\"><strong>Personalisierte Kundenerlebnisse <\/strong><\/a>und konsequent ein wenig mehr als der Durchschnitt zu liefern, sind der Schl\u00fcssel zum Erstaunen und zum Aufbau von Loyalit\u00e4t. Unsere Customer Advocacy-Programme gehen noch einen Schritt weiter, indem sie <strong>Communities<\/strong> aufbauen, <strong>Loyalit\u00e4tsprogramme<\/strong> integrieren und Kunden \u00fcber <strong>Kundenbeir\u00e4te<\/strong> direkt in Ihre Entscheidungen einbeziehen. <\/span><\/p>\n<p><span style=\"font-weight: 400;\">Unser Ziel ist es, starke Kundenbeziehungen aufzubauen und sie zu begeisterten Fans zu machen!<\/span><\/p>\n\t\t\t\t\t\t<\/div>\n\t\t\t\t<\/div>\n\t\t\t\t\t<\/div>\n\t\t\t\t<\/div>\n\t\t<div class=\"elementor-element elementor-element-2866da41 e-flex e-con-boxed e-con e-parent\" data-id=\"2866da41\" data-element_type=\"container\" data-settings=\"{&quot;background_background&quot;:&quot;classic&quot;}\">\n\t\t\t\t\t<div class=\"e-con-inner\">\n\t\t<div class=\"elementor-element elementor-element-4922d2c8 e-con-full e-flex e-con e-child\" data-id=\"4922d2c8\" data-element_type=\"container\" data-settings=\"{&quot;background_background&quot;:&quot;classic&quot;}\">\n\t\t\t\t<div class=\"elementor-element elementor-element-4f2c288b elementor-widget elementor-widget-heading\" data-id=\"4f2c288b\" data-element_type=\"widget\" data-widget_type=\"heading.default\">\n\t\t\t\t<div class=\"elementor-widget-container\">\n\t\t\t<h2 class=\"elementor-heading-title elementor-size-default\">Sorgen Sie daf\u00fcr, dass Ihre Kunden durch die Kraft der Community gesehen und geh\u00f6rt werden!<\/h2>\t\t<\/div>\n\t\t\t\t<\/div>\n\t\t\t\t<div class=\"elementor-element elementor-element-3ae2746f elementor-widget elementor-widget-text-editor\" data-id=\"3ae2746f\" data-element_type=\"widget\" data-widget_type=\"text-editor.default\">\n\t\t\t\t<div class=\"elementor-widget-container\">\n\t\t\t\t\t\t\t<p>Der Aufbau einer florierenden Community ist eine fantastische M\u00f6glichkeit, den Wert, den Sie Ihren bestehenden Kunden bieten, zu erh\u00f6hen, doch sie bietet auch noch viel mehr.<\/p>\n\t\t\t\t\t\t<\/div>\n\t\t\t\t<\/div>\n\t\t\t\t<\/div>\n\t\t<div class=\"elementor-element elementor-element-55c8c83e e-con-full e-flex e-con e-child\" data-id=\"55c8c83e\" data-element_type=\"container\" data-settings=\"{&quot;background_background&quot;:&quot;classic&quot;}\">\n\t\t\t\t<div class=\"elementor-element elementor-element-135690e4 elementor-widget elementor-widget-heading\" data-id=\"135690e4\" data-element_type=\"widget\" data-widget_type=\"heading.default\">\n\t\t\t\t<div class=\"elementor-widget-container\">\n\t\t\t<h2 class=\"elementor-heading-title elementor-size-default\">Community...<\/h2>\t\t<\/div>\n\t\t\t\t<\/div>\n\t\t\t\t<div class=\"elementor-element elementor-element-8811183 elementor-widget elementor-widget-text-editor\" data-id=\"8811183\" data-element_type=\"widget\" data-widget_type=\"text-editor.default\">\n\t\t\t\t<div class=\"elementor-widget-container\">\n\t\t\t\t\t\t\t<p><b>&#8230; erweitert Ihr Team<\/b><span style=\"font-weight: 400;\"><span style=\"font-weight: 400;\"> \u00fcber die Reichweite Ihres Mitarbeiterstamms hinaus und erm\u00f6glicht es anderen, sich mit Ihrem Unternehmen\/Ihrer Marke zu verbinden. Dazu k\u00f6nnen Partner, andere aktuelle oder potenzielle Kunden sowie Markenbegeisterte geh\u00f6ren. In vielen F\u00e4llen helfen die Kunden und Partner anderen Kunden und Partnern.<\/span><\/span><\/p>\n\t\t\t\t\t\t<\/div>\n\t\t\t\t<\/div>\n\t\t\t\t<div class=\"elementor-element elementor-element-11d723b elementor-widget elementor-widget-text-editor\" data-id=\"11d723b\" data-element_type=\"widget\" data-widget_type=\"text-editor.default\">\n\t\t\t\t<div class=\"elementor-widget-container\">\n\t\t\t\t\t\t\t<p><b>&#8230; <\/b><b> zentralisiert Wissen <\/b>durch da Teilen von <span style=\"font-weight: 400;\"><span style=\"font-weight: 400;\">Dokumenten, Videos, Blogs, usw. Dies erm\u00f6glicht bessere Suchfunktionen und damit einen leichteren Zugang zu Informationen und eine schnellere Suche.<\/span><\/span><\/p>\n\t\t\t\t\t\t<\/div>\n\t\t\t\t<\/div>\n\t\t\t\t<div class=\"elementor-element elementor-element-25f082f elementor-widget elementor-widget-text-editor\" data-id=\"25f082f\" data-element_type=\"widget\" data-widget_type=\"text-editor.default\">\n\t\t\t\t<div class=\"elementor-widget-container\">\n\t\t\t\t\t\t\t<p><b>&#8230; <\/b><b> <\/b><b> erm\u00f6glicht es, Fragen<\/b><span style=\"font-weight: 400;\"><span style=\"font-weight: 400;\"> nur einmal zu beantworten und f\u00fcr immer zu teilen.<\/span><\/span><\/p>\n\t\t\t\t\t\t<\/div>\n\t\t\t\t<\/div>\n\t\t\t\t<div class=\"elementor-element elementor-element-4a9cee7 elementor-widget elementor-widget-text-editor\" data-id=\"4a9cee7\" data-element_type=\"widget\" data-widget_type=\"text-editor.default\">\n\t\t\t\t<div class=\"elementor-widget-container\">\n\t\t\t\t\t\t\t<p><b>&#8230;  <\/b><b> <\/b><b> <\/b> <b> erm\u00f6glicht Mitarbeitern<\/b><span style=\"font-weight: 400;\"> aus dem gesamten Unternehmen, nicht nur aus dem Kundensupport, sich mit ihren Kunden<\/span><b>zu verbinden<\/b><span style=\"font-weight: 400;\"><span style=\"font-weight: 400;\"> . Es bringt Ihr Unternehmen n\u00e4her an die Kunden heran und vermittelt den Mitarbeitern ein besseres Verst\u00e4ndnis f\u00fcr die Herausforderungen und Chancen im gesamten Kundenstamm.<\/span><\/span><\/p>\n\t\t\t\t\t\t<\/div>\n\t\t\t\t<\/div>\n\t\t\t\t<div class=\"elementor-element elementor-element-7284085 elementor-widget elementor-widget-text-editor\" data-id=\"7284085\" data-element_type=\"widget\" data-widget_type=\"text-editor.default\">\n\t\t\t\t<div class=\"elementor-widget-container\">\n\t\t\t\t\t\t\t<p><b>&#8230;  <\/b><b> <\/b><b> <\/b> <strong>ist eine unglaubliche M\u00f6glichkeit, die <a href=\"https:\/\/www.customerobsessing.com\/de\/?page_id=2197\">Stimme Ihrer Kunden<\/a> in Ihr Unternehmen zu bringen<\/strong> <span style=\"font-weight: 400;\">und sie f\u00fcr jeden Teil Ihres Unternehmens sichtbar zu machen<\/span><span style=\"font-weight: 400;\">. Eine M\u00f6glichkeit hierf\u00fcr besteht darin, das Kunden Ideen f\u00fcr Produkt- und Serviceangebote posten und dar\u00fcber abzustimmen k\u00f6nnen. Dies f\u00f6rdert Roadmaps und Priorisierung sowie eine engere Verbindung von Kunden und Partnern mit Produktteams.<\/span><\/p>\n\t\t\t\t\t\t<\/div>\n\t\t\t\t<\/div>\n\t\t\t\t<\/div>\n\t\t\t\t\t<\/div>\n\t\t\t\t<\/div>\n\t\t<div class=\"elementor-element elementor-element-c39b691 e-flex e-con-boxed e-con e-parent\" data-id=\"c39b691\" data-element_type=\"container\">\n\t\t\t\t\t<div class=\"e-con-inner\">\n\t\t<div class=\"elementor-element elementor-element-702ccc4 e-con-full e-flex e-con e-child\" data-id=\"702ccc4\" data-element_type=\"container\" data-settings=\"{&quot;background_background&quot;:&quot;classic&quot;}\">\n\t\t\t\t<div class=\"elementor-element elementor-element-13ef56f elementor-widget elementor-widget-heading\" data-id=\"13ef56f\" data-element_type=\"widget\" data-widget_type=\"heading.default\">\n\t\t\t\t<div class=\"elementor-widget-container\">\n\t\t\t<h3 class=\"elementor-heading-title elementor-size-large\">Erhalten Sie Einblicke von den Experten f\u00fcr Ihren Kundenkreis: Ihren Kunden!<\/h3>\t\t<\/div>\n\t\t\t\t<\/div>\n\t\t\t\t<div class=\"elementor-element elementor-element-3489014 elementor-widget elementor-widget-text-editor\" data-id=\"3489014\" data-element_type=\"widget\" data-widget_type=\"text-editor.default\">\n\t\t\t\t<div class=\"elementor-widget-container\">\n\t\t\t\t\t\t\t<p><span style=\"font-weight: 400;\">Die Bedeutung von Kundenfeedback f\u00fcr nachhaltige Kundenzufriedenheit und Wachstum kann gar nicht hoch genug eingesch\u00e4tzt werden. Deshalb untesrt\u00fctzen wir Sie, einen Kundenbeirat (Customer Advisory Board, CAB) einzurichten. In CABs trifft sich eine ausgew\u00e4hlte Gruppe von Kunden regelm\u00e4\u00dfig mit Unternehmensvertretern, um \u00fcber Produkte, Dienstleistungen und Gesch\u00e4ftsstrategien zu sprechen. Mit Hilfe von Kundenbeir\u00e4ten gewinnen unsere Kunden wertvolle Erkenntnisse \u00fcber die Bed\u00fcrfnisse und Vorlieben ihrer Kunden. Dies hilft ihnen, ihr Angebot zu verbessern und letztendlich die Kundenzufriedenheit zu erh\u00f6hen. Kundenbeir\u00e4te f\u00f6rdern nicht nur ein Gef\u00fchl des Vertrauens und der Zusammenarbeit, sondern bieten den Kunden auch ein Forum f\u00fcr den Austausch von Feedback, Bedenken und Ideen. Letztendlich hilft Ihnen ein Kundenbeir\u00e4te, die Kundenbindung zu erh\u00f6hen, st\u00e4rkere Beziehungen aufzubauen und Ihre finanziellen Ergebnisse langfristig zu verbessern.<\/span><\/p>\n\t\t\t\t\t\t<\/div>\n\t\t\t\t<\/div>\n\t\t\t\t<div class=\"elementor-element elementor-element-344cffb elementor-align-left elementor-mobile-align-center elementor-tablet-align-center elementor-widget__width-inherit elementor-widget elementor-widget-button\" data-id=\"344cffb\" data-element_type=\"widget\" data-widget_type=\"button.default\">\n\t\t\t\t<div class=\"elementor-widget-container\">\n\t\t\t\t\t<div class=\"elementor-button-wrapper\">\n\t\t\t<a class=\"elementor-button elementor-button-link elementor-size-xs\" href=\"https:\/\/www.customerobsessing.com\/de\/?p=2166\">\n\t\t\t\t\t\t<span class=\"elementor-button-content-wrapper\">\n\t\t\t\t\t\t\t\t\t<span class=\"elementor-button-text\">Lesen Sie mehr dar\u00fcber, wie Sie Ihren Kundenbeirat optimal nutzen k\u00f6nnen<\/span>\n\t\t\t\t\t<\/span>\n\t\t\t\t\t<\/a>\n\t\t<\/div>\n\t\t\t\t<\/div>\n\t\t\t\t<\/div>\n\t\t\t\t<\/div>\n\t\t<div class=\"elementor-element elementor-element-ad24783 e-con-full e-flex e-con e-child\" data-id=\"ad24783\" data-element_type=\"container\" data-settings=\"{&quot;background_background&quot;:&quot;classic&quot;}\">\n\t\t\t\t<div class=\"elementor-element elementor-element-4c3810c elementor-widget elementor-widget-image\" data-id=\"4c3810c\" data-element_type=\"widget\" data-widget_type=\"image.default\">\n\t\t\t\t<div class=\"elementor-widget-container\">\n\t\t\t\t\t\t\t\t\t\t\t\t\t<img decoding=\"async\" width=\"768\" height=\"678\" src=\"https:\/\/www.customerobsessing.com\/wp-content\/uploads\/2023\/07\/kundenbeirat-e1690187252997-768x678.png\" class=\"attachment-medium_large size-medium_large wp-image-2128\" alt=\"Kundenbeirat\" srcset=\"https:\/\/www.customerobsessing.com\/wp-content\/uploads\/2023\/07\/kundenbeirat-e1690187252997-200x176.png 200w, https:\/\/www.customerobsessing.com\/wp-content\/uploads\/2023\/07\/kundenbeirat-e1690187252997-300x265.png 300w, https:\/\/www.customerobsessing.com\/wp-content\/uploads\/2023\/07\/kundenbeirat-e1690187252997-400x353.png 400w, https:\/\/www.customerobsessing.com\/wp-content\/uploads\/2023\/07\/kundenbeirat-e1690187252997-600x529.png 600w, https:\/\/www.customerobsessing.com\/wp-content\/uploads\/2023\/07\/kundenbeirat-e1690187252997-768x678.png 768w, https:\/\/www.customerobsessing.com\/wp-content\/uploads\/2023\/07\/kundenbeirat-e1690187252997-800x706.png 800w, https:\/\/www.customerobsessing.com\/wp-content\/uploads\/2023\/07\/kundenbeirat-e1690187252997.png 917w\" sizes=\"(max-width: 768px) 100vw, 768px\" \/>\t\t\t\t\t\t\t\t\t\t\t\t\t<\/div>\n\t\t\t\t<\/div>\n\t\t\t\t<\/div>\n\t\t\t\t\t<\/div>\n\t\t\t\t<\/div>\n\t\t<div class=\"elementor-element elementor-element-ce19a71 e-flex e-con-boxed e-con e-parent\" data-id=\"ce19a71\" data-element_type=\"container\" data-settings=\"{&quot;background_background&quot;:&quot;classic&quot;}\">\n\t\t\t\t\t<div class=\"e-con-inner\">\n\t\t\t\t<div class=\"elementor-element elementor-element-af1126c elementor-widget elementor-widget-heading\" data-id=\"af1126c\" data-element_type=\"widget\" data-widget_type=\"heading.default\">\n\t\t\t\t<div class=\"elementor-widget-container\">\n\t\t\t<h2 class=\"elementor-heading-title elementor-size-large\">Lassen Sie uns das Potenzial von Customer Advocates freisetzen!<\/h2>\t\t<\/div>\n\t\t\t\t<\/div>\n\t\t\t\t<div class=\"elementor-element elementor-element-9aa5d5d elementor-widget elementor-widget-text-editor\" data-id=\"9aa5d5d\" data-element_type=\"widget\" data-widget_type=\"text-editor.default\">\n\t\t\t\t<div class=\"elementor-widget-container\">\n\t\t\t\t\t\t\t<p><span style=\"font-weight: 400;\">M\u00f6chten Sie mehr \u00fcber die Erfolge erfahren, die wir durch den Aufbau von Communities erzielt haben, und dar\u00fcber, wie man sie erreichen kann? <\/span><\/p>\n<p><strong>Unser Bereich Customer Advocacy umfasst unter anderem die folgenden Programme:<\/strong><\/p>\n\t\t\t\t\t\t<\/div>\n\t\t\t\t<\/div>\n\t\t\t\t<div class=\"elementor-element elementor-element-c178e96 elementor-widget elementor-widget-text-editor\" data-id=\"c178e96\" data-element_type=\"widget\" data-widget_type=\"text-editor.default\">\n\t\t\t\t<div class=\"elementor-widget-container\">\n\t\t\t\t\t\t\t<ul>\n<li><b>Kunden- und\/oder Partner-Community<br \/><\/b><span style=\"font-weight: 400;\">Aufbau einer Community mit Ihren Partnern und \/ oder Kunden inkl. internem und externem Rollout.\n<p><\/span><\/li>\n<li><b>Kundenbeirat (CAB)<br \/><\/b><span style=\"font-weight: 400;\"><span style=\"font-weight: 400;\">Einf\u00fchrung eines Kundenbeirats in Ihrem Unternehmen inkl. internem und externem Rollout.\n<p><\/span><\/span><\/li>\n<li><b>Empfehlungs-\/Loyalit\u00e4tsprogramme<br \/><span style=\"font-weight: 400;\">Definition und Umsetzung von Empfehlungs- und Loyalit\u00e4tsprogrammen zur Erh\u00f6hung der Kundenbindung<\/span><\/b><\/li>\n<\/ul>\n\t\t\t\t\t\t<\/div>\n\t\t\t\t<\/div>\n\t\t\t\t<div class=\"elementor-element elementor-element-8e8efaa elementor-align-left elementor-mobile-align-center elementor-tablet-align-center elementor-widget__width-inherit elementor-widget elementor-widget-button\" data-id=\"8e8efaa\" data-element_type=\"widget\" data-widget_type=\"button.default\">\n\t\t\t\t<div class=\"elementor-widget-container\">\n\t\t\t\t\t<div class=\"elementor-button-wrapper\">\n\t\t\t<a class=\"elementor-button elementor-button-link elementor-size-xs\" href=\"https:\/\/www.customerobsessing.com\/de\/kontakt\/\">\n\t\t\t\t\t\t<span class=\"elementor-button-content-wrapper\">\n\t\t\t\t\t\t\t\t\t<span class=\"elementor-button-text\">Kontakt<\/span>\n\t\t\t\t\t<\/span>\n\t\t\t\t\t<\/a>\n\t\t<\/div>\n\t\t\t\t<\/div>\n\t\t\t\t<\/div>\n\t\t\t\t\t<\/div>\n\t\t\t\t<\/div>\n\t\t\t\t<\/div>\n\t\t","protected":false},"excerpt":{"rendered":"<p>Unternehmen, die die Vorteile der Kundenf\u00fcrsprache nutzen, gewinnen! Los gehts! Gehen Sie noch einen Schritt weiter und verwandeln Sie Ihre Kunden in begeisterten Fans \u2013 machen Sie sie zu Ihren [&hellip;]<\/p>\n","protected":false},"author":5,"featured_media":0,"parent":0,"menu_order":0,"comment_status":"closed","ping_status":"closed","template":"","meta":{"content-type":"","_monsterinsights_skip_tracking":false,"_monsterinsights_sitenote_active":false,"_monsterinsights_sitenote_note":"","_monsterinsights_sitenote_category":0,"footnotes":""},"class_list":["post-2188","page","type-page","status-publish","hentry"],"aioseo_notices":[],"_links":{"self":[{"href":"https:\/\/www.customerobsessing.com\/de\/wp-json\/wp\/v2\/pages\/2188","targetHints":{"allow":["GET"]}}],"collection":[{"href":"https:\/\/www.customerobsessing.com\/de\/wp-json\/wp\/v2\/pages"}],"about":[{"href":"https:\/\/www.customerobsessing.com\/de\/wp-json\/wp\/v2\/types\/page"}],"author":[{"embeddable":true,"href":"https:\/\/www.customerobsessing.com\/de\/wp-json\/wp\/v2\/users\/5"}],"replies":[{"embeddable":true,"href":"https:\/\/www.customerobsessing.com\/de\/wp-json\/wp\/v2\/comments?post=2188"}],"version-history":[{"count":0,"href":"https:\/\/www.customerobsessing.com\/de\/wp-json\/wp\/v2\/pages\/2188\/revisions"}],"wp:attachment":[{"href":"https:\/\/www.customerobsessing.com\/de\/wp-json\/wp\/v2\/media?parent=2188"}],"curies":[{"name":"wp","href":"https:\/\/api.w.org\/{rel}","templated":true}]}}