{"id":2201,"date":"2023-04-19T12:30:39","date_gmt":"2023-04-19T12:30:39","guid":{"rendered":"https:\/\/www.customerobsessing.com\/impressum\/"},"modified":"2024-02-12T11:35:02","modified_gmt":"2024-02-12T11:35:02","slug":"impressum","status":"publish","type":"page","link":"https:\/\/www.customerobsessing.com\/de\/impressum\/","title":{"rendered":"Impressum"},"content":{"rendered":"\t\t<div data-elementor-type=\"wp-page\" data-elementor-id=\"2201\" class=\"elementor elementor-2201 elementor-1295\" data-elementor-post-type=\"page\">\n\t\t\t\t<div class=\"elementor-element elementor-element-01a7288 e-flex e-con-boxed e-con e-parent\" data-id=\"01a7288\" data-element_type=\"container\" data-settings=\"{&quot;background_background&quot;:&quot;classic&quot;}\">\n\t\t\t\t\t<div class=\"e-con-inner\">\n\t\t<div class=\"elementor-element elementor-element-b21dc94 e-con-full e-flex e-con e-child\" data-id=\"b21dc94\" data-element_type=\"container\">\n\t\t\t\t<\/div>\n\t\t<div class=\"elementor-element elementor-element-5414adc e-con-full e-flex e-con e-child\" data-id=\"5414adc\" data-element_type=\"container\">\n\t\t\t\t<div class=\"elementor-element elementor-element-14c7ec6 elementor-widget elementor-widget-text-editor\" data-id=\"14c7ec6\" data-element_type=\"widget\" data-widget_type=\"text-editor.default\">\n\t\t\t\t<div class=\"elementor-widget-container\">\n\t\t\t\t\t\t\t<p>Transparenz und offene Kommunikation sind f\u00fcr uns eine Selbstverst\u00e4ndlichkeit.<\/p>\n<p>Hier finden Sie wichtige Kontaktinformationen auf einen Blick.<\/p>\n\t\t\t\t\t\t<\/div>\n\t\t\t\t<\/div>\n\t\t\t\t<\/div>\n\t\t\t\t\t<\/div>\n\t\t\t\t<\/div>\n\t\t<div class=\"elementor-element elementor-element-6397bb9 e-flex e-con-boxed e-con e-parent\" data-id=\"6397bb9\" data-element_type=\"container\" data-settings=\"{&quot;background_background&quot;:&quot;classic&quot;}\">\n\t\t\t\t\t<div class=\"e-con-inner\">\n\t\t\t\t<div class=\"elementor-element elementor-element-9ec0275 elementor-widget-divider--view-line elementor-widget elementor-widget-divider\" data-id=\"9ec0275\" data-element_type=\"widget\" data-widget_type=\"divider.default\">\n\t\t\t\t<div class=\"elementor-widget-container\">\n\t\t\t\t\t<div class=\"elementor-divider\">\n\t\t\t<span class=\"elementor-divider-separator\">\n\t\t\t\t\t\t<\/span>\n\t\t<\/div>\n\t\t\t\t<\/div>\n\t\t\t\t<\/div>\n\t\t\t\t\t<\/div>\n\t\t\t\t<\/div>\n\t\t\t\t<section class=\"elementor-section elementor-top-section elementor-element elementor-element-95446c6 elementor-section-boxed elementor-section-height-default elementor-section-height-default\" data-id=\"95446c6\" data-element_type=\"section\" data-settings=\"{&quot;background_background&quot;:&quot;classic&quot;}\">\n\t\t\t\t\t\t<div class=\"elementor-container elementor-column-gap-default\">\n\t\t\t\t\t<div class=\"elementor-column elementor-col-33 elementor-top-column elementor-element elementor-element-d16a5bf\" data-id=\"d16a5bf\" data-element_type=\"column\">\n\t\t\t<div class=\"elementor-widget-wrap elementor-element-populated\">\n\t\t\t\t\t\t<div class=\"elementor-element elementor-element-75f8c63 elementor-widget elementor-widget-text-editor\" data-id=\"75f8c63\" data-element_type=\"widget\" data-widget_type=\"text-editor.default\">\n\t\t\t\t<div class=\"elementor-widget-container\">\n\t\t\t\t\t\t\t<h1><b style=\"font-family: var(--h2_typography-font-family); font-size: 24px; font-style: var(--h2_typography-font-style,normal); letter-spacing: var(--h2_typography-letter-spacing); text-transform: var(--h2_typography-text-transform);\">Adresse<\/b><\/h1>\n<p><span style=\"font-weight: 400;\">Customer Obsessing Consulting GmbH<br><\/span><span style=\"font-weight: 400;\">Hermannstra\u00dfe 13<br><\/span>20095 Hamburg<br>Deutschland&nbsp;<\/p>\t\t\t\t\t\t<\/div>\n\t\t\t\t<\/div>\n\t\t\t\t\t<\/div>\n\t\t<\/div>\n\t\t\t\t<div class=\"elementor-column elementor-col-33 elementor-top-column elementor-element elementor-element-757e34c\" data-id=\"757e34c\" data-element_type=\"column\">\n\t\t\t<div class=\"elementor-widget-wrap elementor-element-populated\">\n\t\t\t\t\t\t<div class=\"elementor-element elementor-element-5348b7f elementor-widget elementor-widget-text-editor\" data-id=\"5348b7f\" data-element_type=\"widget\" data-widget_type=\"text-editor.default\">\n\t\t\t\t<div class=\"elementor-widget-container\">\n\t\t\t\t\t\t\t<h1><b style=\"font-family: var(--h3_typography-font-family); font-size: 24px; font-style: var(--h3_typography-font-style,normal); letter-spacing: var(--h3_typography-letter-spacing); text-transform: var(--h3_typography-text-transform);\">Gesch\u00e4ftsf\u00fchrung<\/b><\/h1>\n<p><span style=\"font-weight: 400;\">Amy Downs<\/span><br \/><a href=\"tel:004940226343090\"><span style=\"font-weight: 400;\">+49 40 2263430 90<\/span><\/a><br \/><a href=\"mailto:hello@customerobsessing.com\"><span style=\"font-weight: 400;\">hello@customerobsessing.com<\/span><\/a><\/p>\n\t\t\t\t\t\t<\/div>\n\t\t\t\t<\/div>\n\t\t\t\t\t<\/div>\n\t\t<\/div>\n\t\t\t\t<div class=\"elementor-column elementor-col-33 elementor-top-column elementor-element elementor-element-69187fb\" data-id=\"69187fb\" data-element_type=\"column\">\n\t\t\t<div class=\"elementor-widget-wrap elementor-element-populated\">\n\t\t\t\t\t\t<div class=\"elementor-element elementor-element-8175fe3 elementor-widget elementor-widget-text-editor\" data-id=\"8175fe3\" data-element_type=\"widget\" data-widget_type=\"text-editor.default\">\n\t\t\t\t<div class=\"elementor-widget-container\">\n\t\t\t\t\t\t\t<h1><b style=\"font-family: var(--h2_typography-font-family); font-size: 24px; font-style: var(--h2_typography-font-style,normal); letter-spacing: var(--h2_typography-letter-spacing); text-transform: var(--h2_typography-text-transform);\">Registergericht<\/b><\/h1>\n<p>Amtsgericht Hamburg<br \/>Handelsregisternummer 178699<br \/>Umsatzsteuer-Identifikationsnummer DE360205862<\/p>\n\t\t\t\t\t\t<\/div>\n\t\t\t\t<\/div>\n\t\t\t\t\t<\/div>\n\t\t<\/div>\n\t\t\t\t\t<\/div>\n\t\t<\/section>\n\t\t\t\t<\/div>\n\t\t","protected":false},"excerpt":{"rendered":"<p>Transparenz und offene Kommunikation sind f\u00fcr uns eine Selbstverst\u00e4ndlichkeit. Hier finden Sie wichtige Kontaktinformationen auf einen Blick. Adresse Customer Obsessing Consulting GmbHHermannstra\u00dfe 1320095 HamburgDeutschland&nbsp; Gesch\u00e4ftsf\u00fchrung Amy Downs+49 40 2263430 90hello@customerobsessing.com [&hellip;]<\/p>\n","protected":false},"author":5,"featured_media":0,"parent":0,"menu_order":0,"comment_status":"closed","ping_status":"closed","template":"","meta":{"content-type":"","_monsterinsights_skip_tracking":false,"_monsterinsights_sitenote_active":false,"_monsterinsights_sitenote_note":"","_monsterinsights_sitenote_category":0,"footnotes":""},"class_list":["post-2201","page","type-page","status-publish","hentry"],"aioseo_notices":[],"_links":{"self":[{"href":"https:\/\/www.customerobsessing.com\/de\/wp-json\/wp\/v2\/pages\/2201","targetHints":{"allow":["GET"]}}],"collection":[{"href":"https:\/\/www.customerobsessing.com\/de\/wp-json\/wp\/v2\/pages"}],"about":[{"href":"https:\/\/www.customerobsessing.com\/de\/wp-json\/wp\/v2\/types\/page"}],"author":[{"embeddable":true,"href":"https:\/\/www.customerobsessing.com\/de\/wp-json\/wp\/v2\/users\/5"}],"replies":[{"embeddable":true,"href":"https:\/\/www.customerobsessing.com\/de\/wp-json\/wp\/v2\/comments?post=2201"}],"version-history":[{"count":0,"href":"https:\/\/www.customerobsessing.com\/de\/wp-json\/wp\/v2\/pages\/2201\/revisions"}],"wp:attachment":[{"href":"https:\/\/www.customerobsessing.com\/de\/wp-json\/wp\/v2\/media?parent=2201"}],"curies":[{"name":"wp","href":"https:\/\/api.w.org\/{rel}","templated":true}]}}