{"id":2203,"date":"2023-05-16T14:31:05","date_gmt":"2023-05-16T14:31:05","guid":{"rendered":"https:\/\/www.customerobsessing.com\/coaching-und-mentoring\/"},"modified":"2023-07-28T11:23:09","modified_gmt":"2023-07-28T11:23:09","slug":"coaching-und-mentoring","status":"publish","type":"page","link":"https:\/\/www.customerobsessing.com\/de\/coaching-und-mentoring\/","title":{"rendered":"Coaching und Mentoring"},"content":{"rendered":"\t\t<div data-elementor-type=\"wp-page\" data-elementor-id=\"2203\" class=\"elementor elementor-2203 elementor-1411\" data-elementor-post-type=\"page\">\n\t\t\t\t<div class=\"elementor-element elementor-element-769ead35 e-flex e-con-boxed e-con e-parent\" data-id=\"769ead35\" data-element_type=\"container\" data-settings=\"{&quot;background_background&quot;:&quot;classic&quot;}\">\n\t\t\t\t\t<div class=\"e-con-inner\">\n\t\t<div class=\"elementor-element elementor-element-2ebde118 e-con-full e-flex e-con e-child\" data-id=\"2ebde118\" data-element_type=\"container\">\n\t\t\t\t<div class=\"elementor-element elementor-element-7ff2a7b8 elementor-widget elementor-widget-text-editor\" data-id=\"7ff2a7b8\" data-element_type=\"widget\" data-widget_type=\"text-editor.default\">\n\t\t\t\t<div class=\"elementor-widget-container\">\n\t\t\t\t\t\t\t<p>Investieren Sie in Ihre Mitarbeiter, lassen Sie sie wachsen und sich entwickeln! <\/p>\n\t\t\t\t\t\t<\/div>\n\t\t\t\t<\/div>\n\t\t\t\t<\/div>\n\t\t\t\t<div class=\"elementor-element elementor-element-48b88651 elementor-widget__width-initial elementor-hidden-tablet elementor-hidden-mobile elementor-widget elementor-widget-gallery\" data-id=\"48b88651\" data-element_type=\"widget\" data-settings=\"{&quot;gallery_layout&quot;:&quot;masonry&quot;,&quot;columns&quot;:1,&quot;lazyload&quot;:&quot;yes&quot;,&quot;columns_tablet&quot;:2,&quot;columns_mobile&quot;:1,&quot;gap&quot;:{&quot;unit&quot;:&quot;px&quot;,&quot;size&quot;:10,&quot;sizes&quot;:[]},&quot;gap_tablet&quot;:{&quot;unit&quot;:&quot;px&quot;,&quot;size&quot;:10,&quot;sizes&quot;:[]},&quot;gap_mobile&quot;:{&quot;unit&quot;:&quot;px&quot;,&quot;size&quot;:10,&quot;sizes&quot;:[]},&quot;overlay_background&quot;:&quot;yes&quot;,&quot;content_hover_animation&quot;:&quot;fade-in&quot;}\" data-widget_type=\"gallery.default\">\n\t\t\t\t<div class=\"elementor-widget-container\">\n\t\t\t\t\t<div class=\"elementor-gallery__container\">\n\t\t\t\t\t\t\t<div class=\"e-gallery-item elementor-gallery-item elementor-animated-content\">\n\t\t\t\t\t<div class=\"e-gallery-image elementor-gallery-item__image\" data-thumbnail=\"https:\/\/www.customerobsessing.com\/wp-content\/uploads\/2023\/07\/Customer-Obsessing-Amy-4.jpg\" data-width=\"2500\" data-height=\"1667\" aria-label=\"\" role=\"img\" ><\/div>\n\t\t\t\t\t\t\t\t\t\t\t<div class=\"elementor-gallery-item__overlay\"><\/div>\n\t\t\t\t\t\t\t\t\t\t\t\t\t\t<\/div>\n\t\t\t\t\t<\/div>\n\t\t\t<\/div>\n\t\t\t\t<\/div>\n\t\t\t\t\t<\/div>\n\t\t\t\t<\/div>\n\t\t<div class=\"elementor-element elementor-element-fe84c6e e-flex e-con-boxed e-con e-parent\" data-id=\"fe84c6e\" data-element_type=\"container\">\n\t\t\t\t\t<div class=\"e-con-inner\">\n\t\t<div class=\"elementor-element elementor-element-b697dbc e-con-full e-flex e-con e-child\" data-id=\"b697dbc\" data-element_type=\"container\">\n\t\t\t\t<div class=\"elementor-element elementor-element-2fc668c elementor-widget elementor-widget-image\" data-id=\"2fc668c\" data-element_type=\"widget\" data-widget_type=\"image.default\">\n\t\t\t\t<div class=\"elementor-widget-container\">\n\t\t\t\t\t\t\t\t\t\t\t\t\t<img decoding=\"async\" src=\"https:\/\/www.customerobsessing.com\/wp-content\/uploads\/2023\/07\/Customer-Obsessing-Amy-Teresa-3.jpg\" title=\"\" alt=\"\" loading=\"lazy\" \/>\t\t\t\t\t\t\t\t\t\t\t\t\t<\/div>\n\t\t\t\t<\/div>\n\t\t\t\t<\/div>\n\t\t<div class=\"elementor-element elementor-element-4a2bd1a e-con-full e-flex e-con e-child\" data-id=\"4a2bd1a\" data-element_type=\"container\">\n\t\t\t\t<div class=\"elementor-element elementor-element-f841ed3 elementor-widget elementor-widget-heading\" data-id=\"f841ed3\" data-element_type=\"widget\" data-widget_type=\"heading.default\">\n\t\t\t\t<div class=\"elementor-widget-container\">\n\t\t\t<h2 class=\"elementor-heading-title elementor-size-large\">1:1 Coaching zur Entwicklung pers\u00f6nlicher F\u00e4higkeiten<\/h2>\t\t<\/div>\n\t\t\t\t<\/div>\n\t\t\t\t<div class=\"elementor-element elementor-element-2151f52 elementor-widget elementor-widget-text-editor\" data-id=\"2151f52\" data-element_type=\"widget\" data-widget_type=\"text-editor.default\">\n\t\t\t\t<div class=\"elementor-widget-container\">\n\t\t\t\t\t\t\t<p>Coaching und Mentoring sind entscheidend f\u00fcr die Entwicklung und das Wachstum von F\u00fchrungskr\u00e4ften und Teammitgliedern im Post-Sales-Bereich. Unser Coaching- und Mentoring-Programm ist darauf ausgerichtet, individuelle Unterst\u00fctzung und Anleitung zu bieten, damit Einzelpersonen ihr volles Potenzial entfalten k\u00f6nnen.<br \/><span style=\"background-color: var(--bg_color); font-style: var(--body_typography-font-style,normal); letter-spacing: var(--body_typography-letter-spacing);\">In Verbindung mit erstklassigen <a href=\"https:\/\/www.customerobsessing.com\/de\/?page_id=2212\">Schulungsprogrammen<\/a> f\u00fcr Customer-Success-Teams k\u00f6nnen Sie Ihre Organisation zu einer maximalen Kundenorientierung bef\u00e4higen.<\/span><\/p>\n<p>Unsere erfahrenen Mentoren arbeiten eng mit jedem Mitglied Ihres Teams zusammen, um es auf Erfolg und Wachstum vorzubereiten. Die Grundlage bildet eine gr\u00fcndliche Bewertung ihrer St\u00e4rken und Schw\u00e4chen, gefolgt von der Festlegung erreichbarer Ziele und der Entwicklung eines pers\u00f6nlichen Weiterentwicklungsplans. Wir bieten auch ein kontinuierliches Coaching an, um sicherzustellen, dass Einzelpersonen auf dem richtigen Weg bleiben, wachsen und sich weiterentwickeln.<\/p>\n<p>Unser Programm ist auf die individuellen Bed\u00fcrfnisse zugeschnitten und kann eine Vielzahl von Themen abdecken.<\/p>\n<p><strong>M\u00f6gliche Coaching-Themen:<\/strong><\/p>\n<ul>\n<li>Coaching f\u00fcr F\u00fchrungskr\u00e4fte<\/li>\n<li>1:1-Mentoring<\/li>\n<li>Zielsetzung und pers\u00f6nliches Wachstum<\/li>\n<li>Teambildung<\/li>\n<li>Probleml\u00f6sung<\/li>\n<li>Verhandlungsgeschick und Kommunikationsf\u00e4higkeit <\/li>\n<\/ul>\n\t\t\t\t\t\t<\/div>\n\t\t\t\t<\/div>\n\t\t\t\t<\/div>\n\t\t\t\t\t<\/div>\n\t\t\t\t<\/div>\n\t\t<div class=\"elementor-element elementor-element-6489cd4 e-flex e-con-boxed e-con e-parent\" data-id=\"6489cd4\" data-element_type=\"container\" data-settings=\"{&quot;background_background&quot;:&quot;classic&quot;}\">\n\t\t\t\t\t<div class=\"e-con-inner\">\n\t\t<div class=\"elementor-element elementor-element-113be3a e-con-full e-flex e-con e-child\" data-id=\"113be3a\" data-element_type=\"container\">\n\t\t\t\t<div class=\"elementor-element elementor-element-068c166 elementor-widget elementor-widget-heading\" data-id=\"068c166\" data-element_type=\"widget\" data-widget_type=\"heading.default\">\n\t\t\t\t<div class=\"elementor-widget-container\">\n\t\t\t<h3 class=\"elementor-heading-title elementor-size-large\">Lassen Sie uns in Ihre Mitarbeiter investieren!<\/h3>\t\t<\/div>\n\t\t\t\t<\/div>\n\t\t\t\t<div class=\"elementor-element elementor-element-987131d elementor-widget elementor-widget-text-editor\" data-id=\"987131d\" data-element_type=\"widget\" data-widget_type=\"text-editor.default\">\n\t\t\t\t<div class=\"elementor-widget-container\">\n\t\t\t\t\t\t\t<p>Wir stellen Ihnen Vordenker und Ressourcen zur Verf\u00fcgung, um Einzelpersonen in Ihren Teams mit oder ohne F\u00fchrungsverantwortung zu betreuen und zu coachen. Mit unserer Hilfe entwickeln sie ihren individuellen Wachstumsplan, lernen, wie sie ihn in die Tat umsetzen k\u00f6nnen, und reflektieren w\u00e4hrend des gesamten Prozesses ihre Fortschritte. Unser oberstes Ziel ist es, F\u00fchrungskr\u00e4fte und Teammitglieder im Post-Sales-Bereich dabei zu unterst\u00fctzen, die F\u00e4higkeiten und das Selbstvertrauen zu entwickeln, die sie ben\u00f6tigen, um in ihrer Rolle zu gl\u00e4nzen und den Erfolg ihres Unternehmens voranzutreiben.<\/p>\n\t\t\t\t\t\t<\/div>\n\t\t\t\t<\/div>\n\t\t\t\t<\/div>\n\t\t<div class=\"elementor-element elementor-element-8f50cff e-con-full e-flex e-con e-child\" data-id=\"8f50cff\" data-element_type=\"container\">\n\t\t\t\t<div class=\"elementor-element elementor-element-577298f elementor-widget elementor-widget-hubspot-form\" data-id=\"577298f\" data-element_type=\"widget\" data-widget_type=\"hubspot-form.default\">\n\t\t\t\t<div class=\"elementor-widget-container\">\n\t\t\t\n\t\t\t\t\t<script>\n\t\t\t\t\t\twindow.hsFormsOnReady = window.hsFormsOnReady || [];\n\t\t\t\t\t\twindow.hsFormsOnReady.push(()=>{\n\t\t\t\t\t\t\thbspt.forms.create({\n\t\t\t\t\t\t\t\tportalId: 6809303,\n\t\t\t\t\t\t\t\tformId: \"be7685af-a4de-4099-819d-abdf8e711414\",\n\t\t\t\t\t\t\t\ttarget: \"#hbspt-form-1775650414000-0050301021\",\n\t\t\t\t\t\t\t\tregion: \"na1\",\n\t\t\t\t\t\t\t\t\n\t\t\t\t\t\t})});\n\t\t\t\t\t<\/script>\n\t\t\t\t\t<div class=\"hbspt-form\" id=\"hbspt-form-1775650414000-0050301021\"><\/div>\t\t<\/div>\n\t\t\t\t<\/div>\n\t\t\t\t<\/div>\n\t\t\t\t\t<\/div>\n\t\t\t\t<\/div>\n\t\t\t\t<\/div>\n\t\t","protected":false},"excerpt":{"rendered":"<p>Investieren Sie in Ihre Mitarbeiter, lassen Sie sie wachsen und sich entwickeln! 1:1 Coaching zur Entwicklung pers\u00f6nlicher F\u00e4higkeiten Coaching und Mentoring sind entscheidend f\u00fcr die Entwicklung und das Wachstum von [&hellip;]<\/p>\n","protected":false},"author":5,"featured_media":0,"parent":0,"menu_order":0,"comment_status":"closed","ping_status":"closed","template":"","meta":{"content-type":"","_monsterinsights_skip_tracking":false,"_monsterinsights_sitenote_active":false,"_monsterinsights_sitenote_note":"","_monsterinsights_sitenote_category":0,"footnotes":""},"class_list":["post-2203","page","type-page","status-publish","hentry"],"aioseo_notices":[],"_links":{"self":[{"href":"https:\/\/www.customerobsessing.com\/de\/wp-json\/wp\/v2\/pages\/2203","targetHints":{"allow":["GET"]}}],"collection":[{"href":"https:\/\/www.customerobsessing.com\/de\/wp-json\/wp\/v2\/pages"}],"about":[{"href":"https:\/\/www.customerobsessing.com\/de\/wp-json\/wp\/v2\/types\/page"}],"author":[{"embeddable":true,"href":"https:\/\/www.customerobsessing.com\/de\/wp-json\/wp\/v2\/users\/5"}],"replies":[{"embeddable":true,"href":"https:\/\/www.customerobsessing.com\/de\/wp-json\/wp\/v2\/comments?post=2203"}],"version-history":[{"count":0,"href":"https:\/\/www.customerobsessing.com\/de\/wp-json\/wp\/v2\/pages\/2203\/revisions"}],"wp:attachment":[{"href":"https:\/\/www.customerobsessing.com\/de\/wp-json\/wp\/v2\/media?parent=2203"}],"curies":[{"name":"wp","href":"https:\/\/api.w.org\/{rel}","templated":true}]}}