{"id":2204,"date":"2023-04-19T12:26:41","date_gmt":"2023-04-19T12:26:41","guid":{"rendered":"https:\/\/www.customerobsessing.com\/datenschutzbestimmungen\/"},"modified":"2023-08-04T17:59:08","modified_gmt":"2023-08-04T17:59:08","slug":"datenschutz","status":"publish","type":"page","link":"https:\/\/www.customerobsessing.com\/de\/datenschutz\/","title":{"rendered":"Datenschutz"},"content":{"rendered":"\t\t<div data-elementor-type=\"wp-page\" data-elementor-id=\"2204\" class=\"elementor elementor-2204 elementor-1297\" data-elementor-post-type=\"page\">\n\t\t\t\t<div class=\"elementor-element elementor-element-8ad2993 e-flex e-con-boxed e-con e-parent\" data-id=\"8ad2993\" data-element_type=\"container\" data-settings=\"{&quot;background_background&quot;:&quot;classic&quot;}\">\n\t\t\t\t\t<div class=\"e-con-inner\">\n\t\t\t\t\t<\/div>\n\t\t\t\t<\/div>\n\t\t\t\t<section class=\"elementor-section elementor-top-section elementor-element elementor-element-4efa7ca1 elementor-section-boxed elementor-section-height-default elementor-section-height-default\" data-id=\"4efa7ca1\" data-element_type=\"section\">\n\t\t\t\t\t\t<div class=\"elementor-container elementor-column-gap-default\">\n\t\t\t\t\t<div class=\"elementor-column elementor-col-100 elementor-top-column elementor-element elementor-element-18a5f5e1\" data-id=\"18a5f5e1\" data-element_type=\"column\">\n\t\t\t<div class=\"elementor-widget-wrap elementor-element-populated\">\n\t\t\t\t\t\t<div class=\"elementor-element elementor-element-717db90d elementor-widget elementor-widget-text-editor\" data-id=\"717db90d\" data-element_type=\"widget\" data-widget_type=\"text-editor.default\">\n\t\t\t\t<div class=\"elementor-widget-container\">\n\t\t\t\t\t\t\t<p><\/p>\n<h1><b style=\"font-family: var(--h2_typography-font-family); font-size: 24px; font-style: var(--h2_typography-font-style,normal); letter-spacing: var(--h2_typography-letter-spacing); text-transform: var(--h2_typography-text-transform); background-color: var(--content_bg_color);\">Wer wir sind<\/b><\/h1>\n<p><span style=\"font-weight: 400;\">Unsere Website-Adresse lautet: <a href=\"https:\/\/www.customerobsessing.com\/de\/\">https:\/\/www.customerobsessing.com\/<\/a><\/span><\/p>\n<h3><b> <\/b><\/h3>\n<h3><b>Welche pers\u00f6nlichen Daten wir sammeln und warum wir sie sammeln<\/b><\/h3>\n<p><b>Kommentare<\/b><\/p>\n<p><span style=\"font-weight: 400;\">Wenn Besucher Kommentare auf der Website hinterlassen, erfassen wir die im Kommentarformular angezeigten Daten sowie die IP-Adresse und den User-Agent-String des Browsers des Besuchers, um die Spam-Erkennung zu erleichtern.<\/span><\/p>\n<p><span style=\"font-weight: 400;\">Eine anonymisierte Zeichenfolge, die aus Ihrer E-Mail-Adresse erstellt wird (auch Hash genannt), kann dem Gravatar-Dienst zur Verf\u00fcgung gestellt werden, um zu sehen, ob Sie ihn verwenden. Die Datenschutzbestimmungen des Gravatar-Dienstes finden Sie hier: https:\/\/automattic.com\/privacy\/. Nach der Genehmigung Ihres Kommentars ist Ihr Profilbild im Zusammenhang mit Ihrem Kommentar \u00f6ffentlich sichtbar.<\/span><\/p>\n<p> <\/p>\n<p><b>Medien<\/b><\/p>\n<p><span style=\"font-weight: 400;\">Wenn Sie Bilder auf die Website hochladen, sollten Sie es vermeiden, Bilder hochzuladen, die eingebettete Standortdaten (EXIF-GPS) enthalten. Die Besucher der Website k\u00f6nnen alle Standortdaten von den Bildern auf der Website herunterladen und extrahieren.<\/span><\/p>\n<p> <\/p>\n<p><b>Kontaktformulare<\/b><\/p>\n<p><span style=\"font-weight: 400;\">Wenn Sie uns per Kontaktformular Anfragen zukommen lassen, werden Ihre Angaben aus dem Anfrageformular inklusive der von Ihnen dort angegebenen Kontaktdaten zwecks Bearbeitung der Anfrage und f\u00fcr den Fall von Anschlussfragen bei uns per E-Mail und in Hubspot gespeichert. Diese Daten geben wir nicht ohne Ihre Zustimmung weiter.<\/span><\/p>\n<p><span style=\"font-weight: 400;\">Die Verarbeitung der in das Kontaktformular eingegebenen Daten erfolgt daher ausschlie\u00dflich auf Grundlage Ihrer Einwilligung (Art. 6 Abs. 1 lit. a DSGVO). Sie k\u00f6nnen diese Zustimmung jederzeit widerrufen. Zu diesem Zweck gen\u00fcgt eine formlose Mitteilung per E-Mail an uns. Die Rechtm\u00e4\u00dfigkeit der bis zum Widerruf erfolgten Datenverarbeitungsvorg\u00e4nge bleibt vom Widerruf unber\u00fchrt.<\/span><\/p>\n<p><span style=\"font-weight: 400;\">Die von Ihnen in das Kontaktformular eingegebenen Daten verbleiben bei uns, bis Sie uns zur L\u00f6schung auffordern, Ihre Einwilligung zur Speicherung widerrufen oder der Zweck f\u00fcr die Datenspeicherung entf\u00e4llt (z.B. nach Abschluss der Bearbeitung Ihrer Anfrage). Zwingende gesetzliche Bestimmungen &#8211; insbesondere Aufbewahrungsfristen &#8211; bleiben davon unber\u00fchrt.<\/span><\/p>\n<p> <\/p>\n<p><b>Cookies<\/b><\/p>\n<p><span style=\"font-weight: 400;\">Cookies dienen dazu, unser Angebot nutzerfreundlicher, effektiver und sicherer zu machen. Cookies sind kleine Textdateien, die auf Ihrem Computer abgelegt werden und die Ihr Browser speichert. Cookies richten auf Ihrem Rechner keinen Schaden an und enthalten keine Viren.  <\/span><\/p>\n<p><span style=\"font-weight: 400;\">Die meisten der von uns verwendeten Cookies sind so genannte &#8222;Session-Cookies&#8220;. Sie werden nach Beendigung Ihres Besuchs automatisch gel\u00f6scht. Andere Cookies bleiben auf Ihrem Endger\u00e4t gespeichert, bis Sie sie l\u00f6schen. Diese Cookies erm\u00f6glichen es uns, Ihren Browser bei Ihrem n\u00e4chsten Besuch wiederzuerkennen.<\/span><\/p>\n<p><span style=\"font-weight: 400;\">Sie k\u00f6nnen Ihren Browser so einstellen, dass Sie \u00fcber das Setzen von Cookies informiert werden und Cookies nur im Einzelfall erlauben, die Annahme von Cookies f\u00fcr bestimmte F\u00e4lle oder generell ausschlie\u00dfen sowie das automatische L\u00f6schen der Cookies beim Schlie\u00dfen des Browser aktivieren. Bei der Deaktivierung von Cookies kann die Funktionalit\u00e4t dieser Website eingeschr\u00e4nkt sein.<\/span><\/p>\n<p><span style=\"font-weight: 400;\">Es werden Cookies gespeichert, die zur Durchf\u00fchrung des elektronischen Kommunikationsvorgangs oder zur Bereitstellung bestimmter, von Ihnen gew\u00fcnschter Funktionen (z.B. Warenkorbfunktion) erforderlich sind. Der Websitebetreiber hat ein berechtigtes Interesse an der Speicherung von Cookies zur technisch fehlerfreien und optimierten Bereitstellung seiner Dienste. Soweit andere Cookies (z.B. Cookies zur Analyse Ihres Surfverhaltens) gespeichert werden, werden diese in dieser Datenschutzerkl\u00e4rung gesondert behandelt.<\/span><\/p>\n<p> <\/p>\n<p><b>Server-Protokolldateien<\/b><\/p>\n<p><span style=\"font-weight: 400;\">Der Provider der Seiten erhebt und speichert automatisch Informationen in so genannten Server-Log-Files, die Ihr Browser automatisch an uns \u00fcbermittelt. Diese sind:<\/span><\/p>\n<ul>\n<li style=\"font-weight: 400;\" aria-level=\"1\"><span style=\"font-weight: 400;\">Browsertyp und Browserversion<\/span><\/li>\n<li style=\"font-weight: 400;\" aria-level=\"1\"><span style=\"font-weight: 400;\">Verwendetes Betriebssystem<\/span><\/li>\n<li style=\"font-weight: 400;\" aria-level=\"1\"><span style=\"font-weight: 400;\">Referrer-URL<\/span><\/li>\n<li style=\"font-weight: 400;\" aria-level=\"1\"><span style=\"font-weight: 400;\">Hostname des zugreifenden Computers<\/span><\/li>\n<li style=\"font-weight: 400;\" aria-level=\"1\"><span style=\"font-weight: 400;\">Uhrzeit der Serveranfrage<\/span><\/li>\n<li style=\"font-weight: 400;\" aria-level=\"1\"><span style=\"font-weight: 400;\">IP-Adresse<\/span><\/li>\n<\/ul>\n<p><span style=\"font-weight: 400;\">Eine Zusammenf\u00fchrung dieser Daten mit anderen Datenquellen wird nicht vorgenommen.<\/span><\/p>\n<p> <\/p>\n<p><b>Eingebettete Inhalte von anderen Websites<\/b><\/p>\n<p><span style=\"font-weight: 400;\">Die Artikel auf dieser Website k\u00f6nnen eingebettete Inhalte enthalten (z. B. Videos, Bilder, Artikel usw.). Eingebettete Inhalte von anderen Websites verhalten sich genau so, als ob der Besucher die andere Website besucht h\u00e4tte.<\/span><\/p>\n<p><span style=\"font-weight: 400;\">Diese Websites k\u00f6nnen Daten \u00fcber Sie sammeln, Cookies verwenden, zus\u00e4tzliche Trackingfunktionen von Dritten einbetten und Ihre Interaktion mit diesen eingebetteten Inhalten \u00fcberwachen, einschlie\u00dflich der Verfolgung Ihrer Interaktion mit den eingebetteten Inhalten, wenn Sie ein Konto haben und auf dieser Website angemeldet sind.<\/span><\/p>\n<h2> <\/h2>\n<h2><b>Analysetools &amp; Werbung<\/b><\/h2>\n<p><b>Google Analytics<\/b><\/p>\n<p><span style=\"font-weight: 400;\">Diese Website benutzt Funktionen des Webanalysedienstes Google Analytics. Der Anbieter ist Google Inc, 1600 Amphitheatre Parkway, Mountain View, CA 94043, USA. Weitere Informationen dar\u00fcber, wie Google Analytics mit Nutzerdaten umgeht, finden Sie in den Datenschutzbestimmungen von Google:  <\/span><a href=\"https:\/\/support.google.com\/analytics\/answer\/6004245?hl=de.\"><span style=\"font-weight: 400;\">https:\/\/support.google.com\/analytics\/answer\/6004245?hl=de.<\/span><\/a><\/p>\n<p><span style=\"font-weight: 400;\">Google Analytics verwendet so genannte &#8222;Cookies&#8220;. Das sind Textdateien, die auf Ihrem Computer gespeichert werden und die eine Analyse der Benutzung der Website durch Sie erm\u00f6glichen. Die durch den Cookie erzeugten Informationen \u00fcber Ihre Benutzung dieser Website werden in der Regel an einen Server von Google in den USA \u00fcbertragen und dort gespeichert. Die Speicherung von Google Analytics-Cookies erfolgt auf Grundlage von Art. 6 (1) lit. f DSGVO. Der Website-Betreiber hat ein berechtigtes Interesse an der Analyse des Nutzerverhaltens, um sowohl sein Webangebot als auch seine Werbung zu optimieren.<\/span><\/p>\n<p> <\/p>\n<p><strong>Browser-Plugin<\/strong><\/p>\n<p><span style=\"font-weight: 400;\">Sie k\u00f6nnen die Installation der Cookies durch eine entsprechende Einstellung Ihrer Browser Software verhindern; wir weisen Sie jedoch darauf hin, dass Sie in diesem Fall gegebenenfalls nicht s\u00e4mtliche Funktionen dieser Website voll umf\u00e4nglich nutzen k\u00f6nnen. Sie k\u00f6nnen dar\u00fcber hinaus die Erfassung der durch das Cookie erzeugten und auf Ihre Nutzung der Website bezogenen Daten (inkl. Ihrer IP-Adresse) an Google sowie die Verarbeitung dieser Daten durch Google verhindern, indem Sie das unter dem folgenden Link verf\u00fcgbare Browser-Plugin herunterladen und installieren:  <\/span><a href=\"https:\/\/tools.google.com\/dlpage\/gaoptout?hl=de.\"><span style=\"font-weight: 400;\">https:\/\/tools.google.com\/dlpage\/gaoptout?hl=de.<\/span><\/a><\/p>\n<p> <\/p>\n<p><strong>Demografische Merkmale mit Google Analytics<\/strong><\/p>\n<p><span style=\"font-weight: 400;\">Diese Website verwendet die Funktion &#8222;Demografische Merkmale&#8220; von Google Analytics. So k\u00f6nnen Berichte erstellt werden, die Aussagen \u00fcber Alter, Geschlecht und Interessen der Website-Besucher enthalten. Diese Daten stammen aus interessenbezogener Werbung von Google sowie aus Besucherdaten von Drittanbietern. Diese Daten k\u00f6nnen nicht einer bestimmten Person zugeordnet werden. Sie k\u00f6nnen diese Funktion jederzeit \u00fcber die Anzeigeneinstellungen in Ihrem Google-Konto deaktivieren oder die Erfassung Ihrer Daten durch Google Analytics generell untersagen, wie unter dem Punkt &#8222;Widerspruch gegen die Datenerfassung&#8220; dargestellt.<\/span><\/p>\n<p> <\/p>\n<p><strong>Google Analytics Wiedervermarktung<\/strong><\/p>\n<p><span style=\"font-weight: 400;\">Unsere Websites nutzen die Funktionen von Google Analytics Remarketing in Verbindung mit den ger\u00e4te\u00fcbergreifenden Funktionen von Google AdWords und Google DoubleClick. Der Anbieter ist Google Inc, 1600 Amphitheatre Parkway, Mountain View, CA 94043, USA.<\/span><\/p>\n<p><span style=\"font-weight: 400;\">Diese Funktion erm\u00f6glicht es, die mit Google Analytics Remarketing erstellten Werbezielgruppen mit den ger\u00e4te\u00fcbergreifenden Funktionen von Google AdWords und Google DoubleClick zu verkn\u00fcpfen. Auf diese Weise k\u00f6nnen interessenbasierte, personalisierte Werbebotschaften, die aufgrund Ihres bisherigen Nutzungs- und Surfverhaltens auf einem Endger\u00e4t (z.B. Handy) auf Sie abgestimmt wurden, auch auf einem anderen Ihrer Endger\u00e4te (z.B. Tablet oder PC) angezeigt werden.<\/span><\/p>\n<p><span style=\"font-weight: 400;\">Wenn Sie zugestimmt haben, wird Google Ihren Web- und App-Browserverlauf zu diesem Zweck mit Ihrem Google-Konto verkn\u00fcpfen. Auf diese Weise k\u00f6nnen auf jedem Endger\u00e4t, auf dem Sie sich mit Ihrem Google-Konto anmelden, die gleichen personalisierten Werbebotschaften angezeigt werden.<\/span><\/p>\n<p><span style=\"font-weight: 400;\">Zur Unterst\u00fctzung dieser Funktion erfasst Google Analytics von Google authentifizierte IDs von Nutzern, die vor\u00fcbergehend mit unseren Google Analytics-Daten verkn\u00fcpft werden, um Zielgruppen f\u00fcr die ger\u00e4te\u00fcbergreifende Ausrichtung von Anzeigen zu definieren und zu erstellen.<\/span><\/p>\n<p><span style=\"font-weight: 400;\">Sie k\u00f6nnen das ger\u00e4te\u00fcbergreifende Remarketing\/Targeting dauerhaft deaktivieren, indem Sie die personalisierte Werbung in Ihrem Google-Konto deaktivieren; folgen Sie diesem Link: <\/span><a href=\"https:\/\/www.google.com\/settings\/ads\/onweb\/.\">\n  <span style=\"font-weight: 400;\">https:\/\/www.google.com\/settings\/ads\/onweb\/.<\/span>\n<\/a><\/p>\n<p><span style=\"font-weight: 400;\">Die Zusammenf\u00fchrung der erhobenen Daten in Ihrem Google-Konto erfolgt ausschlie\u00dflich auf Grundlage Ihrer Einwilligung, die Sie bei Google erteilen oder widerrufen k\u00f6nnen (Art. 6 Abs. 1 lit. a DSGVO). Im Falle von Datenerhebungsvorg\u00e4ngen, die nicht in Ihrem Google-Konto zusammengef\u00fchrt werden (z.B. weil Sie kein Google-Konto besitzen oder der Zusammenf\u00fchrung widersprochen haben), beruht die Erhebung der Daten auf Art. 6 (1) lit. f DSGVO. Das berechtigte Interesse ergibt sich daraus, dass der Websitebetreiber ein Interesse an der anonymisierten Analyse der Websitebesucher zu Werbezwecken hat.<\/span><\/p>\n<p><span style=\"font-weight: 400;\">Weitere Informationen und die Datenschutzbestimmungen finden Sie in den Datenschutzbestimmungen von Google unter: <\/span><a href=\"https:\/\/www.google.com\/policies\/technologies\/ads\/.\">\n  <span style=\"font-weight: 400;\">https:\/\/www.google.com\/policies\/technologies\/ads\/.<\/span>\n<\/a><\/p>\n<p> <\/p>\n<p><b>Google Tag Manager<\/b><\/p>\n<p><span style=\"font-weight: 400;\">Wir verwenden zus\u00e4tzlich den Google Tag Manager. Dieser Dienst kann zur Verwaltung von Website-Tags verwendet werden. Der Google Tag Manager richtet nur Tags ein &#8211; Tags sind Codes, die zur Messung von Besucherverkehr und Besucherverhalten verwendet werden. Die Tags stammen von anderen Diensten &#8211; in unserem Fall von Google Analytics (siehe oben). Der Google Tag Manager wird nur zur Verwaltung dieser Tags verwendet, es werden keine Cookies gesetzt und keine personenbezogenen Daten erhoben. Wurde das Tracking deaktiviert, gilt dies auch f\u00fcr alle Tracking-Tags, die mit dem Google Tag Manager verwaltet werden.<\/span><\/p>\n<p> <\/p>\n<p><b>Google reCAPTCHA<\/b><\/p>\n<p><span style=\"font-weight: 400;\">Um eine ausreichende Datensicherheit beim Absenden von Formularen zu gew\u00e4hrleisten, verwenden wir in bestimmten F\u00e4llen (Kundenregistrierungsformular, Retourenformular, SMART-Projektregistrierungsformular) den reCAPTCHA-Dienst der Firma Google Ireland Limited (Register No.: 368047) Gordon House, Barrow Street, Dublin 4, Irland. Die Abfrage wird verwendet, um zu unterscheiden, ob die Eingabe von einer nat\u00fcrlichen Person oder missbr\u00e4uchlich durch maschinelle und automatisierte Verarbeitung erfolgt. Der Dienst umfasst die \u00dcbermittlung der IP-Adresse und ggf. weiterer von Google f\u00fcr den reCAPTCHA-Dienst ben\u00f6tigter Daten an Google. Hier gelten die abweichenden Datenschutzbestimmungen der Google Inc. Weitere Informationen zu den Datenschutzrichtlinien der Google Inc. finden Sie unter  <\/span><a href=\"https:\/\/www.google.com\/intl\/de\/policies\/privacy\/.\"><span style=\"font-weight: 400;\">https:\/\/www.google.com\/intl\/de\/policies\/privacy\/.<\/span><\/a><\/p>\n<p> <\/p>\n<p><b>Google AdWords und Google Conversion Tracking<\/b><\/p>\n<p><span style=\"font-weight: 400;\">Diese Website verwendet Google AdWords. AdWords ist ein Online-Werbeprogramm der Google Inc, 1600 Amphitheatre Parkway, Mountain View, CA 94043, Vereinigte Staaten (&#8222;Google&#8220;).<\/span><\/p>\n<p><span style=\"font-weight: 400;\">Im Rahmen von Google AdWords nutzen wir das sogenannte Conversion-Tracking. Wenn Sie auf eine von Google geschaltete Anzeige klicken, wird ein Cookie f\u00fcr das Conversion-Tracking gesetzt. Cookies sind kleine Textdateien, die der Internet-Browser auf dem Computer des Nutzers speichert. Diese Cookies verlieren nach 30 Tagen ihre G\u00fcltigkeit und werden nicht zur pers\u00f6nlichen Identifizierung des Nutzers verwendet. Wenn der Nutzer bestimmte Seiten dieser Website besucht und das Cookie noch nicht abgelaufen ist, k\u00f6nnen Google und wir erkennen, dass der Nutzer auf die Anzeige geklickt hat und zu dieser Seite weitergeleitet wurde.<\/span><\/p>\n<p><span style=\"font-weight: 400;\">Jeder Google AdWords-Kunde erh\u00e4lt ein anderes Cookie. Die Cookies k\u00f6nnen auf den Websites der AdWords-Kunden nicht nachverfolgt werden. Die mithilfe des Conversion-Cookies gewonnenen Informationen werden verwendet, um Conversion-Statistiken f\u00fcr AdWords-Kunden zu erstellen, die sich f\u00fcr das Conversion-Tracking entschieden haben. Kunden erfahren die Gesamtzahl der Nutzer, die auf ihre Anzeige geklickt haben und zu einer mit einem Conversion-Tracking-Tag versehenen Seite weitergeleitet wurden. Sie erhalten jedoch keine Informationen, die den Nutzer pers\u00f6nlich identifizieren. Wenn Sie nicht am Tracking teilnehmen m\u00f6chten, k\u00f6nnen Sie dieser Nutzung widersprechen, indem Sie das Google-Conversion-Tracking-Cookie einfach \u00fcber Ihren Internetbrowser in den Benutzereinstellungen deaktivieren. Sie werden dann nicht in die Conversion-Tracking-Statistiken aufgenommen.<\/span><\/p>\n<p><span style=\"font-weight: 400;\">Die Speicherung von &#8222;Conversion-Cookies&#8220; erfolgt auf Grundlage von Art. 6 (1) lit. f DSGVO. Der Website-Betreiber hat ein berechtigtes Interesse an der Analyse des Nutzerverhaltens, um sowohl seine Website als auch seine Werbung zu optimieren.<\/span><\/p>\n<p><span style=\"font-weight: 400;\">Weitere Informationen zu Google AdWords und Google Conversion Tracking finden Sie in den Datenschutzbestimmungen von Google: <\/span><a href=\"https:\/\/www.google.de\/policies\/privacy\/.\">\n  <span style=\"font-weight: 400;\">https:\/\/www.google.de\/policies\/privacy\/.<\/span>\n<\/a><\/p>\n<p><span style=\"font-weight: 400;\">Sie k\u00f6nnen Ihren Browser so einstellen, dass Sie \u00fcber das Setzen von Cookies informiert werden und Cookies nur im Einzelfall erlauben, die Annahme von Cookies f\u00fcr bestimmte F\u00e4lle oder generell ausschlie\u00dfen sowie das automatische L\u00f6schen der Cookies beim Schlie\u00dfen des Browser aktivieren. Wenn Sie Cookies deaktivieren, kann die Funktionalit\u00e4t dieser Website eingeschr\u00e4nkt sein.<\/span><\/p>\n<p> <\/p>\n<p><b>Google Maps<\/b><\/p>\n<p><span style=\"font-weight: 400;\">Diese Website nutzt den Kartendienst Google Maps \u00fcber eine API. Der Anbieter ist Google Inc, 1600 Amphitheatre Parkway, Mountain View, CA 94043, USA.<\/span><\/p>\n<p><span style=\"font-weight: 400;\">Um die Funktionen von Google Maps nutzen zu k\u00f6nnen, ist es notwendig, Ihre IP-Adresse zu speichern. Diese Informationen werden in der Regel an einen Server von Google in den USA \u00fcbertragen und dort gespeichert. Der Anbieter dieser Seite hat keinen Einfluss auf diese Daten\u00fcbertragung. Die Nutzung von Google Maps erfolgt im Interesse einer ansprechenden Darstellung unserer Online-Angebote und einer leichten Auffindbarkeit der von uns auf der Website angegebenen Orte. Dies stellt ein berechtigtes Interesse im Sinne von Art. 6 Abs. 1 Lit. f DSGVO.<\/span><\/p>\n<p><span style=\"font-weight: 400;\">Weitere Informationen \u00fcber den Umgang mit Nutzerdaten finden Sie in den Datenschutzbestimmungen von Google: <\/span><a href=\"https:\/\/www.google.de\/intl\/de\/policies\/privacy\/.\">\n  <span style=\"font-weight: 400;\">https:\/\/www.google.de\/intl\/de\/policies\/privacy\/.<\/span>\n<\/a><\/p>\n<p> <\/p>\n<p><b>Leadfeeder<\/b><\/p>\n<p><span style=\"font-weight: 400;\">Auf unserer Homepage verwenden wir Leadfeeder Tracker, um gesch\u00e4ftsbezogene Informationen zu verfolgen.  <\/span><\/p>\n<p><span style=\"font-weight: 400;\">Leadfeeder Tracker sammelt Daten in unserer Amazon Web Services Infrastruktur. Alle Daten werden bei der \u00dcbertragung und im Ruhezustand verschl\u00fcsselt. Leadfeeder sammelt die Verhaltensdaten aller Website-Besucher. Dazu geh\u00f6ren: aufgerufene Seiten, Herkunft der Besucher und Verweildauer auf der Website. Die IP-Adresse des Besuchers wird erfasst, um das Unternehmen und den geografischen Standort zu ermitteln. Alle Besuchsdaten werden auf Unternehmensebene aggregiert. Leadfeeder reichert diese Unternehmensdaten auch mit Kontaktdaten von Personen aus \u00f6ffentlich zug\u00e4nglichen Datenquellen an.  <\/span><\/p>\n<p><span style=\"font-weight: 400;\">Der Leadfeeder-Tracker f\u00fcgt ein Besucher-Cookie hinzu. Dieser Cookie hei\u00dft _lfa und hat ein Verfallsdatum von zwei Jahren ab dem Zeitpunkt, an dem er erstmals gesetzt wurde. Das Cookie wird nur f\u00fcr die Dom\u00e4ne der Website gesetzt, Leadfeeder verwendet keine Cookies von Dritten.<\/span><\/p>\n<p><span style=\"font-weight: 400;\">Weitere Informationen zum Umgang mit Kontaktdaten finden Sie in den Datenschutzbestimmungen von Leadfeeder:  <\/span><\/p>\n<p><a href=\"https:\/\/www.leadfeeder.com\/privacy-leadfeeder-contacts\/\"><span style=\"font-weight: 400;\">https:\/\/www.leadfeeder.com\/privacy-leadfeeder-contacts\/<\/span><\/a><\/p>\n<p> <\/p>\n<p><b>Hubspot<\/b><\/p>\n<p><span style=\"font-weight: 400;\">Wenn Sie uns per Kontaktformular Anfragen zukommen lassen, werden Ihre Angaben aus dem Anfrageformular inklusive der von Ihnen dort angegebenen Kontaktdaten zwecks Bearbeitung der Anfrage und f\u00fcr den Fall von Anschlussfragen bei uns per E-Mail und in Hubspot gespeichert. Hubspot sammelt Verhaltensdaten von Besuchern, die ein Kontaktformular abgeschickt haben. Dazu geh\u00f6ren die Herkunft der Besucher und die Seitenbesuche, um die Kommunikation zu verbessern. Diese Daten geben wir nicht ohne Ihre Zustimmung weiter.<\/span><\/p>\n<p><span style=\"font-weight: 400;\">Die Verarbeitung der in das Kontaktformular eingegebenen Daten erfolgt daher ausschlie\u00dflich auf Grundlage Ihrer Einwilligung (Art. 6 Abs. 1 lit. a DSGVO). Sie k\u00f6nnen diese Einwilligung jederzeit widerrufen. Zu diesem Zweck gen\u00fcgt eine formlose Mitteilung per E-Mail an uns. Die Rechtm\u00e4\u00dfigkeit der bis zum Widerruf erfolgten Datenverarbeitungsvorg\u00e4nge bleibt vom Widerruf unber\u00fchrt.<\/span><\/p>\n<p><span style=\"font-weight: 400;\">Die von Ihnen in das Kontaktformular eingegebenen Daten verbleiben bei uns, bis Sie uns zur L\u00f6schung auffordern, Ihre Einwilligung zur Speicherung widerrufen oder der Zweck f\u00fcr die Datenspeicherung entf\u00e4llt (z.B. nach Abschluss der Bearbeitung Ihrer Anfrage). Zwingende gesetzliche Bestimmungen &#8211; insbesondere Aufbewahrungsfristen &#8211; bleiben davon unber\u00fchrt.<\/span><\/p>\n<p> <\/p>\n<h3><b>Welche Rechte Sie an Ihren Daten haben<\/b><\/h3>\n<p><span style=\"font-weight: 400;\">Wenn Sie ein Konto auf dieser Website haben oder Kommentare hinterlassen haben, k\u00f6nnen Sie eine exportierte Datei mit den personenbezogenen Daten anfordern, die wir \u00fcber Sie gespeichert haben, einschlie\u00dflich aller Daten, die Sie uns zur Verf\u00fcgung gestellt haben. Sie k\u00f6nnen auch verlangen, dass wir die \u00fcber Sie gespeicherten personenbezogenen Daten l\u00f6schen. Davon ausgenommen sind Daten, die wir aus verwaltungstechnischen, rechtlichen oder sicherheitsrelevanten Gr\u00fcnden aufbewahren m\u00fcssen.<\/span><\/p>\n<p> <\/p>\n<h2><b>Kontaktinformationen<\/b><\/h2>\n<p><b>Customer Obsessing Consulting <\/b><\/p>\n<p><span style=\"background-color: var(--bg_color); font-size: var(--body_typography-font-size); font-style: var(--body_typography-font-style,normal); letter-spacing: var(--body_typography-letter-spacing);\">Hermannstra\u00dfe 13<\/span><\/p>\n<p><span style=\"background-color: var(--bg_color); font-size: var(--body_typography-font-size); font-style: var(--body_typography-font-style,normal); letter-spacing: var(--body_typography-letter-spacing);\">20095 Hamburg, Deutschland<\/span><\/p>\n<p><span style=\"font-weight: 400;\">Vertreten durch unsere CEO Amy Downs<\/span><\/p>\n<p><a href=\"tel:004940226343090\"><span style=\"font-weight: 400;\">+49 40 2263430 90<\/span><\/a><\/p>\n<p><a href=\"mailto:hello@customerobsessing.com\"><span style=\"font-weight: 400;\">hello@customerobsessing.com<\/span><\/a><\/p>\n<p><\/p>\t\t\t\t\t\t<\/div>\n\t\t\t\t<\/div>\n\t\t\t\t\t<\/div>\n\t\t<\/div>\n\t\t\t\t\t<\/div>\n\t\t<\/section>\n\t\t\t\t<\/div>\n\t\t","protected":false},"excerpt":{"rendered":"<p>Wer wir sind Unsere Website-Adresse lautet: https:\/\/www.customerobsessing.com\/ Welche pers\u00f6nlichen Daten wir sammeln und warum wir sie sammeln Kommentare Wenn Besucher Kommentare auf der Website hinterlassen, erfassen wir die im Kommentarformular [&hellip;]<\/p>\n","protected":false},"author":5,"featured_media":0,"parent":0,"menu_order":0,"comment_status":"closed","ping_status":"closed","template":"","meta":{"content-type":"","_monsterinsights_skip_tracking":false,"_monsterinsights_sitenote_active":false,"_monsterinsights_sitenote_note":"","_monsterinsights_sitenote_category":0,"footnotes":""},"class_list":["post-2204","page","type-page","status-publish","hentry"],"aioseo_notices":[],"_links":{"self":[{"href":"https:\/\/www.customerobsessing.com\/de\/wp-json\/wp\/v2\/pages\/2204","targetHints":{"allow":["GET"]}}],"collection":[{"href":"https:\/\/www.customerobsessing.com\/de\/wp-json\/wp\/v2\/pages"}],"about":[{"href":"https:\/\/www.customerobsessing.com\/de\/wp-json\/wp\/v2\/types\/page"}],"author":[{"embeddable":true,"href":"https:\/\/www.customerobsessing.com\/de\/wp-json\/wp\/v2\/users\/5"}],"replies":[{"embeddable":true,"href":"https:\/\/www.customerobsessing.com\/de\/wp-json\/wp\/v2\/comments?post=2204"}],"version-history":[{"count":0,"href":"https:\/\/www.customerobsessing.com\/de\/wp-json\/wp\/v2\/pages\/2204\/revisions"}],"wp:attachment":[{"href":"https:\/\/www.customerobsessing.com\/de\/wp-json\/wp\/v2\/media?parent=2204"}],"curies":[{"name":"wp","href":"https:\/\/api.w.org\/{rel}","templated":true}]}}