{"id":2209,"date":"2023-02-06T09:00:56","date_gmt":"2023-02-06T09:00:56","guid":{"rendered":"https:\/\/www.customerobsessing.com\/ueber\/"},"modified":"2023-08-04T19:23:57","modified_gmt":"2023-08-04T19:23:57","slug":"ueber-uns","status":"publish","type":"page","link":"https:\/\/www.customerobsessing.com\/de\/ueber-uns\/","title":{"rendered":"\u00dcber uns"},"content":{"rendered":"\t\t<div data-elementor-type=\"wp-page\" data-elementor-id=\"2209\" class=\"elementor elementor-2209 elementor-1278\" data-elementor-post-type=\"page\">\n\t\t\t\t<div class=\"elementor-element elementor-element-769ead35 e-flex e-con-boxed e-con e-parent\" data-id=\"769ead35\" data-element_type=\"container\" data-settings=\"{&quot;background_background&quot;:&quot;classic&quot;}\">\n\t\t\t\t\t<div class=\"e-con-inner\">\n\t\t<div class=\"elementor-element elementor-element-2ebde118 e-con-full e-flex e-con e-parent\" data-id=\"2ebde118\" data-element_type=\"container\">\n\t\t\t\t<div class=\"elementor-element elementor-element-7ff2a7b8 elementor-widget elementor-widget-text-editor\" data-id=\"7ff2a7b8\" data-element_type=\"widget\" data-widget_type=\"text-editor.default\">\n\t\t\t\t<div class=\"elementor-widget-container\">\n\t\t\t\t\t\t\t<p>Bei Customer Obsessing Consulting bieten wir strategische Beratung und operative Unterst\u00fctzung an, um Ihr Unternehmen durch Kundenorientierung wachsen zu lassen. Unser einzigartiges\u00a0<span style=\"text-decoration: underline;\"><a href=\"https:\/\/www.customerobsessing.com\/de\/?page_id=2193\">Customer Obsession Framework<\/a><\/span> bildet eine solide Wissensbasis,\u00a0welches wir f\u00fcr die individuellen Bed\u00fcrfnisse und Gegebenheiten unserer Kunden gestalten und anpassen.<\/p><p>In den letzten 20 Jahren haben wir erfolgreich Unternehmen dabei geholfen branchenf\u00fchrende Ums\u00e4tze, Net Retention und Net Promoter Scores zu erreichen. Wir haben unser Framework so skaliert, dass es erfolgreich einen j\u00e4hrlichen wiederkehrenden Umsatz von bis zu 1 Milliarde US-Dollar unterst\u00fctzen konnte. Hierf\u00fcr wurden wir mit zwei Gold Stevie Awards ausgezeichnet. Heute nutzen wir unser umfassendes Fachwissen, um Ihr Unternehmen durch erstklassigen, kundenorientierten Service zum Marktf\u00fchrer zu machen und langfristig herausragende finanzielle Ergebnisse zu liefern.\u00a0<\/p>\t\t\t\t\t\t<\/div>\n\t\t\t\t<\/div>\n\t\t\t\t<\/div>\n\t\t<div class=\"elementor-element elementor-element-9dd3b39 e-con-full e-flex e-con e-parent\" data-id=\"9dd3b39\" data-element_type=\"container\">\n\t\t\t\t<div class=\"elementor-element elementor-element-fa365cc elementor-hidden-tablet elementor-hidden-mobile elementor-invisible elementor-widget elementor-widget-image\" data-id=\"fa365cc\" data-element_type=\"widget\" data-settings=\"{&quot;_animation&quot;:&quot;zoomIn&quot;}\" data-widget_type=\"image.default\">\n\t\t\t\t<div class=\"elementor-widget-container\">\n\t\t\t\t\t\t\t\t\t\t\t\t\t<img decoding=\"async\" src=\"https:\/\/www.customerobsessing.com\/wp-content\/uploads\/2023\/07\/Customer-Obsessing-Teresa-2.jpg\" title=\"\" alt=\"\" loading=\"lazy\" \/>\t\t\t\t\t\t\t\t\t\t\t\t\t<\/div>\n\t\t\t\t<\/div>\n\t\t\t\t<\/div>\n\t\t\t\t\t<\/div>\n\t\t\t\t<\/div>\n\t\t<div class=\"elementor-element elementor-element-145de613 e-flex e-con-boxed e-con e-parent\" data-id=\"145de613\" data-element_type=\"container\" data-settings=\"{&quot;background_background&quot;:&quot;classic&quot;}\">\n\t\t\t\t\t<div class=\"e-con-inner\">\n\t\t<div class=\"elementor-element elementor-element-2560f377 e-con-full elementor-hidden-mobile e-flex e-con e-parent\" data-id=\"2560f377\" data-element_type=\"container\">\n\t\t\t\t<div class=\"elementor-element elementor-element-72046a05 elementor-invisible elementor-widget elementor-widget-image\" data-id=\"72046a05\" data-element_type=\"widget\" data-settings=\"{&quot;_animation&quot;:&quot;fadeIn&quot;}\" data-widget_type=\"image.default\">\n\t\t\t\t<div class=\"elementor-widget-container\">\n\t\t\t\t\t\t\t\t\t\t\t\t\t<img fetchpriority=\"high\" decoding=\"async\" width=\"999\" height=\"999\" src=\"https:\/\/www.customerobsessing.com\/wp-content\/uploads\/2023\/07\/CSmadeinGermany.png\" class=\"attachment-full size-full wp-image-2031\" alt=\"Customer Obsessing - CS made in Germany\" srcset=\"https:\/\/www.customerobsessing.com\/wp-content\/uploads\/2023\/07\/CSmadeinGermany-66x66.png 66w, https:\/\/www.customerobsessing.com\/wp-content\/uploads\/2023\/07\/CSmadeinGermany-200x200.png 200w, https:\/\/www.customerobsessing.com\/wp-content\/uploads\/2023\/07\/CSmadeinGermany-300x300.png 300w, https:\/\/www.customerobsessing.com\/wp-content\/uploads\/2023\/07\/CSmadeinGermany-400x400.png 400w, https:\/\/www.customerobsessing.com\/wp-content\/uploads\/2023\/07\/CSmadeinGermany-600x600.png 600w, https:\/\/www.customerobsessing.com\/wp-content\/uploads\/2023\/07\/CSmadeinGermany-768x768.png 768w, https:\/\/www.customerobsessing.com\/wp-content\/uploads\/2023\/07\/CSmadeinGermany-800x800.png 800w, https:\/\/www.customerobsessing.com\/wp-content\/uploads\/2023\/07\/CSmadeinGermany.png 999w\" sizes=\"(max-width: 999px) 100vw, 999px\" \/>\t\t\t\t\t\t\t\t\t\t\t\t\t<\/div>\n\t\t\t\t<\/div>\n\t\t\t\t<div class=\"elementor-element elementor-element-6be53d4b elementor-invisible elementor-widget elementor-widget-image\" data-id=\"6be53d4b\" data-element_type=\"widget\" data-settings=\"{&quot;_animation&quot;:&quot;fadeIn&quot;,&quot;_animation_delay&quot;:200}\" data-widget_type=\"image.default\">\n\t\t\t\t<div class=\"elementor-widget-container\">\n\t\t\t\t\t\t\t\t\t\t\t\t\t<img decoding=\"async\" src=\"https:\/\/www.customerobsessing.com\/wp-content\/uploads\/2023\/07\/Customer-Obsessing-Amy-Teresa-.jpg\" title=\"\" alt=\"\" loading=\"lazy\" \/>\t\t\t\t\t\t\t\t\t\t\t\t\t<\/div>\n\t\t\t\t<\/div>\n\t\t\t\t<\/div>\n\t\t<div class=\"elementor-element elementor-element-63b81025 e-con-full elementor-hidden-mobile e-flex e-con e-parent\" data-id=\"63b81025\" data-element_type=\"container\">\n\t\t\t\t<div class=\"elementor-element elementor-element-410b8322 elementor-invisible elementor-widget elementor-widget-image\" data-id=\"410b8322\" data-element_type=\"widget\" data-settings=\"{&quot;_animation&quot;:&quot;fadeIn&quot;,&quot;_animation_delay&quot;:400}\" data-widget_type=\"image.default\">\n\t\t\t\t<div class=\"elementor-widget-container\">\n\t\t\t\t\t\t\t\t\t\t\t\t\t<img decoding=\"async\" src=\"https:\/\/www.customerobsessing.com\/wp-content\/uploads\/2023\/07\/Customer-Obsessing-Team-3.jpg\" title=\"\" alt=\"\" loading=\"lazy\" \/>\t\t\t\t\t\t\t\t\t\t\t\t\t<\/div>\n\t\t\t\t<\/div>\n\t\t\t\t<div class=\"elementor-element elementor-element-3ee8903b elementor-invisible elementor-widget elementor-widget-image\" data-id=\"3ee8903b\" data-element_type=\"widget\" data-settings=\"{&quot;_animation&quot;:&quot;fadeIn&quot;,&quot;_animation_delay&quot;:600}\" data-widget_type=\"image.default\">\n\t\t\t\t<div class=\"elementor-widget-container\">\n\t\t\t\t\t\t\t\t\t\t\t\t\t<img decoding=\"async\" width=\"512\" height=\"512\" src=\"https:\/\/www.customerobsessing.com\/wp-content\/uploads\/2023\/01\/cropped-CO_SiteIcon.png\" class=\"attachment-large size-large wp-image-1999\" alt=\"Customer Obsessing Logo Icon\" srcset=\"https:\/\/www.customerobsessing.com\/wp-content\/uploads\/2023\/01\/cropped-CO_SiteIcon-32x32.png 32w, https:\/\/www.customerobsessing.com\/wp-content\/uploads\/2023\/01\/cropped-CO_SiteIcon-66x66.png 66w, https:\/\/www.customerobsessing.com\/wp-content\/uploads\/2023\/01\/cropped-CO_SiteIcon-150x150.png 150w, https:\/\/www.customerobsessing.com\/wp-content\/uploads\/2023\/01\/cropped-CO_SiteIcon-180x180.png 180w, https:\/\/www.customerobsessing.com\/wp-content\/uploads\/2023\/01\/cropped-CO_SiteIcon-192x192.png 192w, https:\/\/www.customerobsessing.com\/wp-content\/uploads\/2023\/01\/cropped-CO_SiteIcon-200x200.png 200w, https:\/\/www.customerobsessing.com\/wp-content\/uploads\/2023\/01\/cropped-CO_SiteIcon-270x270.png 270w, https:\/\/www.customerobsessing.com\/wp-content\/uploads\/2023\/01\/cropped-CO_SiteIcon-300x300.png 300w, https:\/\/www.customerobsessing.com\/wp-content\/uploads\/2023\/01\/cropped-CO_SiteIcon-400x400.png 400w, https:\/\/www.customerobsessing.com\/wp-content\/uploads\/2023\/01\/cropped-CO_SiteIcon.png 512w\" sizes=\"(max-width: 512px) 100vw, 512px\" \/>\t\t\t\t\t\t\t\t\t\t\t\t\t<\/div>\n\t\t\t\t<\/div>\n\t\t\t\t<\/div>\n\t\t<div class=\"elementor-element elementor-element-496539fc e-con-full e-flex e-con e-parent\" data-id=\"496539fc\" data-element_type=\"container\">\n\t\t\t\t<div class=\"elementor-element elementor-element-2be6f2b elementor-widget elementor-widget-text-editor\" data-id=\"2be6f2b\" data-element_type=\"widget\" data-widget_type=\"text-editor.default\">\n\t\t\t\t<div class=\"elementor-widget-container\">\n\t\t\t\t\t\t\t<p><strong><span style=\"color: #73318a;\">Unsere Vision<\/span><\/strong><\/p><p><span style=\"text-align: var(--text-align); font-style: var(--body_typography-font-style,normal); letter-spacing: var(--body_typography-letter-spacing);\">Kundenorientierung in jeder Organization auf der Welt zu etablieren<\/span><\/p><p><span style=\"text-align: var(--text-align); font-style: var(--body_typography-font-style,normal); letter-spacing: var(--body_typography-letter-spacing);\"><span style=\"font-weight: bold; color: #73318a;\">Unsere Mission<\/span><\/span><\/p><p>Wir versetzen Organisationen in die Lage, ihren Wert zu maximieren, indem wir alle Beteiligten durch die Idee der Kundenzentrierung verbinden.<\/p><p><strong><span style=\"color: #73318a;\">Unsere Philosophie<\/span><\/strong><\/p><p>Unser Ziel ist es, Organisationen durch Kundenzentrierung erfolgreich zu machen! Dabei arbeiten wir eng an Ihrer Seite, um einen ma\u00dfgeschneiderten Ansatz zu entwickeln und individuelle L\u00f6sungen umzusetzen, die optimal zu Ihrem Unternehmen passen.<\/p><p>Als erfahrene Experten im Aufbau herausragender Kundenservice Teams, liegt unser Fokus darauf Ihnen und Ihren Teams innovative und motivierende Perspektiven zu bieten. Uns verbindet unser Enthusiasmus daf\u00fcr Kunden zu begeistern, und wir m\u00f6chten Ihre Organisationen mit dieser Energie befl\u00fcgeln. Unsere Leidenschaft ist es Potenziale zu erkennen und sie voll auszusch\u00f6pfen. Deshalb basiert unsere Beratungsarbeit auf einem kooperativen Ansatz, der stets alle relevanten Stakeholder einbezieht.\u00a0<\/p><p>Wir glauben, dass das Geheimnis des Aufbaus eines gro\u00dfartigen und dauerhaften Unternehmens kein Hexenwerk ist. Ein gro\u00dfartiges Produkt gepaart mit erstklassigem Service sind die beiden Grundpfeiler. Wir m\u00f6chten eine nachhaltig positive Wirkung auf Ihre Organisation erzielen, indem wir gemeinsam mit Ihnen Ver\u00e4nderungen entwickeln und umsetzen!<\/p>\t\t\t\t\t\t<\/div>\n\t\t\t\t<\/div>\n\t\t\t\t<\/div>\n\t\t\t\t\t<\/div>\n\t\t\t\t<\/div>\n\t\t\t\t<section class=\"elementor-section elementor-top-section elementor-element elementor-element-6a7a36f elementor-section-stretched elementor-section-boxed elementor-section-height-default elementor-section-height-default\" data-id=\"6a7a36f\" data-element_type=\"section\" data-settings=\"{&quot;stretch_section&quot;:&quot;section-stretched&quot;,&quot;background_background&quot;:&quot;classic&quot;}\">\n\t\t\t\t\t\t<div class=\"elementor-container elementor-column-gap-default\">\n\t\t\t\t\t<div class=\"elementor-column elementor-col-50 elementor-top-column elementor-element elementor-element-a6fc8e2\" data-id=\"a6fc8e2\" data-element_type=\"column\" data-settings=\"{&quot;background_background&quot;:&quot;classic&quot;}\">\n\t\t\t<div class=\"elementor-widget-wrap elementor-element-populated\">\n\t\t\t\t\t\t<div class=\"elementor-element elementor-element-0a4a467 elementor-widget elementor-widget-spacer\" data-id=\"0a4a467\" data-element_type=\"widget\" data-widget_type=\"spacer.default\">\n\t\t\t\t<div class=\"elementor-widget-container\">\n\t\t\t\t\t<div class=\"elementor-spacer\">\n\t\t\t<div class=\"elementor-spacer-inner\"><\/div>\n\t\t<\/div>\n\t\t\t\t<\/div>\n\t\t\t\t<\/div>\n\t\t\t\t<div class=\"elementor-element elementor-element-c1c225b elementor-widget elementor-widget-heading\" data-id=\"c1c225b\" data-element_type=\"widget\" data-widget_type=\"heading.default\">\n\t\t\t\t<div class=\"elementor-widget-container\">\n\t\t\t<h3 class=\"elementor-heading-title elementor-size-large\">Unser Arbeitsansatz<\/h3>\t\t<\/div>\n\t\t\t\t<\/div>\n\t\t\t\t<div class=\"elementor-element elementor-element-5edd29d elementor-widget elementor-widget-spacer\" data-id=\"5edd29d\" data-element_type=\"widget\" data-widget_type=\"spacer.default\">\n\t\t\t\t<div class=\"elementor-widget-container\">\n\t\t\t\t\t<div class=\"elementor-spacer\">\n\t\t\t<div class=\"elementor-spacer-inner\"><\/div>\n\t\t<\/div>\n\t\t\t\t<\/div>\n\t\t\t\t<\/div>\n\t\t\t\t<div class=\"elementor-element elementor-element-8abfcec elementor-widget elementor-widget-spacer\" data-id=\"8abfcec\" data-element_type=\"widget\" data-widget_type=\"spacer.default\">\n\t\t\t\t<div class=\"elementor-widget-container\">\n\t\t\t\t\t<div class=\"elementor-spacer\">\n\t\t\t<div class=\"elementor-spacer-inner\"><\/div>\n\t\t<\/div>\n\t\t\t\t<\/div>\n\t\t\t\t<\/div>\n\t\t\t\t<div class=\"elementor-element elementor-element-613fd63 elementor-position-left elementor-view-default elementor-mobile-position-top elementor-vertical-align-top elementor-widget elementor-widget-icon-box\" data-id=\"613fd63\" data-element_type=\"widget\" data-widget_type=\"icon-box.default\">\n\t\t\t\t<div class=\"elementor-widget-container\">\n\t\t\t\t\t<div class=\"elementor-icon-box-wrapper\">\n\n\t\t\t\t\t\t<div class=\"elementor-icon-box-icon\">\n\t\t\t\t<span  class=\"elementor-icon elementor-animation-\">\n\t\t\t\t<i aria-hidden=\"true\" class=\"fas fa-search\"><\/i>\t\t\t\t<\/span>\n\t\t\t<\/div>\n\t\t\t\n\t\t\t\t\t\t<div class=\"elementor-icon-box-content\">\n\n\t\t\t\t\t\t\t\t\t<h3 class=\"elementor-icon-box-title\">\n\t\t\t\t\t\t<span  >\n\t\t\t\t\t\t\tANALYSE\t\t\t\t\t\t<\/span>\n\t\t\t\t\t<\/h3>\n\t\t\t\t\n\t\t\t\t\t\t\t\t\t<p class=\"elementor-icon-box-description\">\n\t\t\t\t\t\tWir h\u00f6ren uns das Feedback Ihres Unternehmens und Ihrer Kunden an und verstehen es, um aktuelle L\u00fccken zu identifizieren. Durch eine weitergehende Analyse der Menschen, Systeme und Prozesse entlang der Customer Journey verstehen wir Ihren derzeitigen Ansatz im Umgang mit Kunden.  \t\t\t\t\t<\/p>\n\t\t\t\t\n\t\t\t<\/div>\n\t\t\t\n\t\t<\/div>\n\t\t\t\t<\/div>\n\t\t\t\t<\/div>\n\t\t\t\t<div class=\"elementor-element elementor-element-40a75d6 elementor-position-left elementor-view-default elementor-mobile-position-top elementor-vertical-align-top elementor-widget elementor-widget-icon-box\" data-id=\"40a75d6\" data-element_type=\"widget\" data-widget_type=\"icon-box.default\">\n\t\t\t\t<div class=\"elementor-widget-container\">\n\t\t\t\t\t<div class=\"elementor-icon-box-wrapper\">\n\n\t\t\t\t\t\t<div class=\"elementor-icon-box-icon\">\n\t\t\t\t<span  class=\"elementor-icon elementor-animation-\">\n\t\t\t\t<i aria-hidden=\"true\" class=\"fab fa-react\"><\/i>\t\t\t\t<\/span>\n\t\t\t<\/div>\n\t\t\t\n\t\t\t\t\t\t<div class=\"elementor-icon-box-content\">\n\n\t\t\t\t\t\t\t\t\t<h3 class=\"elementor-icon-box-title\">\n\t\t\t\t\t\t<span  >\n\t\t\t\t\t\t\tBERATUNG\t\t\t\t\t\t<\/span>\n\t\t\t\t\t<\/h3>\n\t\t\t\t\n\t\t\t\t\t\t\t\t\t<p class=\"elementor-icon-box-description\">\n\t\t\t\t\t\tWir entwickeln und liefern einen Plan, der auf Ihre spezifischen Bed\u00fcrfnisse zugeschnitten ist, und arbeiten Hand in Hand mit Ihren Teams, um einen Ansatz zu entwickeln, der f\u00fcr Ihr Unternehmen am besten funktioniert.  \t\t\t\t\t<\/p>\n\t\t\t\t\n\t\t\t<\/div>\n\t\t\t\n\t\t<\/div>\n\t\t\t\t<\/div>\n\t\t\t\t<\/div>\n\t\t\t\t<div class=\"elementor-element elementor-element-49575f7 elementor-position-left elementor-view-default elementor-mobile-position-top elementor-vertical-align-top elementor-widget elementor-widget-icon-box\" data-id=\"49575f7\" data-element_type=\"widget\" data-widget_type=\"icon-box.default\">\n\t\t\t\t<div class=\"elementor-widget-container\">\n\t\t\t\t\t<div class=\"elementor-icon-box-wrapper\">\n\n\t\t\t\t\t\t<div class=\"elementor-icon-box-icon\">\n\t\t\t\t<span  class=\"elementor-icon elementor-animation-\">\n\t\t\t\t<i aria-hidden=\"true\" class=\"far fa-check-circle\"><\/i>\t\t\t\t<\/span>\n\t\t\t<\/div>\n\t\t\t\n\t\t\t\t\t\t<div class=\"elementor-icon-box-content\">\n\n\t\t\t\t\t\t\t\t\t<h3 class=\"elementor-icon-box-title\">\n\t\t\t\t\t\t<span  >\n\t\t\t\t\t\t\tAUSF\u00dcHRUNG\t\t\t\t\t\t<\/span>\n\t\t\t\t\t<\/h3>\n\t\t\t\t\n\t\t\t\t\t\t\t\t\t<p class=\"elementor-icon-box-description\">\n\t\t\t\t\t\tWir schlagen einen unternehmensweiten Roll-out-Ansatz vor und unterst\u00fctzen Ihr Team dabei, das Customer Obsession Framework funktions\u00fcbergreifend zu implementieren und zu leben.\t\t\t\t\t<\/p>\n\t\t\t\t\n\t\t\t<\/div>\n\t\t\t\n\t\t<\/div>\n\t\t\t\t<\/div>\n\t\t\t\t<\/div>\n\t\t\t\t<div class=\"elementor-element elementor-element-40ac4f7 elementor-widget elementor-widget-spacer\" data-id=\"40ac4f7\" data-element_type=\"widget\" data-widget_type=\"spacer.default\">\n\t\t\t\t<div class=\"elementor-widget-container\">\n\t\t\t\t\t<div class=\"elementor-spacer\">\n\t\t\t<div class=\"elementor-spacer-inner\"><\/div>\n\t\t<\/div>\n\t\t\t\t<\/div>\n\t\t\t\t<\/div>\n\t\t\t\t\t<\/div>\n\t\t<\/div>\n\t\t\t\t<div class=\"elementor-column elementor-col-50 elementor-top-column elementor-element elementor-element-9639fed elementor-hidden-mobile\" data-id=\"9639fed\" data-element_type=\"column\" data-settings=\"{&quot;background_background&quot;:&quot;classic&quot;}\">\n\t\t\t<div class=\"elementor-widget-wrap elementor-element-populated\">\n\t\t\t\t\t\t<div class=\"elementor-element elementor-element-6c09b96 elementor-hidden-mobile elementor-widget elementor-widget-image\" data-id=\"6c09b96\" data-element_type=\"widget\" data-widget_type=\"image.default\">\n\t\t\t\t<div class=\"elementor-widget-container\">\n\t\t\t\t\t\t\t\t\t\t\t\t\t<img decoding=\"async\" src=\"https:\/\/www.customerobsessing.com\/wp-content\/uploads\/2023\/07\/Customer-Obsessing-Amy-Teresa-3.jpg\" title=\"\" alt=\"\" loading=\"lazy\" \/>\t\t\t\t\t\t\t\t\t\t\t\t\t<\/div>\n\t\t\t\t<\/div>\n\t\t\t\t\t<\/div>\n\t\t<\/div>\n\t\t\t\t\t<\/div>\n\t\t<\/section>\n\t\t<div class=\"elementor-element elementor-element-f9c84bc e-flex e-con-boxed e-con e-parent\" data-id=\"f9c84bc\" data-element_type=\"container\" data-settings=\"{&quot;background_background&quot;:&quot;classic&quot;}\">\n\t\t\t\t\t<div class=\"e-con-inner\">\n\t\t\t\t<div class=\"elementor-element elementor-element-2ae0cbd elementor-widget elementor-widget-heading\" data-id=\"2ae0cbd\" data-element_type=\"widget\" data-widget_type=\"heading.default\">\n\t\t\t\t<div class=\"elementor-widget-container\">\n\t\t\t<h1 class=\"elementor-heading-title elementor-size-large\">Erfahren Sie mehr \u00fcber Customer Obsessing Consulting<\/h1>\t\t<\/div>\n\t\t\t\t<\/div>\n\t\t\t\t\t<\/div>\n\t\t\t\t<\/div>\n\t\t<div class=\"elementor-element elementor-element-ee2881b e-flex e-con-boxed e-con e-parent\" data-id=\"ee2881b\" data-element_type=\"container\" data-settings=\"{&quot;background_background&quot;:&quot;classic&quot;}\">\n\t\t\t\t\t<div class=\"e-con-inner\">\n\t\t<div class=\"elementor-element elementor-element-8f2afd5 e-con-full e-flex e-con e-parent\" data-id=\"8f2afd5\" data-element_type=\"container\" data-settings=\"{&quot;background_background&quot;:&quot;classic&quot;}\">\n\t\t\t\t<div class=\"elementor-element elementor-element-1443dbb elementor-widget elementor-widget-heading\" data-id=\"1443dbb\" data-element_type=\"widget\" data-widget_type=\"heading.default\">\n\t\t\t\t<div class=\"elementor-widget-container\">\n\t\t\t<h2 class=\"elementor-heading-title elementor-size-large\">Wie wir arbeiten<\/h2>\t\t<\/div>\n\t\t\t\t<\/div>\n\t\t\t\t<div class=\"elementor-element elementor-element-af0e88d elementor-align-center elementor-widget elementor-widget-button\" data-id=\"af0e88d\" data-element_type=\"widget\" data-widget_type=\"button.default\">\n\t\t\t\t<div class=\"elementor-widget-container\">\n\t\t\t\t\t<div class=\"elementor-button-wrapper\">\n\t\t\t<a class=\"elementor-button elementor-button-link elementor-size-sm elementor-animation-grow\" href=\"https:\/\/www.customerobsessing.com\/de\/?page_id=2193\">\n\t\t\t\t\t\t<span class=\"elementor-button-content-wrapper\">\n\t\t\t\t\t\t\t\t\t<span class=\"elementor-button-text\">Unser Customer Obsession Framework<\/span>\n\t\t\t\t\t<\/span>\n\t\t\t\t\t<\/a>\n\t\t<\/div>\n\t\t\t\t<\/div>\n\t\t\t\t<\/div>\n\t\t\t\t<\/div>\n\t\t<div class=\"elementor-element elementor-element-48cca8a e-con-full e-flex e-con e-parent\" data-id=\"48cca8a\" data-element_type=\"container\" data-settings=\"{&quot;background_background&quot;:&quot;classic&quot;}\">\n\t\t\t\t<div class=\"elementor-element elementor-element-17a8d1b elementor-widget elementor-widget-heading\" data-id=\"17a8d1b\" data-element_type=\"widget\" data-widget_type=\"heading.default\">\n\t\t\t\t<div class=\"elementor-widget-container\">\n\t\t\t<h2 class=\"elementor-heading-title elementor-size-large\">Mit wem wir gearbeitet haben<\/h2>\t\t<\/div>\n\t\t\t\t<\/div>\n\t\t\t\t<div class=\"elementor-element elementor-element-31e6a6d elementor-align-center elementor-widget elementor-widget-button\" data-id=\"31e6a6d\" data-element_type=\"widget\" data-widget_type=\"button.default\">\n\t\t\t\t<div class=\"elementor-widget-container\">\n\t\t\t\t\t<div class=\"elementor-button-wrapper\">\n\t\t\t<a class=\"elementor-button elementor-button-link elementor-size-sm elementor-animation-grow\" href=\"https:\/\/www.customerobsessing.com\/de\/?page_id=2196\">\n\t\t\t\t\t\t<span class=\"elementor-button-content-wrapper\">\n\t\t\t\t\t\t\t\t\t<span class=\"elementor-button-text\">Unsere Kunden<\/span>\n\t\t\t\t\t<\/span>\n\t\t\t\t\t<\/a>\n\t\t<\/div>\n\t\t\t\t<\/div>\n\t\t\t\t<\/div>\n\t\t\t\t<\/div>\n\t\t<div class=\"elementor-element elementor-element-a0c8bd1 e-con-full e-flex e-con e-parent\" data-id=\"a0c8bd1\" data-element_type=\"container\" data-settings=\"{&quot;background_background&quot;:&quot;classic&quot;}\">\n\t\t\t\t<div class=\"elementor-element elementor-element-fa49f97 elementor-widget elementor-widget-heading\" data-id=\"fa49f97\" data-element_type=\"widget\" data-widget_type=\"heading.default\">\n\t\t\t\t<div class=\"elementor-widget-container\">\n\t\t\t<h2 class=\"elementor-heading-title elementor-size-large\">Mit wem wir zusammenarbeiten<\/h2>\t\t<\/div>\n\t\t\t\t<\/div>\n\t\t\t\t<div class=\"elementor-element elementor-element-9937798 elementor-align-center elementor-widget elementor-widget-button\" data-id=\"9937798\" data-element_type=\"widget\" data-widget_type=\"button.default\">\n\t\t\t\t<div class=\"elementor-widget-container\">\n\t\t\t\t\t<div class=\"elementor-button-wrapper\">\n\t\t\t<a class=\"elementor-button elementor-button-link elementor-size-sm elementor-animation-grow\" href=\"https:\/\/www.customerobsessing.com\/de\/?page_id=2172\">\n\t\t\t\t\t\t<span class=\"elementor-button-content-wrapper\">\n\t\t\t\t\t\t\t\t\t<span class=\"elementor-button-text\">Unsere Partner<\/span>\n\t\t\t\t\t<\/span>\n\t\t\t\t\t<\/a>\n\t\t<\/div>\n\t\t\t\t<\/div>\n\t\t\t\t<\/div>\n\t\t\t\t<\/div>\n\t\t\t\t\t<\/div>\n\t\t\t\t<\/div>\n\t\t\t\t<\/div>\n\t\t","protected":false},"excerpt":{"rendered":"<p>[fusion_builder_container type=&#8220;flex&#8220; hundred_percent=&#8220;no&#8220; equal_height_columns=&#8220;no&#8220; menu_anchor=&#8220;&#8220; hide_on_mobile=&#8220;small-visibility,medium-visibility,large-visibility&#8220; class=&#8220;&#8220; id=&#8220;&#8220; background_color=&#8220;&#8220; background_image=&#8220;&#8220; background_position=&#8220;center center&#8220; background_repeat=&#8220;no-repeat&#8220; fade=&#8220;no&#8220; background_parallax=&#8220;none&#8220; parallax_speed=&#8220;0.3&#8243; video_mp4=&#8220;&#8220; video_webm=&#8220;&#8220; video_ogv=&#8220;&#8220; video_url=&#8220;&#8220; video_aspect_ratio=&#8220;16:9&#8243; video_loop=&#8220;yes&#8220; video_mute=&#8220;yes&#8220; overlay_color=&#8220;&#8220; video_preview_image=&#8220;&#8220; border_color=&#8220;&#8220; border_style=&#8220;solid&#8220; padding_top=&#8220;&#8220; padding_bottom=&#8220;&#8220; padding_left=&#8220;&#8220; [&hellip;]<\/p>\n","protected":false},"author":5,"featured_media":0,"parent":0,"menu_order":0,"comment_status":"closed","ping_status":"closed","template":"","meta":{"content-type":"","_monsterinsights_skip_tracking":false,"_monsterinsights_sitenote_active":false,"_monsterinsights_sitenote_note":"","_monsterinsights_sitenote_category":0,"footnotes":""},"class_list":["post-2209","page","type-page","status-publish","hentry"],"aioseo_notices":[],"_links":{"self":[{"href":"https:\/\/www.customerobsessing.com\/de\/wp-json\/wp\/v2\/pages\/2209","targetHints":{"allow":["GET"]}}],"collection":[{"href":"https:\/\/www.customerobsessing.com\/de\/wp-json\/wp\/v2\/pages"}],"about":[{"href":"https:\/\/www.customerobsessing.com\/de\/wp-json\/wp\/v2\/types\/page"}],"author":[{"embeddable":true,"href":"https:\/\/www.customerobsessing.com\/de\/wp-json\/wp\/v2\/users\/5"}],"replies":[{"embeddable":true,"href":"https:\/\/www.customerobsessing.com\/de\/wp-json\/wp\/v2\/comments?post=2209"}],"version-history":[{"count":0,"href":"https:\/\/www.customerobsessing.com\/de\/wp-json\/wp\/v2\/pages\/2209\/revisions"}],"wp:attachment":[{"href":"https:\/\/www.customerobsessing.com\/de\/wp-json\/wp\/v2\/media?parent=2209"}],"curies":[{"name":"wp","href":"https:\/\/api.w.org\/{rel}","templated":true}]}}