{"id":2212,"date":"2023-05-16T14:26:38","date_gmt":"2023-05-16T14:26:38","guid":{"rendered":"https:\/\/www.customerobsessing.com\/ausbildung-und-workshops\/"},"modified":"2023-08-04T19:20:33","modified_gmt":"2023-08-04T19:20:33","slug":"ausbildung-und-workshops","status":"publish","type":"page","link":"https:\/\/www.customerobsessing.com\/de\/ausbildung-und-workshops\/","title":{"rendered":"Schulungen und Workshops"},"content":{"rendered":"\t\t<div data-elementor-type=\"wp-page\" data-elementor-id=\"2212\" class=\"elementor elementor-2212 elementor-1408\" data-elementor-post-type=\"page\">\n\t\t\t\t<div class=\"elementor-element elementor-element-769ead35 e-flex e-con-boxed e-con e-parent\" data-id=\"769ead35\" data-element_type=\"container\" data-settings=\"{&quot;background_background&quot;:&quot;classic&quot;}\">\n\t\t\t\t\t<div class=\"e-con-inner\">\n\t\t<div class=\"elementor-element elementor-element-2ebde118 e-con-full e-flex e-con e-parent\" data-id=\"2ebde118\" data-element_type=\"container\">\n\t\t\t\t<div class=\"elementor-element elementor-element-7ff2a7b8 elementor-widget elementor-widget-text-editor\" data-id=\"7ff2a7b8\" data-element_type=\"widget\" data-widget_type=\"text-editor.default\">\n\t\t\t\t<div class=\"elementor-widget-container\">\n\t\t\t\t\t\t\t<p>St\u00e4rken Sie Ihr Team mit den richtigen F\u00e4higkeiten und Kenntnissen und steigern Sie das Engagement, die Effizienz und den Kundennutzen Ihrer Mitarbeiter.<\/p>\n\t\t\t\t\t\t<\/div>\n\t\t\t\t<\/div>\n\t\t\t\t<\/div>\n\t\t<div class=\"elementor-element elementor-element-dbe0753 e-con-full e-flex e-con e-parent\" data-id=\"dbe0753\" data-element_type=\"container\">\n\t\t\t\t<div class=\"elementor-element elementor-element-2c31ee1 elementor-invisible elementor-widget elementor-widget-image\" data-id=\"2c31ee1\" data-element_type=\"widget\" data-settings=\"{&quot;_animation&quot;:&quot;zoomIn&quot;}\" data-widget_type=\"image.default\">\n\t\t\t\t<div class=\"elementor-widget-container\">\n\t\t\t\t\t\t\t\t\t\t\t\t\t<img decoding=\"async\" src=\"https:\/\/www.customerobsessing.com\/wp-content\/uploads\/elementor\/thumbs\/02.28-Review-qb36xh2d8r4a8feb9djf3z0ulklhxbqw4e5i533vrc.jpg\" title=\"02.28 Review\" alt=\"Teresa G\u00f6stenmeier from Customer Obsessing - Training &amp; Workshops\" loading=\"lazy\" \/>\t\t\t\t\t\t\t\t\t\t\t\t\t<\/div>\n\t\t\t\t<\/div>\n\t\t\t\t<\/div>\n\t\t\t\t\t<\/div>\n\t\t\t\t<\/div>\n\t\t<div class=\"elementor-element elementor-element-02f4a4e e-flex e-con-boxed e-con e-parent\" data-id=\"02f4a4e\" data-element_type=\"container\">\n\t\t\t\t\t<div class=\"e-con-inner\">\n\t\t<div class=\"elementor-element elementor-element-9423a76 e-con-full e-flex e-con e-parent\" data-id=\"9423a76\" data-element_type=\"container\">\n\t\t\t\t<div class=\"elementor-element elementor-element-93ebdbb elementor-widget elementor-widget-heading\" data-id=\"93ebdbb\" data-element_type=\"widget\" data-widget_type=\"heading.default\">\n\t\t\t\t<div class=\"elementor-widget-container\">\n\t\t\t<h2 class=\"elementor-heading-title elementor-size-large\">Customer Success-Schulungen &amp; individuelle Workshops, um das volle Potenzial Ihres Teams auszusch\u00f6pfen!<\/h2>\t\t<\/div>\n\t\t\t\t<\/div>\n\t\t\t\t<div class=\"elementor-element elementor-element-b59eeed elementor-widget elementor-widget-text-editor\" data-id=\"b59eeed\" data-element_type=\"widget\" data-widget_type=\"text-editor.default\">\n\t\t\t\t<div class=\"elementor-widget-container\">\n\t\t\t\t\t\t\t<p><span style=\"font-weight: 400;\">Unser Ziel ist es, Sie und Ihr Team mit den wesentlichen F\u00e4higkeiten und Kenntnissen auszustatten, die Sie ben\u00f6tigen, um in dem sich st\u00e4ndig weiterentwickelnden Gesch\u00e4ftsumfeld von heute erfolgreich zu sein. Wir bieten nicht nur <a href=\"https:\/\/www.customerobsessing.com\/de\/coaching-und-mentoring\/\">1:1-Coaching<\/a> f\u00fcr die individuelle Entwicklung, sondern auch ein umfangreiches Angebot an Workshops und Schulungsprogrammen. Diese sind auf die unterschiedlichen Bed\u00fcrfnisse von Customer Success Managern und Serviceteammitgliedern auf allen Ebenen zugeschnitten. Von grundlegenden F\u00e4higkeiten bis hin zu fortgeschrittenen Techniken sind Sie bei uns genau richtig! <\/span><\/p>\n<p><span style=\"font-weight: 400;\">In allen Schritten unserer Beratungsprojekte verfolgen wir einen kollaborativen Ansatz, um sowohl Ihre F\u00fchrungs- als auch Ihre Teammitglieder dabei zu unterst\u00fctzen, ma\u00dfgeschneiderte L\u00f6sungen zu entwickeln! Wir sind fest davon \u00fcberzeugt, dass Schulungen und Workshops ein wertvoller Teil eines ganzheitlichen Ver\u00e4nderungsprozesses sind und Organisationen dabei helfen, F\u00e4higkeiten aufzubauen, Zusammenarbeit zu f\u00f6rdern und kontinuierliches Wachstum und Verbesserung voranzutreiben.<\/span><\/p>\n\t\t\t\t\t\t<\/div>\n\t\t\t\t<\/div>\n\t\t\t\t<\/div>\n\t\t\t\t\t<\/div>\n\t\t\t\t<\/div>\n\t\t<div class=\"elementor-element elementor-element-4df4500 e-flex e-con-boxed e-con e-parent\" data-id=\"4df4500\" data-element_type=\"container\" data-settings=\"{&quot;background_background&quot;:&quot;classic&quot;}\">\n\t\t\t\t\t<div class=\"e-con-inner\">\n\t\t\t\t<div class=\"elementor-element elementor-element-b561c9a elementor-widget elementor-widget-heading\" data-id=\"b561c9a\" data-element_type=\"widget\" data-widget_type=\"heading.default\">\n\t\t\t\t<div class=\"elementor-widget-container\">\n\t\t\t<h2 class=\"elementor-heading-title elementor-size-large\">Unsere Workshops decken von Soft Skills \u00fcber technische F\u00e4higkeiten bis hin zu ma\u00dfgeschneiderten L\u00f6sungen alles ab<\/h2>\t\t<\/div>\n\t\t\t\t<\/div>\n\t\t\t\t\t<\/div>\n\t\t\t\t<\/div>\n\t\t<div class=\"elementor-element elementor-element-33ab7158 e-flex e-con-boxed e-con e-parent\" data-id=\"33ab7158\" data-element_type=\"container\" data-settings=\"{&quot;background_background&quot;:&quot;classic&quot;}\">\n\t\t\t\t\t<div class=\"e-con-inner\">\n\t\t\t\t<div class=\"elementor-element elementor-element-26397e7e elementor-cta--layout-image-right elementor-cta--mobile-layout-image-above elementor-cta--valign-middle elementor-cta--skin-classic elementor-animated-content elementor-bg-transform elementor-bg-transform-zoom-in elementor-widget elementor-widget-call-to-action\" data-id=\"26397e7e\" data-element_type=\"widget\" data-widget_type=\"call-to-action.default\">\n\t\t\t\t<div class=\"elementor-widget-container\">\n\t\t\t\t\t<div class=\"elementor-cta\">\n\t\t\t\t\t<div class=\"elementor-cta__bg-wrapper\">\n\t\t\t\t<div class=\"elementor-cta__bg elementor-bg\" style=\"background-image: url(https:\/\/www.customerobsessing.com\/wp-content\/uploads\/2023\/07\/Customer-Obsessing-Amy-4.jpg);\" role=\"img\" aria-label=\"Amy Downs from Customer Obsessing\"><\/div>\n\t\t\t\t<div class=\"elementor-cta__bg-overlay\"><\/div>\n\t\t\t<\/div>\n\t\t\t\t\t\t\t<div class=\"elementor-cta__content\">\n\t\t\t\t\t\t\t\t\t<div class=\"elementor-content-item elementor-cta__content-item elementor-icon-wrapper elementor-cta__icon elementor-view-default\">\n\t\t\t\t\t\t<div class=\"elementor-icon\">\n\t\t\t\t\t\t\t<i aria-hidden=\"true\" class=\"fas fa-shapes\"><\/i>\t\t\t\t\t\t<\/div>\n\t\t\t\t\t<\/div>\n\t\t\t\t\n\t\t\t\t\t\t\t\t\t<h2 class=\"elementor-cta__title elementor-cta__content-item elementor-content-item\">\n\t\t\t\t\t\tBeispielhafte Workshopformate\t\t\t\t\t<\/h2>\n\t\t\t\t\n\t\t\t\t\t\t\t\t\t<div class=\"elementor-cta__description elementor-cta__content-item elementor-content-item\">\n\t\t\t\t\t\t<p><b>Soft Skills-Workshop<br \/>\n<br \/><\/b>Bef\u00e4higung ganzer Teams oder Organisationen zu einer besseren internen und externen Kommunikation mit Einf\u00fchlungsverm\u00f6gen, Gesch\u00e4ftssinn und Effizienz<\/p>\n<p> <b>Bedarfsermittlung\/Gapanalyse<br \/>\n<br \/><\/b>Wir arbeiten mit Ihren Teams zusammen, die Ihre aktuellen St\u00e4rken bestens kennen, um die wichtigsten Wachstumsbereiche zu identifizieren.<\/p>\n<p> <b>Prozessgestaltung und -entwicklung<br \/><\/b><br \/>\nWir brinngen alle internen Stakeholder zusammen, um die am besten geeigneten Prozesse zu entwickeln, die ein herausragendes Kundenerlebnis schaffen \u2013 von Customer Journey, \u00dcbergaberichtlinien, Engagementregeln bis hin zu Eskalationsprozessen<\/p>\n\t\t\t\t\t<\/div>\n\t\t\t\t\n\t\t\t\t\t\t\t<\/div>\n\t\t\t\t\t\t<\/div>\n\t\t\t\t<\/div>\n\t\t\t\t<\/div>\n\t\t\t\t<div class=\"elementor-element elementor-element-151aad55 elementor-cta--layout-image-left elementor-cta--mobile-layout-image-above elementor-cta--skin-classic elementor-animated-content elementor-bg-transform elementor-bg-transform-zoom-in elementor-widget elementor-widget-call-to-action\" data-id=\"151aad55\" data-element_type=\"widget\" data-widget_type=\"call-to-action.default\">\n\t\t\t\t<div class=\"elementor-widget-container\">\n\t\t\t\t\t<div class=\"elementor-cta\">\n\t\t\t\t\t<div class=\"elementor-cta__bg-wrapper\">\n\t\t\t\t<div class=\"elementor-cta__bg elementor-bg\" style=\"background-image: url(https:\/\/www.customerobsessing.com\/wp-content\/uploads\/2023\/07\/Customer-Obsessing-Team-2.jpg);\" role=\"img\" aria-label=\"Teresa G\u00f6stenmeier, Sally St\u00f6we and Amy Downs from Customer Obsessing\"><\/div>\n\t\t\t\t<div class=\"elementor-cta__bg-overlay\"><\/div>\n\t\t\t<\/div>\n\t\t\t\t\t\t\t<div class=\"elementor-cta__content\">\n\t\t\t\t\t\t\t\t\t<div class=\"elementor-content-item elementor-cta__content-item elementor-icon-wrapper elementor-cta__icon elementor-view-default\">\n\t\t\t\t\t\t<div class=\"elementor-icon\">\n\t\t\t\t\t\t\t<i aria-hidden=\"true\" class=\"fab fa-creative-commons-share\"><\/i>\t\t\t\t\t\t<\/div>\n\t\t\t\t\t<\/div>\n\t\t\t\t\n\t\t\t\t\t\t\t\t\t<h2 class=\"elementor-cta__title elementor-cta__content-item elementor-content-item\">\n\t\t\t\t\t\tBeispielhafte Lernfelder\t\t\t\t\t<\/h2>\n\t\t\t\t\n\t\t\t\t\t\t\t\t\t<div class=\"elementor-cta__description elementor-cta__content-item elementor-content-item\">\n\t\t\t\t\t\t<p>Effiziente und einf\u00fchlsame Kommunikation<\/p>\n<p>Emotionale Intelligenz<\/strong><\/p>\n<p>Kundenorientierte Denkweise<\/p>\n<p>Probleml\u00f6sung<\/p>\n<p>F\u00fchrungsqualit\u00e4ten<\/p>\n<p>Tatkraft und Gesch\u00e4ftssinn<\/p>\n\t\t\t\t\t<\/div>\n\t\t\t\t\n\t\t\t\t\t\t\t<\/div>\n\t\t\t\t\t\t<\/div>\n\t\t\t\t<\/div>\n\t\t\t\t<\/div>\n\t\t\t\t\t<\/div>\n\t\t\t\t<\/div>\n\t\t<div class=\"elementor-element elementor-element-9f6c35b e-flex e-con-boxed e-con e-parent\" data-id=\"9f6c35b\" data-element_type=\"container\" data-settings=\"{&quot;background_background&quot;:&quot;classic&quot;}\">\n\t\t\t\t\t<div class=\"e-con-inner\">\n\t\t<div class=\"elementor-element elementor-element-40136ac1 e-con-full e-flex e-con e-parent\" data-id=\"40136ac1\" data-element_type=\"container\">\n\t\t\t\t<div class=\"elementor-element elementor-element-38d4965 elementor-widget elementor-widget-heading\" data-id=\"38d4965\" data-element_type=\"widget\" data-widget_type=\"heading.default\">\n\t\t\t\t<div class=\"elementor-widget-container\">\n\t\t\t<h3 class=\"elementor-heading-title elementor-size-large\">Ma\u00dfgeschneiderte Customer Success-Schulungen f\u00fcr Ihre individuellen Bed\u00fcrfnisse und Herausforderungen<\/h3>\t\t<\/div>\n\t\t\t\t<\/div>\n\t\t\t\t<div class=\"elementor-element elementor-element-325c8ea6 elementor-widget elementor-widget-text-editor\" data-id=\"325c8ea6\" data-element_type=\"widget\" data-widget_type=\"text-editor.default\">\n\t\t\t\t<div class=\"elementor-widget-container\">\n\t\t\t\t\t\t\t<p><span style=\"font-weight: 400;\">Unsere Customer Success-Schulungen sollen Einzelpersonen und Teams dabei helfen, die F\u00e4higkeiten und Kompetenzen zu erwerben, die sie f\u00fcr ihre Aufgaben ben\u00f6tigen. Unser Training zeichnet sich durch seine Flexibilit\u00e4t und Anpassungsf\u00e4higkeit aus. Wir sind uns bewusst, dass jedes Unternehmen und jedes Team seine eigenen Bed\u00fcrfnisse und Herausforderungen hat, weshalb wir einen ma\u00dfgeschneiderten Schulungsansatz anbieten. <\/span><\/p>\n<p><span style=\"font-weight: 400;\">Unsere Ausbilder arbeiten eng mit jedem Team zusammen, um dessen St\u00e4rken und Schw\u00e4chen zu ermitteln und dann ein Programm zu entwickeln, das auf diese speziellen Bed\u00fcrfnisse eingeht. Dieser Ansatz stellt sicher, dass jeder Teilnehmer den gr\u00f6\u00dftm\u00f6glichen Nutzen aus der Schulung zieht und mit den F\u00e4higkeiten und Kenntnissen ausgestattet wird, die er f\u00fcr die Aus\u00fcbung seiner Rolle ben\u00f6tigt. Ob es um die Entwicklung von Soft Skills wie Kommunikation und Einf\u00fchlungsverm\u00f6gen oder um technische F\u00e4higkeiten wie Datenanalyse und Kundenfeedback geht, unsere Schulungen k\u00f6nnen auf die spezifischen Bed\u00fcrfnisse Ihres Teams zugeschnitten werden.<\/span><\/p>\n\t\t\t\t\t\t<\/div>\n\t\t\t\t<\/div>\n\t\t\t\t<\/div>\n\t\t<div class=\"elementor-element elementor-element-2128e403 e-con-full e-flex e-con e-parent\" data-id=\"2128e403\" data-element_type=\"container\">\n\t\t\t\t<div class=\"elementor-element elementor-element-1b2e0ecd elementor-widget__width-inherit elementor-widget elementor-widget-hubspot-form\" data-id=\"1b2e0ecd\" data-element_type=\"widget\" data-widget_type=\"hubspot-form.default\">\n\t\t\t\t<div class=\"elementor-widget-container\">\n\t\t\t\n\t\t\t\t\t<script>\n\t\t\t\t\t\twindow.hsFormsOnReady = window.hsFormsOnReady || [];\n\t\t\t\t\t\twindow.hsFormsOnReady.push(()=>{\n\t\t\t\t\t\t\thbspt.forms.create({\n\t\t\t\t\t\t\t\tportalId: 6809303,\n\t\t\t\t\t\t\t\tformId: \"bb4e6c24-ab9d-472d-818c-1365cb90dc68\",\n\t\t\t\t\t\t\t\ttarget: \"#hbspt-form-1777549804000-1855228940\",\n\t\t\t\t\t\t\t\tregion: \"na1\",\n\t\t\t\t\t\t\t\t\n\t\t\t\t\t\t})});\n\t\t\t\t\t<\/script>\n\t\t\t\t\t<div class=\"hbspt-form\" id=\"hbspt-form-1777549804000-1855228940\"><\/div>\t\t<\/div>\n\t\t\t\t<\/div>\n\t\t\t\t<\/div>\n\t\t\t\t\t<\/div>\n\t\t\t\t<\/div>\n\t\t\t\t<\/div>\n\t\t","protected":false},"excerpt":{"rendered":"<p>[fusion_builder_container type=&#8220;flex&#8220; hundred_percent=&#8220;no&#8220; equal_height_columns=&#8220;no&#8220; menu_anchor=&#8220;&#8220; hide_on_mobile=&#8220;small-visibility,medium-visibility,large-visibility&#8220; class=&#8220;&#8220; id=&#8220;&#8220; background_color=&#8220;&#8220; background_image=&#8220;&#8220; background_position=&#8220;center center&#8220; background_repeat=&#8220;no-repeat&#8220; fade=&#8220;no&#8220; background_parallax=&#8220;none&#8220; parallax_speed=&#8220;0.3&#8243; video_mp4=&#8220;&#8220; video_webm=&#8220;&#8220; video_ogv=&#8220;&#8220; video_url=&#8220;&#8220; video_aspect_ratio=&#8220;16:9&#8243; video_loop=&#8220;yes&#8220; video_mute=&#8220;yes&#8220; overlay_color=&#8220;&#8220; video_preview_image=&#8220;&#8220; border_color=&#8220;&#8220; border_style=&#8220;solid&#8220; padding_top=&#8220;&#8220; padding_bottom=&#8220;&#8220; padding_left=&#8220;&#8220; [&hellip;]<\/p>\n","protected":false},"author":5,"featured_media":0,"parent":0,"menu_order":0,"comment_status":"closed","ping_status":"closed","template":"","meta":{"content-type":"","_monsterinsights_skip_tracking":false,"_monsterinsights_sitenote_active":false,"_monsterinsights_sitenote_note":"","_monsterinsights_sitenote_category":0,"footnotes":""},"class_list":["post-2212","page","type-page","status-publish","hentry"],"aioseo_notices":[],"_links":{"self":[{"href":"https:\/\/www.customerobsessing.com\/de\/wp-json\/wp\/v2\/pages\/2212","targetHints":{"allow":["GET"]}}],"collection":[{"href":"https:\/\/www.customerobsessing.com\/de\/wp-json\/wp\/v2\/pages"}],"about":[{"href":"https:\/\/www.customerobsessing.com\/de\/wp-json\/wp\/v2\/types\/page"}],"author":[{"embeddable":true,"href":"https:\/\/www.customerobsessing.com\/de\/wp-json\/wp\/v2\/users\/5"}],"replies":[{"embeddable":true,"href":"https:\/\/www.customerobsessing.com\/de\/wp-json\/wp\/v2\/comments?post=2212"}],"version-history":[{"count":0,"href":"https:\/\/www.customerobsessing.com\/de\/wp-json\/wp\/v2\/pages\/2212\/revisions"}],"wp:attachment":[{"href":"https:\/\/www.customerobsessing.com\/de\/wp-json\/wp\/v2\/media?parent=2212"}],"curies":[{"name":"wp","href":"https:\/\/api.w.org\/{rel}","templated":true}]}}