{"id":2215,"date":"2023-05-08T12:42:22","date_gmt":"2023-05-08T12:42:22","guid":{"rendered":"https:\/\/www.customerobsessing.com\/engagement-und-erfahrung-der-mitarbeiter\/"},"modified":"2023-08-16T12:52:51","modified_gmt":"2023-08-16T12:52:51","slug":"mitarbeiterengagement","status":"publish","type":"page","link":"https:\/\/www.customerobsessing.com\/de\/mitarbeiterengagement\/","title":{"rendered":"Mitarbeiterengagement &#038; Employee Experience"},"content":{"rendered":"\t\t<div data-elementor-type=\"wp-page\" data-elementor-id=\"2215\" class=\"elementor elementor-2215 elementor-1385\" data-elementor-post-type=\"page\">\n\t\t\t\t<div class=\"elementor-element elementor-element-5de8c912 e-flex e-con-boxed e-con e-parent\" data-id=\"5de8c912\" data-element_type=\"container\" data-settings=\"{&quot;background_background&quot;:&quot;classic&quot;}\">\n\t\t\t\t\t<div class=\"e-con-inner\">\n\t\t<div class=\"elementor-element elementor-element-7d218e24 e-con-full elementor-hidden-tablet elementor-hidden-mobile e-flex e-con e-parent\" data-id=\"7d218e24\" data-element_type=\"container\">\n\t\t\t\t<div class=\"elementor-element elementor-element-1a0022b2 elementor-invisible elementor-widget elementor-widget-image\" data-id=\"1a0022b2\" data-element_type=\"widget\" data-settings=\"{&quot;_animation&quot;:&quot;fadeIn&quot;}\" data-widget_type=\"image.default\">\n\t\t\t\t<div class=\"elementor-widget-container\">\n\t\t\t\t\t\t\t\t\t\t\t\t\t<img fetchpriority=\"high\" decoding=\"async\" width=\"512\" height=\"512\" src=\"https:\/\/www.customerobsessing.com\/wp-content\/uploads\/2023\/06\/team-1.svg\" class=\"attachment-large size-large wp-image-2025\" alt=\"Mitarbeiter Engagement\" \/>\t\t\t\t\t\t\t\t\t\t\t\t\t<\/div>\n\t\t\t\t<\/div>\n\t\t\t\t<div class=\"elementor-element elementor-element-365d445b elementor-widget__width-auto elementor-absolute elementor-invisible elementor-widget elementor-widget-image\" data-id=\"365d445b\" data-element_type=\"widget\" data-settings=\"{&quot;_position&quot;:&quot;absolute&quot;,&quot;_animation&quot;:&quot;fadeIn&quot;,&quot;_animation_delay&quot;:200}\" data-widget_type=\"image.default\">\n\t\t\t\t<div class=\"elementor-widget-container\">\n\t\t\t\t\t\t\t\t\t\t\t\t\t<img decoding=\"async\" width=\"300\" height=\"300\" src=\"https:\/\/www.customerobsessing.com\/wp-content\/uploads\/2023\/06\/team-1.svg\" class=\"attachment-thumbnail size-thumbnail wp-image-2025\" alt=\"Mitarbeiter Engagement\" \/>\t\t\t\t\t\t\t\t\t\t\t\t\t<\/div>\n\t\t\t\t<\/div>\n\t\t\t\t<\/div>\n\t\t<div class=\"elementor-element elementor-element-3df983d3 e-con-full e-flex e-con e-parent\" data-id=\"3df983d3\" data-element_type=\"container\">\n\t\t\t\t<div class=\"elementor-element elementor-element-6632133b elementor-widget elementor-widget-text-editor\" data-id=\"6632133b\" data-element_type=\"widget\" data-widget_type=\"text-editor.default\">\n\t\t\t\t<div class=\"elementor-widget-container\">\n\t\t\t\t\t\t\t<p><span style=\"font-weight: 400;\">Unternehmen, die <span class=\"WdYUQQ\">ihre Mitarbeiter in den Mittelpunkt stellen, gewinnen<\/span>!<\/span><\/p>\n\t\t\t\t\t\t<\/div>\n\t\t\t\t<\/div>\n\t\t\t\t<div class=\"elementor-element elementor-element-dff3a36 elementor-align-left elementor-mobile-align-center elementor-tablet-align-center elementor-widget__width-inherit elementor-widget elementor-widget-button\" data-id=\"dff3a36\" data-element_type=\"widget\" data-widget_type=\"button.default\">\n\t\t\t\t<div class=\"elementor-widget-container\">\n\t\t\t\t\t<div class=\"elementor-button-wrapper\">\n\t\t\t<a class=\"elementor-button elementor-button-link elementor-size-sm\" href=\"#Mitarbeiter\">\n\t\t\t\t\t\t<span class=\"elementor-button-content-wrapper\">\n\t\t\t\t\t\t\t\t\t<span class=\"elementor-button-text\">Los gehts!<\/span>\n\t\t\t\t\t<\/span>\n\t\t\t\t\t<\/a>\n\t\t<\/div>\n\t\t\t\t<\/div>\n\t\t\t\t<\/div>\n\t\t\t\t<\/div>\n\t\t\t\t\t<\/div>\n\t\t\t\t<\/div>\n\t\t<div class=\"elementor-element elementor-element-848d45f e-flex e-con-boxed e-con e-parent\" data-id=\"848d45f\" data-element_type=\"container\">\n\t\t\t\t\t<div class=\"e-con-inner\">\n\t\t\t\t<div class=\"elementor-element elementor-element-3eec2e0 elementor-widget elementor-widget-menu-anchor\" data-id=\"3eec2e0\" data-element_type=\"widget\" data-widget_type=\"menu-anchor.default\">\n\t\t\t\t<div class=\"elementor-widget-container\">\n\t\t\t\t\t<div class=\"elementor-menu-anchor\" id=\"Mitarbeiter\"><\/div>\n\t\t\t\t<\/div>\n\t\t\t\t<\/div>\n\t\t\t\t<div class=\"elementor-element elementor-element-a552f52 elementor-widget elementor-widget-heading\" data-id=\"a552f52\" data-element_type=\"widget\" data-widget_type=\"heading.default\">\n\t\t\t\t<div class=\"elementor-widget-container\">\n\t\t\t<h1 class=\"elementor-heading-title elementor-size-large\">Investieren Sie in Mitarbeiterengagement und Employee Experience, um sich abzuheben<\/h1>\t\t<\/div>\n\t\t\t\t<\/div>\n\t\t\t\t<div class=\"elementor-element elementor-element-e177416 elementor-widget elementor-widget-text-editor\" data-id=\"e177416\" data-element_type=\"widget\" data-widget_type=\"text-editor.default\">\n\t\t\t\t<div class=\"elementor-widget-container\">\n\t\t\t\t\t\t\t<p><span style=\"font-weight: 400;\">Es ist weithin anerkannt, dass die Kundentreue f\u00fcr den Erfolg eines jeden Unternehmens entscheidend ist. <\/span><span style=\"font-weight: 400;\">Wie kann sich Ihr Unternehmen also von der Masse abheben und einen treuen Kundenstamm aufbauen, in einer Welt, in der es so viele M\u00f6glichkeiten f\u00fcr Kunden gibt? Einer der Schl\u00fcsselfaktoren, der Sie auszeichnet, ist die <a href=\"https:\/\/www.customerobsessing.com\/de\/?page_id=2195\">Kultur<\/a>, die Sie f\u00fcr Ihre Mitarbeiter schaffen. <\/span><\/p>\n<p><strong>Es ist ganz einfach: Zufriedene Mitarbeiter sind der Schl\u00fcssel zur Zufriedenheit der Kunden. Deshalb lohnt es sich, in das Mitarbeiterengagement und die Employee Expereience zu investieren.<\/strong><\/p>\n<ul>\n<li><span style=\"font-weight: 400;\"><span style=\"font-weight: 400;\">Durch ihre Leistung und ihr Verhalten gegen\u00fcber den Kunden sind Ihre Teammitglieder die wichtigsten Repr\u00e4sentanten des Unternehmens. Sie sind die wichtigste Anlaufstelle f\u00fcr Ihr Unternehmen im direkten Kundenkontakt.\n<p><\/span><\/span><\/li>\n<li><span style=\"font-weight: 400;\"><span style=\"font-weight: 400;\">Wenn Sie in die Erfahrung und das Engagement Ihrer Mitarbeiter investieren, k\u00f6nnen Sie eine produktivere, loyalere und motiviertere Belegschaft schaffen, die einen hervorragenden Kundenservice bietet und die Kundenbindung f\u00f6rdert.\n<p><\/span><\/span><\/li>\n<li><span style=\"font-weight: 400;\">Diese positive Energie und der Enthusiasmus sind ansteckend und k\u00f6nnen sich auf die Kunden \u00fcbertragen, so dass sie mit gr\u00f6\u00dferer Wahrscheinlichkeit wiederkommen und das Unternehmen weiter empfehlen.<\/span><\/li>\n<\/ul>\n\t\t\t\t\t\t<\/div>\n\t\t\t\t<\/div>\n\t\t\t\t\t<\/div>\n\t\t\t\t<\/div>\n\t\t<div class=\"elementor-element elementor-element-6b044fe e-flex e-con-boxed e-con e-parent\" data-id=\"6b044fe\" data-element_type=\"container\">\n\t\t\t\t\t<div class=\"e-con-inner\">\n\t\t<div class=\"elementor-element elementor-element-db8ac6d e-con-full e-flex e-con e-parent\" data-id=\"db8ac6d\" data-element_type=\"container\" data-settings=\"{&quot;background_background&quot;:&quot;classic&quot;}\">\n\t\t\t\t<div class=\"elementor-element elementor-element-f882a67 elementor-widget__width-inherit elementor-widget elementor-widget-image\" data-id=\"f882a67\" data-element_type=\"widget\" data-widget_type=\"image.default\">\n\t\t\t\t<div class=\"elementor-widget-container\">\n\t\t\t\t\t\t\t\t\t\t\t\t\t<img decoding=\"async\" width=\"768\" height=\"642\" src=\"https:\/\/www.customerobsessing.com\/wp-content\/uploads\/2023\/07\/Mitarbeiterengagement-Kundenengagement-Erfolg-e1690188533246-768x642.png\" class=\"attachment-medium_large size-medium_large wp-image-2129\" alt=\"Mitarbeiterengagement, Kundenengagement, Erfolg\" srcset=\"https:\/\/www.customerobsessing.com\/wp-content\/uploads\/2023\/07\/Mitarbeiterengagement-Kundenengagement-Erfolg-e1690188533246-200x167.png 200w, https:\/\/www.customerobsessing.com\/wp-content\/uploads\/2023\/07\/Mitarbeiterengagement-Kundenengagement-Erfolg-e1690188533246-300x251.png 300w, https:\/\/www.customerobsessing.com\/wp-content\/uploads\/2023\/07\/Mitarbeiterengagement-Kundenengagement-Erfolg-e1690188533246-400x334.png 400w, https:\/\/www.customerobsessing.com\/wp-content\/uploads\/2023\/07\/Mitarbeiterengagement-Kundenengagement-Erfolg-e1690188533246-600x501.png 600w, https:\/\/www.customerobsessing.com\/wp-content\/uploads\/2023\/07\/Mitarbeiterengagement-Kundenengagement-Erfolg-e1690188533246-768x642.png 768w, https:\/\/www.customerobsessing.com\/wp-content\/uploads\/2023\/07\/Mitarbeiterengagement-Kundenengagement-Erfolg-e1690188533246-800x669.png 800w, https:\/\/www.customerobsessing.com\/wp-content\/uploads\/2023\/07\/Mitarbeiterengagement-Kundenengagement-Erfolg-e1690188533246.png 968w\" sizes=\"(max-width: 768px) 100vw, 768px\" \/>\t\t\t\t\t\t\t\t\t\t\t\t\t<\/div>\n\t\t\t\t<\/div>\n\t\t\t\t<\/div>\n\t\t<div class=\"elementor-element elementor-element-ae8db63 e-con-full e-flex e-con e-parent\" data-id=\"ae8db63\" data-element_type=\"container\" data-settings=\"{&quot;background_background&quot;:&quot;classic&quot;}\">\n\t\t\t\t<div class=\"elementor-element elementor-element-e133388 elementor-widget elementor-widget-heading\" data-id=\"e133388\" data-element_type=\"widget\" data-widget_type=\"heading.default\">\n\t\t\t\t<div class=\"elementor-widget-container\">\n\t\t\t<h2 class=\"elementor-heading-title elementor-size-large\">Mitarbeiterengagement ist die Grundlage f\u00fcr Kundenbegeisterung <\/h2>\t\t<\/div>\n\t\t\t\t<\/div>\n\t\t\t\t<div class=\"elementor-element elementor-element-df885fc elementor-widget elementor-widget-text-editor\" data-id=\"df885fc\" data-element_type=\"widget\" data-widget_type=\"text-editor.default\">\n\t\t\t\t<div class=\"elementor-widget-container\">\n\t\t\t\t\t\t\t<p>Aus diesem Grund ist die <strong>Beziehung zu Ihren Mitarbeitern f\u00fcr den Erfolg des Unternehmens von entscheidender Bedeutung<\/strong> und ein wichtiger Aspekt bei der Etablierung von echter Kundenorientierung. Nach Angaben von <a style=\"text-align: var(--text-align); font-style: var(--body_typography-font-style,normal); letter-spacing: var(--body_typography-letter-spacing);\" href=\"https:\/\/www.bain.com\/insights\/purposeful-work-the-secret-weapon-in-the-new-war-for-talent\/\">Bain &amp; Company<\/a><span style=\"text-align: var(--text-align); font-style: var(--body_typography-font-style,normal); letter-spacing: var(--body_typography-letter-spacing);\">sollten sich die Unternehmen weniger auf bessere L\u00f6hne und Sozialleistungen konzentrieren, sondern stattdessen ihre Aufmerksamkeit auf die Verbesserung des Wertes der Arbeit selbst richten. Es ist von entscheidender Bedeutung, Ihre Mitarbeiter nicht nur zufrieden zu stellen, sondern sie auch zu engagieren und zu inspirieren. Wenn Sie dies tun, werden Sie feststellen, dass zielgerichtete Arbeit die neue Geheimwaffe im Kampf um Talente ist.<\/span><\/p>\n<p><span style=\"font-weight: 400;\">Hier sind einige M\u00f6glichkeiten zur Verbesserung des Mitarbeiterengagements:<\/span><\/p>\n<ol>\n<li style=\"font-weight: 400;\" aria-level=\"1\"><span style=\"font-weight: 400;\">F\u00f6rdern Sie eine positive Arbeitskultur, in der das Wohlbefinden der Mitarbeiter und die Vereinbarkeit von Beruf und Privatleben im Vordergrund stehen.<\/span><\/li>\n<li style=\"font-weight: 400;\" aria-level=\"1\"><span style=\"font-weight: 400;\">Bieten Sie Ihren Mitarbeitern Entwicklungsm\u00f6glichkeiten und investieren Sie in ihre berufliche Entwicklung.<\/span><\/li>\n<li style=\"font-weight: 400;\" aria-level=\"1\"><span style=\"font-weight: 400;\">Ermutigen Sie zu offener Kommunikation und Feedback, um das Gef\u00fchl der Zugeh\u00f6rigkeit und der Eigenverantwortung unter den Mitarbeitern zu f\u00f6rdern.<\/span><\/li>\n<li style=\"font-weight: 400;\" aria-level=\"1\"><span style=\"font-weight: 400;\">Erkennen Sie die Leistungen Ihrer Mitarbeiter an und belohnen Sie sie, um die Moral und Motivation zu steigern.<\/span><\/li>\n<\/ol>\n<p><span style=\"text-align: var(--text-align); font-style: var(--body_typography-font-style,normal); letter-spacing: var(--body_typography-letter-spacing);\">Wir sind hier, um eine positive Arbeitskultur zu f\u00f6rdern, die Ihrem Team Entwicklungsm\u00f6glichkeiten bietet und Kommunikations- und Feedbackkan\u00e4le \u00f6ffnet. Mit unseren Engagementprogrammen f\u00fcr Mitarbeiter sorgen wir daf\u00fcr, dass sich Ihre Mitarbeiter anerkannt, belohnt und motiviert f\u00fchlen.<\/span><\/p>\n<p><strong>Stellen wir also das Engagement der Mitarbeiter in den Vordergrund!<\/strong><\/p>\n\t\t\t\t\t\t<\/div>\n\t\t\t\t<\/div>\n\t\t\t\t<\/div>\n\t\t\t\t\t<\/div>\n\t\t\t\t<\/div>\n\t\t<div class=\"elementor-element elementor-element-a57d7e3 e-flex e-con-boxed e-con e-parent\" data-id=\"a57d7e3\" data-element_type=\"container\" data-settings=\"{&quot;background_background&quot;:&quot;classic&quot;}\">\n\t\t\t\t\t<div class=\"e-con-inner\">\n\t\t<div class=\"elementor-element elementor-element-e57b912 e-con-full e-flex e-con e-parent\" data-id=\"e57b912\" data-element_type=\"container\" data-settings=\"{&quot;background_background&quot;:&quot;classic&quot;}\">\n\t\t\t\t<div class=\"elementor-element elementor-element-23bab4c elementor-widget elementor-widget-heading\" data-id=\"23bab4c\" data-element_type=\"widget\" data-widget_type=\"heading.default\">\n\t\t\t\t<div class=\"elementor-widget-container\">\n\t\t\t<h3 class=\"elementor-heading-title elementor-size-large\">Employee Experience &amp; eNPS<\/h3>\t\t<\/div>\n\t\t\t\t<\/div>\n\t\t\t\t<div class=\"elementor-element elementor-element-0f39979 elementor-widget elementor-widget-text-editor\" data-id=\"0f39979\" data-element_type=\"widget\" data-widget_type=\"text-editor.default\">\n\t\t\t\t<div class=\"elementor-widget-container\">\n\t\t\t\t\t\t\t<p><span style=\"font-weight: 400;\">Die Erfahrungen der Mitarbeiter sind ein entscheidender Faktor f\u00fcr den Aufbau einer <a href=\"https:\/\/www.customerobsessing.com\/de\/?page_id=2195\">positiven Unternehmenskultur<\/a> und f\u00fcr den finanziellen Erfolg Ihres Unternehmens. Sie umfasst alle Interaktionen, die ein Mitarbeiter mit Ihnen als Arbeitgeber hat, einschlie\u00dflich der Arbeitsumgebung, der Technologie und der Werkzeuge, die er verwendet, des Grades an Unterst\u00fctzung, den er erh\u00e4lt, und der M\u00f6glichkeiten f\u00fcr Wachstum und Entwicklung. Die Bereitstellung einer <\/span><span style=\"font-weight: 400;\">positiven Employee Experience verbessert das Engagement, die Mitarbeiterbindung und die Produktivit\u00e4t. <\/span><\/p>\n<p><span style=\"font-weight: 400;\">Der Employee Net Promoter Score (eNPS) ist ein leistungsstarkes Instrument zur Messung der Mitarbeiterzufriedenheit und des Mitarbeiterengagements. Der bekannte <a href=\"https:\/\/www.customerobsessing.com\/de\/?p=2186\" target=\"_blank\" rel=\"noopener\">NPS<\/a> wurde leicht abgewandelt, um das Mitarbeitererlebnis und nicht das <a href=\"https:\/\/www.customerobsessing.com\/de\/?page_id=2194\">Kundenerlebnis<\/a> zu messen. <\/span><\/p>\n<p><span style=\"font-weight: 400;\">eNPS ist nicht nur eine weitere Kennzahl, die verfolgt werden muss. Es ist ein wichtiger Indikator f\u00fcr die allgemeine Gesundheit Ihrer Unternehmenskultur. Hohe eNPS-Werte deuten darauf hin, dass Ihre Mitarbeiter nicht nur mit ihrer Arbeit zufrieden sind, sondern auch bereit sind, Ihr Unternehmen als einen gro\u00dfartigen Arbeitsplatz weiterzuempfehlen. Durch Investitionen in das Mitarbeitererlebnis und die \u00dcberwachung des eNPS k\u00f6nnen Unternehmen eine Arbeitsplatzkultur schaffen, die Top-Talente anzieht und bindet und den Gesch\u00e4ftserfolg durch h\u00f6here Mitarbeiterbindungsraten, bessere Produktivit\u00e4t und letztlich bessere Kundenerfahrungen f\u00f6rdert.<\/span><\/p>\n\t\t\t\t\t\t<\/div>\n\t\t\t\t<\/div>\n\t\t\t\t<\/div>\n\t\t<div class=\"elementor-element elementor-element-784328a e-con-full e-flex e-con e-parent\" data-id=\"784328a\" data-element_type=\"container\" data-settings=\"{&quot;background_background&quot;:&quot;classic&quot;}\">\n\t\t\t\t<div class=\"elementor-element elementor-element-c10c0b6 elementor-widget elementor-widget-image\" data-id=\"c10c0b6\" data-element_type=\"widget\" data-widget_type=\"image.default\">\n\t\t\t\t<div class=\"elementor-widget-container\">\n\t\t\t\t\t\t\t\t\t\t\t\t\t<img loading=\"lazy\" decoding=\"async\" width=\"1280\" height=\"720\" src=\"https:\/\/www.customerobsessing.com\/wp-content\/uploads\/2023\/07\/eNPS-1-1280x720.png\" class=\"attachment-large size-large wp-image-2127\" alt=\"eNPS - Wie wahrscheinlich ist es, dass du uns als Arbeitgeber weiterempfehlen w\u00fcrdest?\" srcset=\"https:\/\/www.customerobsessing.com\/wp-content\/uploads\/2023\/07\/eNPS-1-1200x675.png 1200w, https:\/\/www.customerobsessing.com\/wp-content\/uploads\/2023\/07\/eNPS-1-1280x720.png 1280w\" sizes=\"(max-width: 1280px) 100vw, 1280px\" \/>\t\t\t\t\t\t\t\t\t\t\t\t\t<\/div>\n\t\t\t\t<\/div>\n\t\t\t\t<\/div>\n\t\t\t\t\t<\/div>\n\t\t\t\t<\/div>\n\t\t<div class=\"elementor-element elementor-element-ce19a71 e-flex e-con-boxed e-con e-parent\" data-id=\"ce19a71\" data-element_type=\"container\" data-settings=\"{&quot;background_background&quot;:&quot;classic&quot;}\">\n\t\t\t\t\t<div class=\"e-con-inner\">\n\t\t\t\t<div class=\"elementor-element elementor-element-af1126c elementor-widget elementor-widget-heading\" data-id=\"af1126c\" data-element_type=\"widget\" data-widget_type=\"heading.default\">\n\t\t\t\t<div class=\"elementor-widget-container\">\n\t\t\t<h2 class=\"elementor-heading-title elementor-size-large\">Lassen Sie uns Ihre Mitarbeiter zu einer Priorit\u00e4t machen!<\/h2>\t\t<\/div>\n\t\t\t\t<\/div>\n\t\t\t\t<div class=\"elementor-element elementor-element-9aa5d5d elementor-widget elementor-widget-text-editor\" data-id=\"9aa5d5d\" data-element_type=\"widget\" data-widget_type=\"text-editor.default\">\n\t\t\t\t<div class=\"elementor-widget-container\">\n\t\t\t\t\t\t\t<p><span style=\"font-weight: 400;\">Indem Sie die Zufriedenheit und das Engagement Ihrer Mitarbeiter in den Vordergrund stellen, k\u00f6nnen Sie eine Kultur schaffen, die Wachstum, Zusammenarbeit und Innovation f\u00f6rdert \u2013 alles entscheidende Faktoren, um ein kundenorientiertes Unternehmen zu werden. Lassen Sie uns gemeinsam Arbeitspl\u00e4tze schaffen, von denen nicht nur Ihre Mitarbeiter, sondern auch Ihre Kunden und Ihr Unternehmen als Ganzes profitieren. <\/span><\/p>\n<p><strong>Unser Mitarbeiterengagement &amp; Employee Experience Programm umfasst unter anderem folgende Bereiche:<\/strong><\/p>\n\t\t\t\t\t\t<\/div>\n\t\t\t\t<\/div>\n\t\t\t\t<div class=\"elementor-element elementor-element-387791c elementor-widget elementor-widget-text-editor\" data-id=\"387791c\" data-element_type=\"widget\" data-widget_type=\"text-editor.default\">\n\t\t\t\t<div class=\"elementor-widget-container\">\n\t\t\t\t\t\t\t<ul>\n<li><b><b>Mitarbeiterengagement<br \/><\/b><\/b>Analyse des Engagements und Umsetzung von Verbesserungsma\u00dfnahmen und Initiativen\n<p><b><\/b><\/li>\n<li><b>Employee Experience<\/b><b><br \/><\/b><span style=\"font-weight: 400;\">Bewertung der aktuellen Erlebniswahrnehmung, Umsetzung von Verbesserungsma\u00dfnahmen und Schaffung von effektiven Ber\u00fchrungspunkten\n<p><\/span><\/li>\n<li><b>eNPS Strategie und Framework<\/b><b><br \/><\/b><span style=\"font-weight: 400;\">Definition einer Umfragestrategie und Ausarbeitung eines Frameworks, das Beziehungs- und Transaktionsumfragen umfasst und die \u00fcbergreifenden detaillierten Ergebnisse und Verbesserungsm\u00f6glichkeiten verdeutlicht\n<p><\/span><\/li>\n<li><b>Programmgestaltung &amp; Implementierung<\/b><b><br \/><\/b><span style=\"font-weight: 400;\">Operationalisierung unseres Frameworks, angepasst an die individuellen Bed\u00fcrfnisse Ihres Teams, und Messung der erzielten Verbesserungen\n<p><\/span><\/li>\n<li><b>Talentakquise und Mitarbeiterbindung<br \/><span style=\"font-weight: 400;\">F\u00f6rderung des Wachstums Ihres gesamten Teams, indem Sie Ihre bestehenden Teammitglieder durch Engagement an sich binden und ausbauen sowie die Belegschaft durch geeignete Neueinstellungen erg\u00e4nzen<\/span><\/b><\/li>\n<\/ul>\n\t\t\t\t\t\t<\/div>\n\t\t\t\t<\/div>\n\t\t\t\t<div class=\"elementor-element elementor-element-8e8efaa elementor-align-left elementor-mobile-align-center elementor-tablet-align-center elementor-widget__width-inherit elementor-widget elementor-widget-button\" data-id=\"8e8efaa\" data-element_type=\"widget\" data-widget_type=\"button.default\">\n\t\t\t\t<div class=\"elementor-widget-container\">\n\t\t\t\t\t<div class=\"elementor-button-wrapper\">\n\t\t\t<a class=\"elementor-button elementor-button-link elementor-size-xs\" href=\"https:\/\/www.customerobsessing.com\/de\/kontakt\/\">\n\t\t\t\t\t\t<span class=\"elementor-button-content-wrapper\">\n\t\t\t\t\t\t\t\t\t<span class=\"elementor-button-text\">Kontakt<\/span>\n\t\t\t\t\t<\/span>\n\t\t\t\t\t<\/a>\n\t\t<\/div>\n\t\t\t\t<\/div>\n\t\t\t\t<\/div>\n\t\t\t\t<div class=\"elementor-element elementor-element-44ca44f elementor-widget elementor-widget-heading\" data-id=\"44ca44f\" data-element_type=\"widget\" data-widget_type=\"heading.default\">\n\t\t\t\t<div class=\"elementor-widget-container\">\n\t\t\t<h3 class=\"elementor-heading-title elementor-size-large\">Das k\u00f6nnte Sie auch interessieren<\/h3>\t\t<\/div>\n\t\t\t\t<\/div>\n\t\t\t\t\t<\/div>\n\t\t\t\t<\/div>\n\t\t\t\t<\/div>\n\t\t","protected":false},"excerpt":{"rendered":"<p>Unternehmen, die ihre Mitarbeiter in den Mittelpunkt stellen, gewinnen! Los gehts! Investieren Sie in Mitarbeiterengagement und Employee Experience, um sich abzuheben Es ist weithin anerkannt, dass die Kundentreue f\u00fcr den [&hellip;]<\/p>\n","protected":false},"author":5,"featured_media":0,"parent":0,"menu_order":0,"comment_status":"closed","ping_status":"closed","template":"","meta":{"content-type":"","_monsterinsights_skip_tracking":false,"_monsterinsights_sitenote_active":false,"_monsterinsights_sitenote_note":"","_monsterinsights_sitenote_category":0,"footnotes":""},"class_list":["post-2215","page","type-page","status-publish","hentry"],"aioseo_notices":[],"_links":{"self":[{"href":"https:\/\/www.customerobsessing.com\/de\/wp-json\/wp\/v2\/pages\/2215","targetHints":{"allow":["GET"]}}],"collection":[{"href":"https:\/\/www.customerobsessing.com\/de\/wp-json\/wp\/v2\/pages"}],"about":[{"href":"https:\/\/www.customerobsessing.com\/de\/wp-json\/wp\/v2\/types\/page"}],"author":[{"embeddable":true,"href":"https:\/\/www.customerobsessing.com\/de\/wp-json\/wp\/v2\/users\/5"}],"replies":[{"embeddable":true,"href":"https:\/\/www.customerobsessing.com\/de\/wp-json\/wp\/v2\/comments?post=2215"}],"version-history":[{"count":0,"href":"https:\/\/www.customerobsessing.com\/de\/wp-json\/wp\/v2\/pages\/2215\/revisions"}],"wp:attachment":[{"href":"https:\/\/www.customerobsessing.com\/de\/wp-json\/wp\/v2\/media?parent=2215"}],"curies":[{"name":"wp","href":"https:\/\/api.w.org\/{rel}","templated":true}]}}