{"id":2218,"date":"2016-11-08T15:54:17","date_gmt":"2016-11-08T15:54:17","guid":{"rendered":"https:\/\/www.customerobsessing.com\/unser-team\/"},"modified":"2024-02-20T09:11:17","modified_gmt":"2024-02-20T09:11:17","slug":"unser-team","status":"publish","type":"page","link":"https:\/\/www.customerobsessing.com\/de\/unser-team\/","title":{"rendered":"Unser Team"},"content":{"rendered":"\t\t<div data-elementor-type=\"wp-page\" data-elementor-id=\"2218\" class=\"elementor elementor-2218 elementor-35\" data-elementor-post-type=\"page\">\n\t\t\t\t<div class=\"elementor-element elementor-element-5fdbab40 e-flex e-con-boxed e-con e-parent\" data-id=\"5fdbab40\" data-element_type=\"container\" data-settings=\"{&quot;background_background&quot;:&quot;classic&quot;}\">\n\t\t\t\t\t<div class=\"e-con-inner\">\n\t\t<div class=\"elementor-element elementor-element-4c58141e e-con-full e-flex e-con e-child\" data-id=\"4c58141e\" data-element_type=\"container\">\n\t\t\t\t<div class=\"elementor-element elementor-element-2845ccf1 elementor-widget elementor-widget-text-editor\" data-id=\"2845ccf1\" data-element_type=\"widget\" data-widget_type=\"text-editor.default\">\n\t\t\t\t<div class=\"elementor-widget-container\">\n\t\t\t\t\t\t\t<p><strong>Wir sind eine Gruppe von Kundenfans!&nbsp;<\/strong><\/p><p>Unser Team verbindet den Enthusiasmus und die Leidenschaft, die Menschen um uns herum dazu zu bef\u00e4higen, die beste Version ihrer selbst zu werden \u2013 uns selbst eingeschlossen.<\/p>\n<ul>\n<li>Gegenseitig erg\u00e4nzende St\u00e4rken und Fachgebiete&nbsp;<\/li>\n<li>Fundierte Branchenkenntnisse kombiniert mit innovativem und zukunftsorientiertem Denken&nbsp;<\/li>\n<li>Engagiert und mit Spa\u00df bei der Arbeit<\/li>\n<\/ul>\t\t\t\t\t\t<\/div>\n\t\t\t\t<\/div>\n\t\t\t\t<\/div>\n\t\t<div class=\"elementor-element elementor-element-1b45a79 e-con-full e-flex e-con e-child\" data-id=\"1b45a79\" data-element_type=\"container\">\n\t\t\t\t<div class=\"elementor-element elementor-element-3cc1d97 elementor-hidden-tablet elementor-hidden-mobile elementor-invisible elementor-widget elementor-widget-image\" data-id=\"3cc1d97\" data-element_type=\"widget\" data-settings=\"{&quot;_animation&quot;:&quot;zoomIn&quot;}\" data-widget_type=\"image.default\">\n\t\t\t\t<div class=\"elementor-widget-container\">\n\t\t\t\t\t\t\t\t\t\t\t\t\t<img fetchpriority=\"high\" decoding=\"async\" width=\"768\" height=\"512\" src=\"https:\/\/www.customerobsessing.com\/wp-content\/uploads\/2023\/07\/Customer-Obsessing-Team-3-768x512.jpg\" class=\"attachment-medium_large size-medium_large wp-image-2054\" alt=\"Teresa G\u00f6stenmeier, Sally St\u00f6we und Amy Downs von Customer Obsessing\" srcset=\"https:\/\/www.customerobsessing.com\/wp-content\/uploads\/2023\/07\/Customer-Obsessing-Team-3-200x133.jpg 200w, https:\/\/www.customerobsessing.com\/wp-content\/uploads\/2023\/07\/Customer-Obsessing-Team-3-300x200.jpg 300w, https:\/\/www.customerobsessing.com\/wp-content\/uploads\/2023\/07\/Customer-Obsessing-Team-3-400x267.jpg 400w, https:\/\/www.customerobsessing.com\/wp-content\/uploads\/2023\/07\/Customer-Obsessing-Team-3-600x400.jpg 600w, https:\/\/www.customerobsessing.com\/wp-content\/uploads\/2023\/07\/Customer-Obsessing-Team-3-768x512.jpg 768w, https:\/\/www.customerobsessing.com\/wp-content\/uploads\/2023\/07\/Customer-Obsessing-Team-3-800x533.jpg 800w, https:\/\/www.customerobsessing.com\/wp-content\/uploads\/2023\/07\/Customer-Obsessing-Team-3-1200x800.jpg 1200w, https:\/\/www.customerobsessing.com\/wp-content\/uploads\/2023\/07\/Customer-Obsessing-Team-3-1280x854.jpg 1280w, https:\/\/www.customerobsessing.com\/wp-content\/uploads\/2023\/07\/Customer-Obsessing-Team-3-1536x1024.jpg 1536w\" sizes=\"(max-width: 768px) 100vw, 768px\" \/>\t\t\t\t\t\t\t\t\t\t\t\t\t<\/div>\n\t\t\t\t<\/div>\n\t\t\t\t<\/div>\n\t\t\t\t\t<\/div>\n\t\t\t\t<\/div>\n\t\t\t\t<section class=\"elementor-section elementor-top-section elementor-element elementor-element-c3e49dd elementor-section-boxed elementor-section-height-default elementor-section-height-default\" data-id=\"c3e49dd\" data-element_type=\"section\">\n\t\t\t\t\t\t<div class=\"elementor-container elementor-column-gap-default\">\n\t\t\t\t\t<div class=\"elementor-column elementor-col-50 elementor-top-column elementor-element elementor-element-0a9b21a\" data-id=\"0a9b21a\" data-element_type=\"column\">\n\t\t\t<div class=\"elementor-widget-wrap elementor-element-populated\">\n\t\t\t\t\t\t<div class=\"elementor-element elementor-element-b38649c elementor-widget elementor-widget-image\" data-id=\"b38649c\" data-element_type=\"widget\" data-widget_type=\"image.default\">\n\t\t\t\t<div class=\"elementor-widget-container\">\n\t\t\t\t\t\t\t\t\t\t\t\t\t<img decoding=\"async\" src=\"https:\/\/www.customerobsessing.com\/wp-content\/uploads\/2023\/07\/Customer-Obsessing-Amy-3.jpg\" title=\"\" alt=\"\" loading=\"lazy\" \/>\t\t\t\t\t\t\t\t\t\t\t\t\t<\/div>\n\t\t\t\t<\/div>\n\t\t\t\t\t<\/div>\n\t\t<\/div>\n\t\t\t\t<div class=\"elementor-column elementor-col-50 elementor-top-column elementor-element elementor-element-6cca0db\" data-id=\"6cca0db\" data-element_type=\"column\">\n\t\t\t<div class=\"elementor-widget-wrap elementor-element-populated\">\n\t\t\t\t\t\t<div class=\"elementor-element elementor-element-e5d4375 elementor-widget elementor-widget-heading\" data-id=\"e5d4375\" data-element_type=\"widget\" data-widget_type=\"heading.default\">\n\t\t\t\t<div class=\"elementor-widget-container\">\n\t\t\t<h2 class=\"elementor-heading-title elementor-size-large\">Amy Downs<\/h2>\t\t<\/div>\n\t\t\t\t<\/div>\n\t\t\t\t<div class=\"elementor-element elementor-element-f04932a elementor-widget elementor-widget-text-editor\" data-id=\"f04932a\" data-element_type=\"widget\" data-widget_type=\"text-editor.default\">\n\t\t\t\t<div class=\"elementor-widget-container\">\n\t\t\t\t\t\t\t<p><strong>CEO<\/strong><\/p>\n\t\t\t\t\t\t<\/div>\n\t\t\t\t<\/div>\n\t\t\t\t<div class=\"elementor-element elementor-element-71d6477 elementor-widget elementor-widget-text-editor\" data-id=\"71d6477\" data-element_type=\"widget\" data-widget_type=\"text-editor.default\">\n\t\t\t\t<div class=\"elementor-widget-container\">\n\t\t\t\t\t\t\t<p>Amy ist eine authentische und energiegeladene F\u00fchrungspers\u00f6nlichkeit mit 20 Jahren Erfahrung im Bereich Unternehmenssoftware, die daf\u00fcr bekannt ist, Teams zu inspirieren, Pl\u00e4ne zu operationalisieren und Organisationen zu mobilisieren, um au\u00dfergew\u00f6hnliche Gesch\u00e4ftsergebnisse zu erzielen. Sie war VP of Customer Success, Support und Professional Services EMEA &amp; APJ bei <a href=\"https:\/\/www.twilio.com\/en-us\">Twilio<\/a>, verwaltete einen j\u00e4hrlichen wiederkehrenden Umsatz (ARR) von ca. 1 Milliarde US-Dollar und erreichte eine Net Dollar Retention (NDR)-Rate von 140 % durch die Implementierung unseres <a href=\"https:\/\/www.customerobsessing.com\/de\/unser-framework\/\">Customer Obsessing Frameworks<\/a>. Dar\u00fcber hinaus vergr\u00f6\u00dferte sie die Teams in EMEA und APJ von 14 auf \u00fcber 250 und er\u00f6ffnete in knapp zwei Jahren Support-Hubs in Polen und Indien. Zuvor war Sie als Chief Customer Success and Happiness Officer bei <a href=\"https:\/\/www.lifesize.com\/\" target=\"_blank\" rel=\"noopener\">Lifesize<\/a> und als VP of Customer Experience bei Aspect<a href=\"https:\/\/www.linkedin.com\/company\/voxeo\/\" target=\"_blank\" rel=\"noopener\">(Voxeo<\/a>) t\u00e4tig und hat 14 Jahre in der CPaaS- und SaaS-Branche verbracht. <\/p>\n<p>Mit 16 Jahren globaler Erfahrung hat Amy Teams in gro\u00dfen Organisationen geleitet und zwei Startups aus der Anfangsphase auf &gt;$100M in wiederkehrenden Einnahmen mit erstklassiger Net Retention und NPS skaliert. In dieser Funktion war sie daf\u00fcr verantwortlich, dass das Unternehmen den Kernwert der &#8222;Customer Obsession&#8220; gerecht wird. In den Bereichen Kundensupport, Customer Success, Professional Services, Schulung und Community\/Advocacy sowie Customer Experience war Amy f\u00fcr die Strategie und Umsetzung von Programmen verantwortlich, die Kunden und Partnern dabei halfen, erfolgreiche L\u00f6sungen f\u00fcr ihre Unternehmen zu entwickeln. Amys bew\u00e4hrtes Customer Obsession Framework verbindet ihr operatives Know-how mit ihrem technischen Scharfsinn, um unseren Kunden erstklassige Ergebnisse zu liefern.<\/p>\n<p><span style=\"text-decoration: underline;\"><strong><a href=\"mailto:amy@customerobsessing.com\">&gt;&gt; Kontakt Amy<\/a><\/strong><\/span><\/p>\n\t\t\t\t\t\t<\/div>\n\t\t\t\t<\/div>\n\t\t\t\t\t<\/div>\n\t\t<\/div>\n\t\t\t\t\t<\/div>\n\t\t<\/section>\n\t\t\t\t<section class=\"elementor-section elementor-top-section elementor-element elementor-element-6f352a0 elementor-section-boxed elementor-section-height-default elementor-section-height-default\" data-id=\"6f352a0\" data-element_type=\"section\">\n\t\t\t\t\t\t<div class=\"elementor-container elementor-column-gap-default\">\n\t\t\t\t\t<div class=\"elementor-column elementor-col-100 elementor-top-column elementor-element elementor-element-aa4aad5\" data-id=\"aa4aad5\" data-element_type=\"column\">\n\t\t\t<div class=\"elementor-widget-wrap elementor-element-populated\">\n\t\t\t\t\t\t<div class=\"elementor-element elementor-element-0c60a39 elementor-widget-divider--view-line elementor-widget elementor-widget-divider\" data-id=\"0c60a39\" data-element_type=\"widget\" data-widget_type=\"divider.default\">\n\t\t\t\t<div class=\"elementor-widget-container\">\n\t\t\t\t\t<div class=\"elementor-divider\">\n\t\t\t<span class=\"elementor-divider-separator\">\n\t\t\t\t\t\t<\/span>\n\t\t<\/div>\n\t\t\t\t<\/div>\n\t\t\t\t<\/div>\n\t\t\t\t\t<\/div>\n\t\t<\/div>\n\t\t\t\t\t<\/div>\n\t\t<\/section>\n\t\t\t\t<section class=\"elementor-section elementor-top-section elementor-element elementor-element-0e522c6 elementor-section-boxed elementor-section-height-default elementor-section-height-default\" data-id=\"0e522c6\" data-element_type=\"section\">\n\t\t\t\t\t\t<div class=\"elementor-container elementor-column-gap-default\">\n\t\t\t\t\t<div class=\"elementor-column elementor-col-50 elementor-top-column elementor-element elementor-element-69a8cec\" data-id=\"69a8cec\" data-element_type=\"column\">\n\t\t\t<div class=\"elementor-widget-wrap elementor-element-populated\">\n\t\t\t\t\t\t<div class=\"elementor-element elementor-element-99fc69f elementor-widget elementor-widget-image\" data-id=\"99fc69f\" data-element_type=\"widget\" data-widget_type=\"image.default\">\n\t\t\t\t<div class=\"elementor-widget-container\">\n\t\t\t\t\t\t\t\t\t\t\t\t\t<img decoding=\"async\" src=\"https:\/\/www.customerobsessing.com\/wp-content\/uploads\/2023\/07\/Customer-Obsessing-Teresa-.jpg\" title=\"\" alt=\"\" loading=\"lazy\" \/>\t\t\t\t\t\t\t\t\t\t\t\t\t<\/div>\n\t\t\t\t<\/div>\n\t\t\t\t\t<\/div>\n\t\t<\/div>\n\t\t\t\t<div class=\"elementor-column elementor-col-50 elementor-top-column elementor-element elementor-element-a6d6b8a\" data-id=\"a6d6b8a\" data-element_type=\"column\">\n\t\t\t<div class=\"elementor-widget-wrap elementor-element-populated\">\n\t\t\t\t\t\t<div class=\"elementor-element elementor-element-ea9f7da elementor-widget elementor-widget-heading\" data-id=\"ea9f7da\" data-element_type=\"widget\" data-widget_type=\"heading.default\">\n\t\t\t\t<div class=\"elementor-widget-container\">\n\t\t\t<h2 class=\"elementor-heading-title elementor-size-large\">Teresa G\u00f6stenmeier<\/h2>\t\t<\/div>\n\t\t\t\t<\/div>\n\t\t\t\t<div class=\"elementor-element elementor-element-70641e7 elementor-widget elementor-widget-text-editor\" data-id=\"70641e7\" data-element_type=\"widget\" data-widget_type=\"text-editor.default\">\n\t\t\t\t<div class=\"elementor-widget-container\">\n\t\t\t\t\t\t\t<p><strong>Co-Founder<br \/><\/strong><\/p>\n<p>Praxisleiter f\u00fcr: <a href=\"https:\/\/www.customerobsessing.com\/de\/voice-of-customer\/\">Voice of Customer<\/a>, <a href=\"https:\/\/www.customerobsessing.com\/de\/customer-experience\/\">Customer Experience<\/a>, <a href=\"https:\/\/www.customerobsessing.com\/de\/mitarbeiterengagement\/\">Mitarbeiterengagement und Employee Experience<\/a><br \/>Redakteurin des <a href=\"https:\/\/www.customerobsessing.com\/de\/newsletter\/\">COC-Newsletters<\/a><\/p>\n\t\t\t\t\t\t<\/div>\n\t\t\t\t<\/div>\n\t\t\t\t<div class=\"elementor-element elementor-element-60908ff elementor-widget elementor-widget-text-editor\" data-id=\"60908ff\" data-element_type=\"widget\" data-widget_type=\"text-editor.default\">\n\t\t\t\t<div class=\"elementor-widget-container\">\n\t\t\t\t\t\t\t<p>Teresa ist eine einf\u00fchlsame und interessierte Psychologie- und Customer Experience-Enthusiastin, der die Kunst der Kunden- und Mitarbeiterbindung am Herzen liegt. Durch ihr Studium der Wirtschaftspsychologie hat sie ein umfassendes Verst\u00e4ndnis f\u00fcr die komplexen Zusammenh\u00e4nge innerhalb einer Organisation und die psychologischen Grundlagen des Kundenverhaltens erworben. In Kombination mit ihrem beruflichen Hintergrund in den Bereichen Marketing und Customer Experience hilft sie Unternehmen bei der Entwicklung und Verfeinerung ihres Markenimages und entwickelt spezielle Umfragen und Programme zur Kunden- und Mitarbeiterbindung. <span style=\"background-color: var(--content_bg_color); font-style: var(--body_typography-font-style,normal); letter-spacing: var(--body_typography-letter-spacing);\">Teresa setzt sich leidenschaftlich daf\u00fcr ein, ein positives Umfeld f\u00fcr Mitarbeiter zu schaffen und sie zu bef\u00e4higen, Ver\u00e4nderungen f\u00fcr Kunden voranzutreiben. Ihre F\u00e4higkeit, sich intensiv mit den Mitarbeitern auseinanderzusetzen, um deren Customer Journey im Detail zu verstehen und aussagekr\u00e4ftige Fragen f\u00fcr Kunden zu formulieren, erm\u00f6glicht ihren Kunden tiefe und umfassende Einblicke. Dieses Wissen gepaart mit Daten zum Mitarbeiterengagement hat zu positiven Ergebnissen f\u00fcr die Unternehmen gef\u00fchrt, die sie ber\u00e4t, was zu einer erh\u00f6hten Kunden- und Mitarbeiterbindung f\u00fchrt.<\/span><\/p>\n<p><span style=\"text-decoration: underline;\"><strong><a href=\"mailto:teresa@customerobsessing.com\">&gt;&gt; Kontakt Teresa<\/a><\/strong><\/span><\/p>\n\t\t\t\t\t\t<\/div>\n\t\t\t\t<\/div>\n\t\t\t\t\t<\/div>\n\t\t<\/div>\n\t\t\t\t\t<\/div>\n\t\t<\/section>\n\t\t\t\t<section class=\"elementor-section elementor-top-section elementor-element elementor-element-417ab87 elementor-section-boxed elementor-section-height-default elementor-section-height-default\" data-id=\"417ab87\" data-element_type=\"section\">\n\t\t\t\t\t\t<div class=\"elementor-container elementor-column-gap-default\">\n\t\t\t\t\t<div class=\"elementor-column elementor-col-100 elementor-top-column elementor-element elementor-element-44db0b3\" data-id=\"44db0b3\" data-element_type=\"column\">\n\t\t\t<div class=\"elementor-widget-wrap elementor-element-populated\">\n\t\t\t\t\t\t<div class=\"elementor-element elementor-element-00abb94 elementor-widget-divider--view-line elementor-widget elementor-widget-divider\" data-id=\"00abb94\" data-element_type=\"widget\" data-widget_type=\"divider.default\">\n\t\t\t\t<div class=\"elementor-widget-container\">\n\t\t\t\t\t<div class=\"elementor-divider\">\n\t\t\t<span class=\"elementor-divider-separator\">\n\t\t\t\t\t\t<\/span>\n\t\t<\/div>\n\t\t\t\t<\/div>\n\t\t\t\t<\/div>\n\t\t\t\t\t<\/div>\n\t\t<\/div>\n\t\t\t\t\t<\/div>\n\t\t<\/section>\n\t\t\t\t<section class=\"elementor-section elementor-top-section elementor-element elementor-element-4b41a50 elementor-section-boxed elementor-section-height-default elementor-section-height-default\" data-id=\"4b41a50\" data-element_type=\"section\">\n\t\t\t\t\t\t<div class=\"elementor-container elementor-column-gap-default\">\n\t\t\t\t\t<div class=\"elementor-column elementor-col-50 elementor-top-column elementor-element elementor-element-17d15a9\" data-id=\"17d15a9\" data-element_type=\"column\">\n\t\t\t<div class=\"elementor-widget-wrap elementor-element-populated\">\n\t\t\t\t\t\t<div class=\"elementor-element elementor-element-3a87cec elementor-widget elementor-widget-image\" data-id=\"3a87cec\" data-element_type=\"widget\" data-widget_type=\"image.default\">\n\t\t\t\t<div class=\"elementor-widget-container\">\n\t\t\t\t\t\t\t\t\t\t\t\t\t<img decoding=\"async\" src=\"https:\/\/www.customerobsessing.com\/wp-content\/uploads\/2023\/07\/Customer-Obsessing-Sally.jpg\" title=\"\" alt=\"\" loading=\"lazy\" \/>\t\t\t\t\t\t\t\t\t\t\t\t\t<\/div>\n\t\t\t\t<\/div>\n\t\t\t\t\t<\/div>\n\t\t<\/div>\n\t\t\t\t<div class=\"elementor-column elementor-col-50 elementor-top-column elementor-element elementor-element-588e32e\" data-id=\"588e32e\" data-element_type=\"column\">\n\t\t\t<div class=\"elementor-widget-wrap elementor-element-populated\">\n\t\t\t\t\t\t<div class=\"elementor-element elementor-element-fcc1293 elementor-widget elementor-widget-heading\" data-id=\"fcc1293\" data-element_type=\"widget\" data-widget_type=\"heading.default\">\n\t\t\t\t<div class=\"elementor-widget-container\">\n\t\t\t<h2 class=\"elementor-heading-title elementor-size-large\">Sally St\u00f6we<\/h2>\t\t<\/div>\n\t\t\t\t<\/div>\n\t\t\t\t<div class=\"elementor-element elementor-element-0b5d8b5 elementor-widget elementor-widget-text-editor\" data-id=\"0b5d8b5\" data-element_type=\"widget\" data-widget_type=\"text-editor.default\">\n\t\t\t\t<div class=\"elementor-widget-container\">\n\t\t\t\t\t\t\t<p><strong>Co-Founder<\/strong><\/p>\n<p>Praxisleiter f\u00fcr: <a href=\"https:\/\/www.customerobsessing.com\/de\/customer-success\/\">Customer Success<\/a>, <a href=\"https:\/\/www.customerobsessing.com\/de\/kundensupport\/\">Customer Support, <\/a><a href=\"https:\/\/www.customerobsessing.com\/de\/customer-advocacy\/\">Customer Advocacy<\/a><br \/>Koordinatorin der <a href=\"https:\/\/www.customerobsessing.com\/de\/newsletter\/\">COC-Community<\/a><\/p>\n\t\t\t\t\t\t<\/div>\n\t\t\t\t<\/div>\n\t\t\t\t<div class=\"elementor-element elementor-element-382b659 elementor-widget elementor-widget-text-editor\" data-id=\"382b659\" data-element_type=\"widget\" data-widget_type=\"text-editor.default\">\n\t\t\t\t<div class=\"elementor-widget-container\">\n\t\t\t\t\t\t\t<p>Sally ist eine lebhafte und leidenschaftliche Projekt- und Changemanagerin, die sich dadurch auszeichnet, dass sie Teams zusammenbringt, um sinnvolle Gespr\u00e4che und kreatives Denken zu f\u00f6rdern. <span style=\"background-color: var(--content_bg_color); font-style: var(--body_typography-font-style,normal); letter-spacing: var(--body_typography-letter-spacing);\">Sie begann ihre Karriere im klassischen Einzelhandel und leitete verschiedene Verkaufsteams in ganz Europa. Dieser Hintergrund pr\u00e4gte ihre Rolle als empathische Trainerin und manifestierte ihre Mission, den Menschen um sie herum zu erm\u00f6glichen, ihr volles Potenzial auszusch\u00f6pfen. Nachdem sie sich durch ein MBA-Programm beruflich ver\u00e4ndert hatte, unterst\u00fctzte Sally alle Post-Sales-Funktionen als Projektmanagerin im SaaS-Bereich. Ihr Fachwissen erstreckt sich \u00fcber verschiedene Disziplinen, die sie einsetzt, um Unternehmen dabei zu unterst\u00fctzen, Silos zu \u00fcberwinden und funktions\u00fcbergreifende Customer Obsession Teams aufzubauen. <\/span><span style=\"background-color: var(--content_bg_color); font-style: var(--body_typography-font-style,normal); letter-spacing: var(--body_typography-letter-spacing);\">Sallys wahre Leidenschaft ist das Eintreten f\u00fcr eine vielf\u00e4ltige und integrative Belegschaft. Sie ist Gold-Tier-Moderatorin der #IamRemarkable-Initiative und hilft unseren Kunden, Vielfalt und Soft Skills in den Vordergrund zu stellen. Sie bietet eine neue Perspektive, eine wachstumsorientierte Denkweise und bew\u00e4hrte Erfahrung. Indem sie Unternehmen durch funktions\u00fcbergreifende Zusammenarbeit zu H\u00f6chstleistungen bef\u00e4higt, bietet sie ihren Kunden einen gro\u00dfen Mehrwert.<\/span><\/p>\n<p><span style=\"text-decoration: underline; color: #73328a;\"><strong><a style=\"color: #73328a; text-decoration: underline;\" href=\"mailto:sally@customerobsessing.com\">&gt;&gt; Kontakt Sally<\/a><\/strong><\/span><\/p>\n\t\t\t\t\t\t<\/div>\n\t\t\t\t<\/div>\n\t\t\t\t\t<\/div>\n\t\t<\/div>\n\t\t\t\t\t<\/div>\n\t\t<\/section>\n\t\t\t\t<\/div>\n\t\t","protected":false},"excerpt":{"rendered":"<p>Wir sind eine Gruppe von Kundenfans!&nbsp; Unser Team verbindet den Enthusiasmus und die Leidenschaft, die Menschen um uns herum dazu zu bef\u00e4higen, die beste Version ihrer selbst zu werden \u2013 [&hellip;]<\/p>\n","protected":false},"author":4,"featured_media":0,"parent":0,"menu_order":0,"comment_status":"closed","ping_status":"closed","template":"","meta":{"content-type":"","_monsterinsights_skip_tracking":false,"_monsterinsights_sitenote_active":false,"_monsterinsights_sitenote_note":"","_monsterinsights_sitenote_category":0,"footnotes":""},"class_list":["post-2218","page","type-page","status-publish","hentry"],"aioseo_notices":[],"_links":{"self":[{"href":"https:\/\/www.customerobsessing.com\/de\/wp-json\/wp\/v2\/pages\/2218","targetHints":{"allow":["GET"]}}],"collection":[{"href":"https:\/\/www.customerobsessing.com\/de\/wp-json\/wp\/v2\/pages"}],"about":[{"href":"https:\/\/www.customerobsessing.com\/de\/wp-json\/wp\/v2\/types\/page"}],"author":[{"embeddable":true,"href":"https:\/\/www.customerobsessing.com\/de\/wp-json\/wp\/v2\/users\/4"}],"replies":[{"embeddable":true,"href":"https:\/\/www.customerobsessing.com\/de\/wp-json\/wp\/v2\/comments?post=2218"}],"version-history":[{"count":0,"href":"https:\/\/www.customerobsessing.com\/de\/wp-json\/wp\/v2\/pages\/2218\/revisions"}],"wp:attachment":[{"href":"https:\/\/www.customerobsessing.com\/de\/wp-json\/wp\/v2\/media?parent=2218"}],"curies":[{"name":"wp","href":"https:\/\/api.w.org\/{rel}","templated":true}]}}