{"id":2474,"date":"2023-10-06T11:49:17","date_gmt":"2023-10-06T11:49:17","guid":{"rendered":"https:\/\/www.customerobsessing.com\/herunterladen\/"},"modified":"2023-10-17T14:17:40","modified_gmt":"2023-10-17T14:17:40","slug":"herunterladen","status":"publish","type":"page","link":"https:\/\/www.customerobsessing.com\/de\/herunterladen\/","title":{"rendered":"Downloads"},"content":{"rendered":"<p>M\u00f6chten Sie mehr dar\u00fcber erfahren, was wir tun und wie Sie es nutzen k\u00f6nnen? Laden Sie unsere Dokumente wie Case Studies und Carrier Development Frameworks herunter<\/p>\n<h2>Case Studies<\/h2>\n<p>Diese <b>Erfolgsgeschichten aus unseren Kundenprojekten<\/b> bieten wertvolle Einblicke in die Bew\u00e4ltigung von Herausforderungen, die Erzielung herausragender Ergebnisse und die Entdeckung innovativer L\u00f6sungen. Erfahren Sie, was wir tun und wie wir an echten Kundenbeispielen arbeiten. Wenn Sie mehr erfahren m\u00f6chten, z\u00f6gern Sie nicht, uns zu kontaktieren!<\/p>\n<p>\t\t\t\t\t\t\t<a href=\"https:\/\/share.hsforms.com\/1Aq5_G75PSMiPQey_MUXt9w41y3b\" target=\"_blank\" rel=\"noopener\"><br \/>\n\t\t<\/a><br \/>\n\t\t\t\t\t\t\t<a href=\"https:\/\/share.hsforms.com\/1SC4zundCSYCJG01ujc84Wg41y3b\"><br \/>\n\t\t<\/a><br \/>\n\t\t\t\t\t\t\t<a href=\"https:\/\/share.hsforms.com\/1fTg4vQQPTbKX1cwjYXW9nA41y3b\"><br \/>\n\t\t<\/a><br \/>\n\t\t\t\t\t\t\t<a href=\"https:\/\/share.hsforms.com\/1Vj123X33QeGlxNSPe7-efQ41y3b\"><br \/>\n\t\t<\/a><br \/>\n\t\t\t\t\t\t\t<a href=\"https:\/\/share.hsforms.com\/1QJ7KjzkeSkK9vbD6rWo0Zw41y3b\"><br \/>\n\t\t<\/a><br \/>\n\t\t\t\t\t\t\t<a href=\"https:\/\/share.hsforms.com\/1qWr_96hDSKaiRbh6dzkV4g41y3b\"><br \/>\n\t\t<\/a><br \/>\n\t\t\t\t\t\t\t\t\t\t\t\t\t\tVoriger<br \/>\n\t\t\t\t\t\t\t\t\t\t\t\t\t\tN\u00e4chster<\/p>\n<h2>Career Development Frameworks<\/h2>\n<p>Sind Sie bereit, Ihre berufliche Entwicklung voranzutreiben?&nbsp;<br \/>Wir freuen uns, unsere umfassenden &nbsp;<strong style=\"color: var( --e-global-color-primary ); font-style: var(--body_typography-font-style,normal); letter-spacing: var(--body_typography-letter-spacing); box-sizing: inherit; font-weight: bold;\">Career Development Frameworks<\/strong> mit euch zu teilen, welche definierte Karrierewege, notwendige F\u00e4higkeiten und Entwicklungsstrategien beinhalten.<\/p>\n<p>\t\t\t\t\t\t\t<a href=\"https:\/\/share.hsforms.com\/1iIYr0_vnSXqp7mPHnYJadw41y3b\" target=\"_blank\" rel=\"noopener\"><br \/>\n\t\t<\/a><br \/>\n\t\t\t\t\t\t\t<a href=\"https:\/\/share.hsforms.com\/1Tq5gBKU0TFePVkkWxf3GJg41y3b\" target=\"_blank\" rel=\"noopener\"><br \/>\n\t\t<\/a><br \/>\n\t\t\t\t\t\t\t<a href=\"https:\/\/share.hsforms.com\/1V6-uLHuCQEGeCgP-p0dBSw41y3b\"><br \/>\n\t\t<\/a><br \/>\n\t\t\t\t\t\t\t<a href=\"https:\/\/share.hsforms.com\/1V6-uLHuCQEGeCgP-p0dBSw41y3b\"><br \/>\n\t\t<\/a><br \/>\n\t\t\t\t\t\t\t<a href=\"https:\/\/share.hsforms.com\/1V6-uLHuCQEGeCgP-p0dBSw41y3b\"><br \/>\n\t\t<\/a><br \/>\n\t\t\t\t\t\t\t\t\t\t\t\t\t\tVoriger<br \/>\n\t\t\t\t\t\t\t\t\t\t\t\t\t\tN\u00e4chster<\/p>\n","protected":false},"excerpt":{"rendered":"<p>M\u00f6chten Sie mehr dar\u00fcber erfahren, was wir tun und wie Sie es nutzen k\u00f6nnen? Laden Sie unsere Dokumente wie Case Studies und Carrier Development Frameworks herunter Case Studies Diese Erfolgsgeschichten [&hellip;]<\/p>\n","protected":false},"author":5,"featured_media":0,"parent":0,"menu_order":0,"comment_status":"closed","ping_status":"closed","template":"","meta":{"content-type":"","_monsterinsights_skip_tracking":false,"_monsterinsights_sitenote_active":false,"_monsterinsights_sitenote_note":"","_monsterinsights_sitenote_category":0,"footnotes":""},"class_list":["post-2474","page","type-page","status-publish","hentry"],"aioseo_notices":[],"_links":{"self":[{"href":"https:\/\/www.customerobsessing.com\/de\/wp-json\/wp\/v2\/pages\/2474","targetHints":{"allow":["GET"]}}],"collection":[{"href":"https:\/\/www.customerobsessing.com\/de\/wp-json\/wp\/v2\/pages"}],"about":[{"href":"https:\/\/www.customerobsessing.com\/de\/wp-json\/wp\/v2\/types\/page"}],"author":[{"embeddable":true,"href":"https:\/\/www.customerobsessing.com\/de\/wp-json\/wp\/v2\/users\/5"}],"replies":[{"embeddable":true,"href":"https:\/\/www.customerobsessing.com\/de\/wp-json\/wp\/v2\/comments?post=2474"}],"version-history":[{"count":0,"href":"https:\/\/www.customerobsessing.com\/de\/wp-json\/wp\/v2\/pages\/2474\/revisions"}],"wp:attachment":[{"href":"https:\/\/www.customerobsessing.com\/de\/wp-json\/wp\/v2\/media?parent=2474"}],"curies":[{"name":"wp","href":"https:\/\/api.w.org\/{rel}","templated":true}]}}