{"id":2476,"date":"2023-09-27T14:33:19","date_gmt":"2023-09-27T14:33:19","guid":{"rendered":"https:\/\/www.customerobsessing.com\/unser-empfehlungsprogramm\/"},"modified":"2023-10-17T14:10:08","modified_gmt":"2023-10-17T14:10:08","slug":"unser-empfehlungsprogramm","status":"publish","type":"page","link":"https:\/\/www.customerobsessing.com\/de\/unser-empfehlungsprogramm\/","title":{"rendered":"Unser Empfehlungsprogramm"},"content":{"rendered":"\t\t<div data-elementor-type=\"wp-page\" data-elementor-id=\"2476\" class=\"elementor elementor-2476 elementor-2366\" data-elementor-post-type=\"page\">\n\t\t\t\t<div class=\"elementor-element elementor-element-5fdbab40 e-flex e-con-boxed e-con e-parent\" data-id=\"5fdbab40\" data-element_type=\"container\" data-settings=\"{&quot;background_background&quot;:&quot;classic&quot;}\">\n\t\t\t\t\t<div class=\"e-con-inner\">\n\t\t<div class=\"elementor-element elementor-element-4c58141e e-con-full e-flex e-con e-parent\" data-id=\"4c58141e\" data-element_type=\"container\">\n\t\t\t\t<div class=\"elementor-element elementor-element-ea27cd5 elementor-widget elementor-widget-text-editor\" data-id=\"ea27cd5\" data-element_type=\"widget\" data-widget_type=\"text-editor.default\">\n\t\t\t\t<div class=\"elementor-widget-container\">\n\t\t\t\t\t\t\t<p>Verwandeln Sie Ihre Empfehlungen in Pr\u00e4mien: Bringen Sie mit uns die Kundenorientierung in die Welt<\/p>\n\t\t\t\t\t\t<\/div>\n\t\t\t\t<\/div>\n\t\t\t\t<div class=\"elementor-element elementor-element-2845ccf1 elementor-widget elementor-widget-text-editor\" data-id=\"2845ccf1\" data-element_type=\"widget\" data-widget_type=\"text-editor.default\">\n\t\t\t\t<div class=\"elementor-widget-container\">\n\t\t\t\t\t\t\t<p>Wir von Customer Obsessing glauben an die <b>Kraft von Beziehungen, Vertrauen und gemeinsamen Erfahrungen<\/b>. Wir freuen uns, Sie als <b>potenzielle Champions unserer Mission, Kundenorientierung zu verbreiten<\/b>, herzlich willkommen zu hei\u00dfen!<\/p>\n<p>Ob Sie nun ein ehemaliger Kunde sind, der den Wert unserer Dienstleistungen aus erster Hand erfahren hat, oder ein unterst\u00fctzendes Community Mitglied, das unsere Arbeit zu sch\u00e4tzen wei\u00df &#8211; wir wissen, dass Sie der Eckpfeiler unseres Erfolgs sind, und <b>wir laden Sie ein, ein wesentlicher Teil unserer Reise zu sein<\/b>.<\/p>\t\t\t\t\t\t<\/div>\n\t\t\t\t<\/div>\n\t\t\t\t<\/div>\n\t\t<div class=\"elementor-element elementor-element-1b45a79 e-con-full e-flex e-con e-parent\" data-id=\"1b45a79\" data-element_type=\"container\">\n\t\t\t\t<div class=\"elementor-element elementor-element-3cc1d97 elementor-hidden-tablet elementor-hidden-mobile elementor-invisible elementor-widget elementor-widget-image\" data-id=\"3cc1d97\" data-element_type=\"widget\" data-settings=\"{&quot;_animation&quot;:&quot;zoomIn&quot;}\" data-widget_type=\"image.default\">\n\t\t\t\t<div class=\"elementor-widget-container\">\n\t\t\t\t\t\t\t\t\t\t\t\t\t<img fetchpriority=\"high\" decoding=\"async\" width=\"1536\" height=\"1024\" src=\"https:\/\/www.customerobsessing.com\/wp-content\/uploads\/2023\/09\/DSC08737-1-Edit-1536x1024.jpg\" class=\"attachment-1536x1536 size-1536x1536 wp-image-2373\" alt=\"\" srcset=\"https:\/\/www.customerobsessing.com\/wp-content\/uploads\/2023\/09\/DSC08737-1-Edit-200x133.jpg 200w, https:\/\/www.customerobsessing.com\/wp-content\/uploads\/2023\/09\/DSC08737-1-Edit-300x200.jpg 300w, https:\/\/www.customerobsessing.com\/wp-content\/uploads\/2023\/09\/DSC08737-1-Edit-400x267.jpg 400w, https:\/\/www.customerobsessing.com\/wp-content\/uploads\/2023\/09\/DSC08737-1-Edit-600x400.jpg 600w, https:\/\/www.customerobsessing.com\/wp-content\/uploads\/2023\/09\/DSC08737-1-Edit-768x512.jpg 768w, https:\/\/www.customerobsessing.com\/wp-content\/uploads\/2023\/09\/DSC08737-1-Edit-800x533.jpg 800w, https:\/\/www.customerobsessing.com\/wp-content\/uploads\/2023\/09\/DSC08737-1-Edit-1200x800.jpg 1200w, https:\/\/www.customerobsessing.com\/wp-content\/uploads\/2023\/09\/DSC08737-1-Edit-1280x853.jpg 1280w, https:\/\/www.customerobsessing.com\/wp-content\/uploads\/2023\/09\/DSC08737-1-Edit-1536x1024.jpg 1536w\" sizes=\"(max-width: 1536px) 100vw, 1536px\" \/>\t\t\t\t\t\t\t\t\t\t\t\t\t<\/div>\n\t\t\t\t<\/div>\n\t\t\t\t<\/div>\n\t\t\t\t\t<\/div>\n\t\t\t\t<\/div>\n\t\t\t\t<section class=\"elementor-section elementor-top-section elementor-element elementor-element-c3e49dd elementor-section-boxed elementor-section-height-default elementor-section-height-default\" data-id=\"c3e49dd\" data-element_type=\"section\">\n\t\t\t\t\t\t<div class=\"elementor-container elementor-column-gap-default\">\n\t\t\t\t\t<div class=\"elementor-column elementor-col-100 elementor-top-column elementor-element elementor-element-0a9b21a\" data-id=\"0a9b21a\" data-element_type=\"column\">\n\t\t\t<div class=\"elementor-widget-wrap\">\n\t\t\t\t\t\t\t<\/div>\n\t\t<\/div>\n\t\t\t\t\t<\/div>\n\t\t<\/section>\n\t\t\t\t<section class=\"elementor-section elementor-top-section elementor-element elementor-element-6f352a0 elementor-section-boxed elementor-section-height-default elementor-section-height-default\" data-id=\"6f352a0\" data-element_type=\"section\">\n\t\t\t\t\t\t<div class=\"elementor-container elementor-column-gap-default\">\n\t\t\t\t\t<div class=\"elementor-column elementor-col-100 elementor-top-column elementor-element elementor-element-aa4aad5\" data-id=\"aa4aad5\" data-element_type=\"column\">\n\t\t\t<div class=\"elementor-widget-wrap elementor-element-populated\">\n\t\t\t\t\t\t<div class=\"elementor-element elementor-element-a753004 elementor-pagination-type-bullets elementor-arrows-position-inside elementor-pagination-position-outside elementor-widget elementor-widget-n-carousel\" data-id=\"a753004\" data-element_type=\"widget\" data-settings=\"{&quot;carousel_items&quot;:[{&quot;slide_title&quot;:&quot;Slide #1&quot;,&quot;_id&quot;:&quot;6c1be0e&quot;},{&quot;slide_title&quot;:&quot;Slide #2&quot;,&quot;_id&quot;:&quot;5729abd&quot;},{&quot;slide_title&quot;:&quot;Slide #3&quot;,&quot;_id&quot;:&quot;888cf96&quot;}],&quot;slides_to_show_tablet&quot;:&quot;2&quot;,&quot;slides_to_show_mobile&quot;:&quot;1&quot;,&quot;infinite&quot;:&quot;yes&quot;,&quot;speed&quot;:500,&quot;offset_sides&quot;:&quot;none&quot;,&quot;arrows&quot;:&quot;yes&quot;,&quot;pagination&quot;:&quot;bullets&quot;,&quot;image_spacing_custom&quot;:{&quot;unit&quot;:&quot;px&quot;,&quot;size&quot;:10,&quot;sizes&quot;:[]},&quot;image_spacing_custom_tablet&quot;:{&quot;unit&quot;:&quot;px&quot;,&quot;size&quot;:&quot;&quot;,&quot;sizes&quot;:[]},&quot;image_spacing_custom_mobile&quot;:{&quot;unit&quot;:&quot;px&quot;,&quot;size&quot;:&quot;&quot;,&quot;sizes&quot;:[]}}\" data-widget_type=\"nested-carousel.default\">\n\t\t\t\t<div class=\"elementor-widget-container\">\n\t\t\t\t\t<div class=\"e-n-carousel swiper\" dir=\"ltr\">\n\t\t\t<div class=\"swiper-wrapper\" aria-live=\"polite\">\n\t\t\t\t\t\t\t\t\t\t<div class=\"swiper-slide\" data-slide=\"1\" role=\"group\" aria-roledescription=\"slide\" aria-label=\"1 of 3\">\n\t\t\t\t\t\t\t<div class=\"elementor-element elementor-element-940b8ae e-flex e-con-boxed e-con e-parent\" data-id=\"940b8ae\" data-element_type=\"container\">\n\t\t\t\t\t<div class=\"e-con-inner\">\n\t\t\t\t<div class=\"elementor-element elementor-element-54e7a80 elementor-align-center elementor-widget elementor-widget-button\" data-id=\"54e7a80\" data-element_type=\"widget\" data-widget_type=\"button.default\">\n\t\t\t\t<div class=\"elementor-widget-container\">\n\t\t\t\t\t<div class=\"elementor-button-wrapper\">\n\t\t\t<a class=\"elementor-button elementor-button-link elementor-size-xl\" href=\"https:\/\/www.customerobsessing.com\/wp-content\/uploads\/2023\/09\/202302_CustomerObsessing_OnePager.pdf\" target=\"_blank\">\n\t\t\t\t\t\t<span class=\"elementor-button-content-wrapper\">\n\t\t\t\t\t\t\t\t\t<span class=\"elementor-button-text\">Erfahren Sie mehr \u00fcber uns in unserem Unternehmens-One-Pager!<\/span>\n\t\t\t\t\t<\/span>\n\t\t\t\t\t<\/a>\n\t\t<\/div>\n\t\t\t\t<\/div>\n\t\t\t\t<\/div>\n\t\t\t\t\t<\/div>\n\t\t\t\t<\/div>\n\t\t\t\t\t\t\t\t<\/div>\n\t\t\t\t\t\t\t\t\t\t\t<div class=\"swiper-slide\" data-slide=\"2\" role=\"group\" aria-roledescription=\"slide\" aria-label=\"2 of 3\">\n\t\t\t\t\t\t\t<div class=\"elementor-element elementor-element-c90c0ff e-flex e-con-boxed e-con e-parent\" data-id=\"c90c0ff\" data-element_type=\"container\">\n\t\t\t\t\t<div class=\"e-con-inner\">\n\t\t\t\t<div class=\"elementor-element elementor-element-06e6c8b elementor-align-center elementor-widget elementor-widget-button\" data-id=\"06e6c8b\" data-element_type=\"widget\" data-widget_type=\"button.default\">\n\t\t\t\t<div class=\"elementor-widget-container\">\n\t\t\t\t\t<div class=\"elementor-button-wrapper\">\n\t\t\t<a class=\"elementor-button elementor-button-link elementor-size-xl\" href=\"https:\/\/www.customerobsessing.com\/wp-content\/uploads\/2023\/09\/COC-Referral-Program-Guide.pdf\" target=\"_blank\">\n\t\t\t\t\t\t<span class=\"elementor-button-content-wrapper\">\n\t\t\t\t\t\t\t\t\t<span class=\"elementor-button-text\">Hier gelangen Sie zu unserem Referral Partner Guide!<\/span>\n\t\t\t\t\t<\/span>\n\t\t\t\t\t<\/a>\n\t\t<\/div>\n\t\t\t\t<\/div>\n\t\t\t\t<\/div>\n\t\t\t\t\t<\/div>\n\t\t\t\t<\/div>\n\t\t\t\t\t\t\t\t<\/div>\n\t\t\t\t\t\t\t\t\t\t\t<div class=\"swiper-slide\" data-slide=\"3\" role=\"group\" aria-roledescription=\"slide\" aria-label=\"3 of 3\">\n\t\t\t\t\t\t\t<div class=\"elementor-element elementor-element-d0dcc31 e-flex e-con-boxed e-con e-parent\" data-id=\"d0dcc31\" data-element_type=\"container\" data-settings=\"{&quot;background_background&quot;:&quot;classic&quot;}\">\n\t\t\t\t\t<div class=\"e-con-inner\">\n\t\t\t\t<div class=\"elementor-element elementor-element-fea7eff elementor-align-center elementor-widget elementor-widget-button\" data-id=\"fea7eff\" data-element_type=\"widget\" data-widget_type=\"button.default\">\n\t\t\t\t<div class=\"elementor-widget-container\">\n\t\t\t\t\t<div class=\"elementor-button-wrapper\">\n\t\t\t<a class=\"elementor-button elementor-button-link elementor-size-xl\" href=\"https:\/\/docs.google.com\/forms\/d\/e\/1FAIpQLSci227VUU2QT2qwyaxJUHEPkPb8gh_hP_hSFWPSr3uEk3ezWA\/viewform?usp=sf_link\" target=\"_blank\">\n\t\t\t\t\t\t<span class=\"elementor-button-content-wrapper\">\n\t\t\t\t\t\t\t\t\t<span class=\"elementor-button-text\">Sie haben Ihre Empfehlung bereits gefunden? Jetzt einreichen!<\/span>\n\t\t\t\t\t<\/span>\n\t\t\t\t\t<\/a>\n\t\t<\/div>\n\t\t\t\t<\/div>\n\t\t\t\t<\/div>\n\t\t\t\t\t<\/div>\n\t\t\t\t<\/div>\n\t\t\t\t\t\t\t\t<\/div>\n\t\t\t\t\t\t\t\t<\/div>\n\t\t<\/div>\n\t\t\t\t\t<div class=\"elementor-swiper-button elementor-swiper-button-prev\" role=\"button\" tabindex=\"0\">\n\t\t\t\t<i aria-hidden=\"true\" class=\"eicon-chevron-left\"><\/i>\t\t\t<\/div>\n\t\t\t<div class=\"elementor-swiper-button elementor-swiper-button-next\" role=\"button\" tabindex=\"0\">\n\t\t\t\t<i aria-hidden=\"true\" class=\"eicon-chevron-right\"><\/i>\t\t\t<\/div>\n\t\t\t\t\t<div class=\"swiper-pagination\"><\/div>\n\t\t\t\t<\/div>\n\t\t\t\t<\/div>\n\t\t\t\t<div class=\"elementor-element elementor-element-d4d8ff0 elementor-widget elementor-widget-text-editor\" data-id=\"d4d8ff0\" data-element_type=\"widget\" data-widget_type=\"text-editor.default\">\n\t\t\t\t<div class=\"elementor-widget-container\">\n\t\t\t\t\t\t\t<p>Wir wissen, dass gute Empfehlungen auf echten Erfahrungen beruhen, und deshalb haben wir unser Empfehlungsprogramm entwickelt. Es ist eine Gelegenheit f\u00fcr Sie, Ihren Enthusiasmus und Ihre Erkenntnisse mit denjenigen in Ihrem Netzwerk zu teilen, die von unseren Dienstleistungen profitieren k\u00f6nnten.<\/p>\n\t\t\t\t\t\t<\/div>\n\t\t\t\t<\/div>\n\t\t\t\t\t<\/div>\n\t\t<\/div>\n\t\t\t\t\t<\/div>\n\t\t<\/section>\n\t\t\t\t<section class=\"elementor-section elementor-top-section elementor-element elementor-element-0e522c6 elementor-section-boxed elementor-section-height-default elementor-section-height-default\" data-id=\"0e522c6\" data-element_type=\"section\" data-settings=\"{&quot;background_background&quot;:&quot;classic&quot;}\">\n\t\t\t\t\t\t<div class=\"elementor-container elementor-column-gap-default\">\n\t\t\t\t\t<div class=\"elementor-column elementor-col-100 elementor-top-column elementor-element elementor-element-69a8cec\" data-id=\"69a8cec\" data-element_type=\"column\" data-settings=\"{&quot;background_background&quot;:&quot;classic&quot;}\">\n\t\t\t<div class=\"elementor-widget-wrap elementor-element-populated\">\n\t\t\t\t\t\t<div class=\"elementor-element elementor-element-4507924 elementor-widget elementor-widget-text-editor\" data-id=\"4507924\" data-element_type=\"widget\" data-widget_type=\"text-editor.default\">\n\t\t\t\t<div class=\"elementor-widget-container\">\n\t\t\t\t\t\t\t<h2 style=\"font-family: var(--h2_typography-font-family); font-weight: var(--h2_typography-font-weight); line-height: var(--h2_typography-line-height); letter-spacing: normal; text-transform: none; font-style: normal; margin-top: var(--h2_typography-margin-top); margin-bottom: var(--h2_typography-margin-bottom);\">Ihre Rolle<\/h2>\n<p>Positionieren Sie uns bei potenziellen Kunden in Ihrem Netzwerk und verhelfen Sie uns zu wertvollen Leads.<\/p>\n<h2 style=\"font-family: var(--h2_typography-font-family); font-weight: var(--h2_typography-font-weight); line-height: var(--h2_typography-line-height); letter-spacing: normal; text-transform: none; font-style: normal; margin-top: var(--h2_typography-margin-top); margin-bottom: var(--h2_typography-margin-bottom);\"><span style=\"font-family: var(--h2_typography-font-family); font-weight: var(--h2_typography-font-weight);\">Ihr Nutzen<\/span><\/h2>\n<p>Wir schenken Ihnen 5 % der Einnahmen, zu denen Sie beitragen, wenn Sie uns an Ihr Netzwerk weiterempfehlen &#8211; verdienen Sie ganz einfach bis zu 1500\u20ac,<br \/><i>Alle im Programm genannten Pr\u00e4mienbetr\u00e4ge verstehen sich exklusive aller Steuern, einschlie\u00dflich der pers\u00f6nlichen Einkommenssteuer und der Mehrwertsteuer (VAT).<\/i><\/p>\n<\/p>\n<h2 style=\"font-family: var(--h2_typography-font-family); font-weight: var(--h2_typography-font-weight); line-height: var(--h2_typography-line-height); letter-spacing: normal; text-transform: none; font-style: normal; margin-top: var(--h2_typography-margin-top); margin-bottom: var(--h2_typography-margin-bottom);\">Ihre Unterst\u00fctzung<\/h2>\n<div>Alles was Sie brauchen, finden Sie in unserem <span style=\"text-decoration: underline;\"><a href=\"https:\/\/www.customerobsessing.com\/wp-content\/uploads\/2023\/09\/COC-Referral-Program-Guide.pdf\" target=\"_blank\" rel=\"noopener\">Partner-Leitfaden<\/a><\/span> oder kontaktieren Sie uns jederzeit per <span style=\"text-decoration: underline;\"><a href=\"mailto:hello@customerobsessing.com\" target=\"_blank\" rel=\"noopener\">E-Mail<\/a><\/span> oder <span style=\"text-decoration: underline;\"><a href=\"https:\/\/www.linkedin.com\/company\/customer-obsessing\/\" target=\"_blank\" rel=\"noopener\">LinkedIn<\/a><\/span>.<\/div>\n\t\t\t\t\t\t<\/div>\n\t\t\t\t<\/div>\n\t\t\t\t\t<\/div>\n\t\t<\/div>\n\t\t\t\t\t<\/div>\n\t\t<\/section>\n\t\t\t\t<\/div>\n\t\t","protected":false},"excerpt":{"rendered":"<p>Verwandeln Sie Ihre Empfehlungen in Pr\u00e4mien: Bringen Sie mit uns die Kundenorientierung in die Welt Wir von Customer Obsessing glauben an die Kraft von Beziehungen, Vertrauen und gemeinsamen Erfahrungen. Wir [&hellip;]<\/p>\n","protected":false},"author":5,"featured_media":0,"parent":0,"menu_order":0,"comment_status":"closed","ping_status":"closed","template":"","meta":{"content-type":"","_monsterinsights_skip_tracking":false,"_monsterinsights_sitenote_active":false,"_monsterinsights_sitenote_note":"","_monsterinsights_sitenote_category":0,"footnotes":""},"class_list":["post-2476","page","type-page","status-publish","hentry"],"aioseo_notices":[],"_links":{"self":[{"href":"https:\/\/www.customerobsessing.com\/de\/wp-json\/wp\/v2\/pages\/2476","targetHints":{"allow":["GET"]}}],"collection":[{"href":"https:\/\/www.customerobsessing.com\/de\/wp-json\/wp\/v2\/pages"}],"about":[{"href":"https:\/\/www.customerobsessing.com\/de\/wp-json\/wp\/v2\/types\/page"}],"author":[{"embeddable":true,"href":"https:\/\/www.customerobsessing.com\/de\/wp-json\/wp\/v2\/users\/5"}],"replies":[{"embeddable":true,"href":"https:\/\/www.customerobsessing.com\/de\/wp-json\/wp\/v2\/comments?post=2476"}],"version-history":[{"count":0,"href":"https:\/\/www.customerobsessing.com\/de\/wp-json\/wp\/v2\/pages\/2476\/revisions"}],"wp:attachment":[{"href":"https:\/\/www.customerobsessing.com\/de\/wp-json\/wp\/v2\/media?parent=2476"}],"curies":[{"name":"wp","href":"https:\/\/api.w.org\/{rel}","templated":true}]}}