{"id":2787,"date":"2023-05-16T14:26:38","date_gmt":"2023-05-16T14:26:38","guid":{"rendered":"https:\/\/www.customerobsessing.com\/formacion-y-talleres\/"},"modified":"2025-10-30T11:53:00","modified_gmt":"2025-10-30T11:53:00","slug":"formacion-y-talleres","status":"publish","type":"page","link":"https:\/\/www.customerobsessing.com\/es\/formacion-y-talleres\/","title":{"rendered":"Formaci\u00f3n y talleres"},"content":{"rendered":"\t\t<div data-elementor-type=\"wp-page\" data-elementor-id=\"2787\" class=\"elementor elementor-2787 elementor-1408\" data-elementor-post-type=\"page\">\n\t\t\t\t<div class=\"elementor-element elementor-element-769ead35 e-flex e-con-boxed e-con e-parent\" data-id=\"769ead35\" data-element_type=\"container\" data-settings=\"{&quot;background_background&quot;:&quot;classic&quot;}\">\n\t\t\t\t\t<div class=\"e-con-inner\">\n\t\t<div class=\"elementor-element elementor-element-2ebde118 e-con-full e-flex e-con e-child\" data-id=\"2ebde118\" data-element_type=\"container\">\n\t\t\t\t<div class=\"elementor-element elementor-element-7ff2a7b8 elementor-widget elementor-widget-text-editor\" data-id=\"7ff2a7b8\" data-element_type=\"widget\" data-widget_type=\"text-editor.default\">\n\t\t\t\t<div class=\"elementor-widget-container\">\n\t\t\t\t\t\t\t<p>Dota a tu equipo de las habilidades y conocimientos adecuados y aumenta el Compromiso de los Empleados, la Eficacia y el Valor para el Cliente.<\/p>\n\t\t\t\t\t\t<\/div>\n\t\t\t\t<\/div>\n\t\t\t\t<\/div>\n\t\t<div class=\"elementor-element elementor-element-dbe0753 e-con-full e-flex e-con e-child\" data-id=\"dbe0753\" data-element_type=\"container\">\n\t\t\t\t<div class=\"elementor-element elementor-element-2c31ee1 elementor-invisible elementor-widget elementor-widget-image\" data-id=\"2c31ee1\" data-element_type=\"widget\" data-settings=\"{&quot;_animation&quot;:&quot;zoomIn&quot;}\" data-widget_type=\"image.default\">\n\t\t\t\t<div class=\"elementor-widget-container\">\n\t\t\t\t\t\t\t\t\t\t\t\t\t<img decoding=\"async\" src=\"https:\/\/www.customerobsessing.com\/wp-content\/uploads\/elementor\/thumbs\/02.28-Review-qb36xh2d8r4a8feb9djf3z0ulklhxbqw4e5i533vrc.jpg\" title=\"02.28 Review\" alt=\"Teresa G\u00f6stenmeier from Customer Obsessing - Training &amp; Workshops\" loading=\"lazy\" \/>\t\t\t\t\t\t\t\t\t\t\t\t\t<\/div>\n\t\t\t\t<\/div>\n\t\t\t\t<\/div>\n\t\t\t\t\t<\/div>\n\t\t\t\t<\/div>\n\t\t<div class=\"elementor-element elementor-element-02f4a4e e-flex e-con-boxed e-con e-parent\" data-id=\"02f4a4e\" data-element_type=\"container\">\n\t\t\t\t\t<div class=\"e-con-inner\">\n\t\t<div class=\"elementor-element elementor-element-9423a76 e-con-full e-flex e-con e-child\" data-id=\"9423a76\" data-element_type=\"container\">\n\t\t\t\t<div class=\"elementor-element elementor-element-93ebdbb elementor-widget elementor-widget-heading\" data-id=\"93ebdbb\" data-element_type=\"widget\" data-widget_type=\"heading.default\">\n\t\t\t\t<div class=\"elementor-widget-container\">\n\t\t\t<h2 class=\"elementor-heading-title elementor-size-large\">Formaciones para el \u00e9xito de los clientes y talleres individuales para liberar todo el potencial de tu equipo.<\/h2>\t\t<\/div>\n\t\t\t\t<\/div>\n\t\t\t\t<div class=\"elementor-element elementor-element-b59eeed elementor-widget elementor-widget-text-editor\" data-id=\"b59eeed\" data-element_type=\"widget\" data-widget_type=\"text-editor.default\">\n\t\t\t\t<div class=\"elementor-widget-container\">\n\t\t\t\t\t\t\t<p><span style=\"font-weight: 400;\">Nuestra misi\u00f3n es equiparte a ti y a tu equipo con las habilidades y conocimientos esenciales necesarios para prosperar en el entorno empresarial actual, en constante evoluci\u00f3n. No s\u00f3lo proporcionamos <a href=\"https:\/\/www.customerobsessing.com\/coaching-mentoring\/\">coaching 1:1<\/a> para el desarrollo individual, sino que tambi\u00e9n elaboramos una amplia gama de talleres y programas de formaci\u00f3n. Est\u00e1n dise\u00f1ados para satisfacer las diversas necesidades de los gestores del \u00e9xito de los clientes y de los miembros de los equipos de servicios de todos los niveles. Desde habilidades b\u00e1sicas hasta t\u00e9cnicas avanzadas, \u00a1te tenemos cubierto!  <\/span><\/p>\n<p><span style=\"font-weight: 400;\">A lo largo de todas las etapas de nuestros proyectos de consultor\u00eda, seguimos un enfoque de colaboraci\u00f3n para guiar tanto a tus equipos de liderazgo como a los de servicios de primera l\u00ednea para dar forma a una soluci\u00f3n individualizada para tus necesidades. Creemos firmemente que la formaci\u00f3n y los talleres son una parte valiosa de un proceso de cambio hol\u00edstico, que ayuda a las organizaciones a desarrollar habilidades, fomentar la colaboraci\u00f3n e impulsar el crecimiento y la mejora continuos.<\/span><\/p>\n\t\t\t\t\t\t<\/div>\n\t\t\t\t<\/div>\n\t\t\t\t<\/div>\n\t\t\t\t\t<\/div>\n\t\t\t\t<\/div>\n\t\t<div class=\"elementor-element elementor-element-4df4500 e-flex e-con-boxed e-con e-parent\" data-id=\"4df4500\" data-element_type=\"container\" data-settings=\"{&quot;background_background&quot;:&quot;classic&quot;}\">\n\t\t\t\t\t<div class=\"e-con-inner\">\n\t\t\t\t<div class=\"elementor-element elementor-element-b561c9a elementor-widget elementor-widget-heading\" data-id=\"b561c9a\" data-element_type=\"widget\" data-widget_type=\"heading.default\">\n\t\t\t\t<div class=\"elementor-widget-container\">\n\t\t\t<h2 class=\"elementor-heading-title elementor-size-large\">Nuestros Talleres abarcan todo, desde habilidades blandas hasta habilidades t\u00e9cnicas y soluciones personalizadas<\/h2>\t\t<\/div>\n\t\t\t\t<\/div>\n\t\t\t\t\t<\/div>\n\t\t\t\t<\/div>\n\t\t<div class=\"elementor-element elementor-element-33ab7158 e-flex e-con-boxed e-con e-parent\" data-id=\"33ab7158\" data-element_type=\"container\" data-settings=\"{&quot;background_background&quot;:&quot;classic&quot;}\">\n\t\t\t\t\t<div class=\"e-con-inner\">\n\t\t\t\t<div class=\"elementor-element elementor-element-26397e7e elementor-cta--layout-image-right elementor-cta--mobile-layout-image-above elementor-cta--valign-middle elementor-cta--skin-classic elementor-animated-content elementor-bg-transform elementor-bg-transform-zoom-in elementor-widget elementor-widget-call-to-action\" data-id=\"26397e7e\" data-element_type=\"widget\" data-widget_type=\"call-to-action.default\">\n\t\t\t\t<div class=\"elementor-widget-container\">\n\t\t\t\t\t<div class=\"elementor-cta\">\n\t\t\t\t\t<div class=\"elementor-cta__bg-wrapper\">\n\t\t\t\t<div class=\"elementor-cta__bg elementor-bg\" style=\"background-image: url(https:\/\/www.customerobsessing.com\/wp-content\/uploads\/2023\/07\/Customer-Obsessing-Amy-4.jpg);\" role=\"img\" aria-label=\"Amy Downs from Customer Obsessing\"><\/div>\n\t\t\t\t<div class=\"elementor-cta__bg-overlay\"><\/div>\n\t\t\t<\/div>\n\t\t\t\t\t\t\t<div class=\"elementor-cta__content\">\n\t\t\t\t\t\t\t\t\t<div class=\"elementor-content-item elementor-cta__content-item elementor-icon-wrapper elementor-cta__icon elementor-view-default\">\n\t\t\t\t\t\t<div class=\"elementor-icon\">\n\t\t\t\t\t\t\t<i aria-hidden=\"true\" class=\"fas fa-shapes\"><\/i>\t\t\t\t\t\t<\/div>\n\t\t\t\t\t<\/div>\n\t\t\t\t\n\t\t\t\t\t\t\t\t\t<h2 class=\"elementor-cta__title elementor-cta__content-item elementor-content-item\">\n\t\t\t\t\t\tTipos de talleres ejemplares\t\t\t\t\t<\/h2>\n\t\t\t\t\n\t\t\t\t\t\t\t\t\t<div class=\"elementor-cta__description elementor-cta__content-item elementor-content-item\">\n\t\t\t\t\t\t<p><b>Taller de habilidades interpersonales<br \/>\n<br \/><\/b>Capacita a equipos u organizaciones enteras para comunicarse mejor interna y externamente con empat\u00eda, perspicacia empresarial y eficacia<\/p>\n<p> <b>Evaluaci\u00f3n de necesidades\/An\u00e1lisis de carencias<br \/>\n<br \/><\/b>Trabaja con tus equipos que conocen los entresijos de tu mejor versi\u00f3n actual para identificar las principales \u00e1reas de crecimiento<\/p>\n<p> <b>Dise\u00f1o y desarrollo de procesos<br \/><\/b><br \/>\n Re\u00fane a todas las partes interesadas internas para desarrollar los procesos m\u00e1s adecuados que respalden tu excelente experiencia de cliente, desde los recorridos del cliente, las directrices de entrega, las normas de compromiso hasta los procesos de escalada.<\/p>\n\t\t\t\t\t<\/div>\n\t\t\t\t\n\t\t\t\t\t\t\t<\/div>\n\t\t\t\t\t\t<\/div>\n\t\t\t\t<\/div>\n\t\t\t\t<\/div>\n\t\t\t\t<div class=\"elementor-element elementor-element-151aad55 elementor-cta--layout-image-left elementor-cta--mobile-layout-image-above elementor-cta--skin-classic elementor-animated-content elementor-bg-transform elementor-bg-transform-zoom-in elementor-widget elementor-widget-call-to-action\" data-id=\"151aad55\" data-element_type=\"widget\" data-widget_type=\"call-to-action.default\">\n\t\t\t\t<div class=\"elementor-widget-container\">\n\t\t\t\t\t<div class=\"elementor-cta\">\n\t\t\t\t\t<div class=\"elementor-cta__bg-wrapper\">\n\t\t\t\t<div class=\"elementor-cta__bg elementor-bg\" style=\"background-image: url(https:\/\/www.customerobsessing.com\/wp-content\/uploads\/2023\/07\/Customer-Obsessing-Team-2.jpg);\" role=\"img\" aria-label=\"Teresa G\u00f6stenmeier, Sally St\u00f6we and Amy Downs from Customer Obsessing\"><\/div>\n\t\t\t\t<div class=\"elementor-cta__bg-overlay\"><\/div>\n\t\t\t<\/div>\n\t\t\t\t\t\t\t<div class=\"elementor-cta__content\">\n\t\t\t\t\t\t\t\t\t<div class=\"elementor-content-item elementor-cta__content-item elementor-icon-wrapper elementor-cta__icon elementor-view-default\">\n\t\t\t\t\t\t<div class=\"elementor-icon\">\n\t\t\t\t\t\t\t<i aria-hidden=\"true\" class=\"fab fa-creative-commons-share\"><\/i>\t\t\t\t\t\t<\/div>\n\t\t\t\t\t<\/div>\n\t\t\t\t\n\t\t\t\t\t\t\t\t\t<h2 class=\"elementor-cta__title elementor-cta__content-item elementor-content-item\">\n\t\t\t\t\t\tCampos de aprendizaje ejemplares\t\t\t\t\t<\/h2>\n\t\t\t\t\n\t\t\t\t\t\t\t\t\t<div class=\"elementor-cta__description elementor-cta__content-item elementor-content-item\">\n\t\t\t\t\t\t<p>Comunicaci\u00f3n Eficaz y Emp\u00e1tica<\/p>\n<p>Inteligencia Emocional<\/strong><\/p>\n<p>Mentalidad Centrada en el Cliente<\/p>\n<p>Resoluci\u00f3n de Problemas<\/p>\n<p>Habilidades de Liderazgo<\/p>\n<p>Empuje y Visi\u00f3n para los Negocios<\/p>\n\t\t\t\t\t<\/div>\n\t\t\t\t\n\t\t\t\t\t\t\t<\/div>\n\t\t\t\t\t\t<\/div>\n\t\t\t\t<\/div>\n\t\t\t\t<\/div>\n\t\t\t\t\t<\/div>\n\t\t\t\t<\/div>\n\t\t<div class=\"elementor-element elementor-element-9f6c35b e-flex e-con-boxed e-con e-parent\" data-id=\"9f6c35b\" data-element_type=\"container\" data-settings=\"{&quot;background_background&quot;:&quot;classic&quot;}\">\n\t\t\t\t\t<div class=\"e-con-inner\">\n\t\t<div class=\"elementor-element elementor-element-40136ac1 e-con-full e-flex e-con e-child\" data-id=\"40136ac1\" data-element_type=\"container\">\n\t\t\t\t<div class=\"elementor-element elementor-element-38d4965 elementor-widget elementor-widget-heading\" data-id=\"38d4965\" data-element_type=\"widget\" data-widget_type=\"heading.default\">\n\t\t\t\t<div class=\"elementor-widget-container\">\n\t\t\t<h3 class=\"elementor-heading-title elementor-size-large\">Formaciones de \u00c9xito del Cliente personalizadas para tus necesidades y retos \u00fanicos<\/h3>\t\t<\/div>\n\t\t\t\t<\/div>\n\t\t\t\t<div class=\"elementor-element elementor-element-325c8ea6 elementor-widget elementor-widget-text-editor\" data-id=\"325c8ea6\" data-element_type=\"widget\" data-widget_type=\"text-editor.default\">\n\t\t\t\t<div class=\"elementor-widget-container\">\n\t\t\t\t\t\t\t<p><span style=\"font-weight: 400;\">Nuestra formaci\u00f3n en \u00e9xito del cliente est\u00e1 dise\u00f1ada para ayudar a las personas y a los equipos a adquirir las habilidades y competencias necesarias para destacar en sus funciones. Lo que distingue a nuestra formaci\u00f3n es su flexibilidad y personalizaci\u00f3n. Entendemos que cada organizaci\u00f3n y equipo tiene necesidades y retos \u00fanicos, por eso ofrecemos un enfoque a medida de nuestra formaci\u00f3n.  <\/span><\/p>\n<p><span style=\"font-weight: 400;\">Nuestros instructores trabajan estrechamente con cada equipo para identificar sus puntos fuertes y d\u00e9biles, y luego dise\u00f1an un programa que aborde esas necesidades espec\u00edficas. Este enfoque garantiza que cada participante saque el m\u00e1ximo partido de la formaci\u00f3n y est\u00e9 equipado con las habilidades y conocimientos necesarios para tener \u00e9xito en sus funciones. Tanto si se trata de desarrollar habilidades blandas, como la comunicaci\u00f3n y la empat\u00eda, como habilidades t\u00e9cnicas, como el an\u00e1lisis de datos y las opiniones de los clientes, nuestra formaci\u00f3n puede adaptarse a las necesidades espec\u00edficas de tu equipo.<\/span><\/p>\n\t\t\t\t\t\t<\/div>\n\t\t\t\t<\/div>\n\t\t\t\t<\/div>\n\t\t<div class=\"elementor-element elementor-element-2128e403 e-con-full e-flex e-con e-child\" data-id=\"2128e403\" data-element_type=\"container\">\n\t\t\t\t<div class=\"elementor-element elementor-element-1b2e0ecd elementor-widget__width-inherit elementor-widget elementor-widget-hubspot-form\" data-id=\"1b2e0ecd\" data-element_type=\"widget\" data-widget_type=\"hubspot-form.default\">\n\t\t\t\t<div class=\"elementor-widget-container\">\n\t\t\t\n\t\t\t\t\t<script>\n\t\t\t\t\t\twindow.hsFormsOnReady = window.hsFormsOnReady || [];\n\t\t\t\t\t\twindow.hsFormsOnReady.push(()=>{\n\t\t\t\t\t\t\thbspt.forms.create({\n\t\t\t\t\t\t\t\tportalId: 6809303,\n\t\t\t\t\t\t\t\tformId: \"bb4e6c24-ab9d-472d-818c-1365cb90dc68\",\n\t\t\t\t\t\t\t\ttarget: \"#hbspt-form-1776181584000-1683008204\",\n\t\t\t\t\t\t\t\tregion: \"na1\",\n\t\t\t\t\t\t\t\t\n\t\t\t\t\t\t})});\n\t\t\t\t\t<\/script>\n\t\t\t\t\t<div class=\"hbspt-form\" id=\"hbspt-form-1776181584000-1683008204\"><\/div>\t\t<\/div>\n\t\t\t\t<\/div>\n\t\t\t\t<\/div>\n\t\t\t\t\t<\/div>\n\t\t\t\t<\/div>\n\t\t\t\t<\/div>\n\t\t","protected":false},"excerpt":{"rendered":"<p>Dota a tu equipo de las habilidades y conocimientos adecuados y aumenta el Compromiso de los Empleados, la Eficacia y el Valor para el Cliente. Formaciones para el \u00e9xito de [&hellip;]<\/p>\n","protected":false},"author":5,"featured_media":0,"parent":0,"menu_order":0,"comment_status":"closed","ping_status":"closed","template":"","meta":{"content-type":"","_monsterinsights_skip_tracking":false,"_monsterinsights_sitenote_active":false,"_monsterinsights_sitenote_note":"","_monsterinsights_sitenote_category":0,"footnotes":""},"class_list":["post-2787","page","type-page","status-publish","hentry"],"aioseo_notices":[],"_links":{"self":[{"href":"https:\/\/www.customerobsessing.com\/es\/wp-json\/wp\/v2\/pages\/2787","targetHints":{"allow":["GET"]}}],"collection":[{"href":"https:\/\/www.customerobsessing.com\/es\/wp-json\/wp\/v2\/pages"}],"about":[{"href":"https:\/\/www.customerobsessing.com\/es\/wp-json\/wp\/v2\/types\/page"}],"author":[{"embeddable":true,"href":"https:\/\/www.customerobsessing.com\/es\/wp-json\/wp\/v2\/users\/5"}],"replies":[{"embeddable":true,"href":"https:\/\/www.customerobsessing.com\/es\/wp-json\/wp\/v2\/comments?post=2787"}],"version-history":[{"count":0,"href":"https:\/\/www.customerobsessing.com\/es\/wp-json\/wp\/v2\/pages\/2787\/revisions"}],"wp:attachment":[{"href":"https:\/\/www.customerobsessing.com\/es\/wp-json\/wp\/v2\/media?parent=2787"}],"curies":[{"name":"wp","href":"https:\/\/api.w.org\/{rel}","templated":true}]}}