{"id":2808,"date":"2023-02-06T09:00:56","date_gmt":"2023-02-06T09:00:56","guid":{"rendered":"https:\/\/www.customerobsessing.com\/acerca-de\/"},"modified":"2025-10-30T12:30:45","modified_gmt":"2025-10-30T12:30:45","slug":"acerca-de","status":"publish","type":"page","link":"https:\/\/www.customerobsessing.com\/es\/acerca-de\/","title":{"rendered":"Acerca de"},"content":{"rendered":"\t\t<div data-elementor-type=\"wp-page\" data-elementor-id=\"2808\" class=\"elementor elementor-2808 elementor-1278\" data-elementor-post-type=\"page\">\n\t\t\t\t<div class=\"elementor-element elementor-element-769ead35 e-flex e-con-boxed e-con e-parent\" data-id=\"769ead35\" data-element_type=\"container\" data-settings=\"{&quot;background_background&quot;:&quot;classic&quot;}\">\n\t\t\t\t\t<div class=\"e-con-inner\">\n\t\t<div class=\"elementor-element elementor-element-2ebde118 e-con-full e-flex e-con e-child\" data-id=\"2ebde118\" data-element_type=\"container\">\n\t\t\t\t<div class=\"elementor-element elementor-element-7ff2a7b8 elementor-widget elementor-widget-text-editor\" data-id=\"7ff2a7b8\" data-element_type=\"widget\" data-widget_type=\"text-editor.default\">\n\t\t\t\t<div class=\"elementor-widget-container\">\n\t\t\t\t\t\t\t<p>Customer Obsessing es una consultora boutique que proporciona asesoramiento estrat\u00e9gico y planes t\u00e1cticos para dotar a las organizaciones de centricidad en el cliente. Nuestro probado <a href=\"https:\/\/www.customerobsessing.com\/framework\/\">Marco de Obsesi\u00f3n por el<\/a> Cliente construye una s\u00f3lida base de conocimientos, que adaptamos y personalizamos totalmente para cualquier caso de uso. <\/p>\n<p>Durante los \u00faltimos 20 a\u00f1os hemos ayudado a las empresas a alcanzar ingresos, retenci\u00f3n neta y Net Promoter Scores l\u00edderes del sector. Hemos ampliado el modelo para soportar hasta 1.000 millones de d\u00f3lares en ingresos recurrentes anuales y hemos sido galardonados con dos premios Stevie de Oro. Aprovechamos esta profunda experiencia para impulsar o transformar tu organizaci\u00f3n y convertirla en un centro neur\u00e1lgico de primera clase, centrado en el cliente, que ofrezca unos resultados financieros extraordinarios.    <\/p>\n\t\t\t\t\t\t<\/div>\n\t\t\t\t<\/div>\n\t\t\t\t<\/div>\n\t\t\t\t\t<\/div>\n\t\t\t\t<\/div>\n\t\t<div class=\"elementor-element elementor-element-145de613 e-flex e-con-boxed e-con e-parent\" data-id=\"145de613\" data-element_type=\"container\" data-settings=\"{&quot;background_background&quot;:&quot;classic&quot;}\">\n\t\t\t\t\t<div class=\"e-con-inner\">\n\t\t\t\t<div class=\"elementor-element elementor-element-72046a05 elementor-invisible elementor-widget elementor-widget-image\" data-id=\"72046a05\" data-element_type=\"widget\" data-settings=\"{&quot;_animation&quot;:&quot;fadeIn&quot;}\" data-widget_type=\"image.default\">\n\t\t\t\t<div class=\"elementor-widget-container\">\n\t\t\t\t\t\t\t\t\t\t\t\t\t<img fetchpriority=\"high\" decoding=\"async\" width=\"999\" height=\"999\" src=\"https:\/\/www.customerobsessing.com\/wp-content\/uploads\/2023\/07\/CSmadeinGermany.png\" class=\"attachment-full size-full wp-image-1718\" alt=\"Customer Obsessing - CS made in Germany\" srcset=\"https:\/\/www.customerobsessing.com\/wp-content\/uploads\/2023\/07\/CSmadeinGermany-66x66.png 66w, https:\/\/www.customerobsessing.com\/wp-content\/uploads\/2023\/07\/CSmadeinGermany-200x200.png 200w, https:\/\/www.customerobsessing.com\/wp-content\/uploads\/2023\/07\/CSmadeinGermany-300x300.png 300w, https:\/\/www.customerobsessing.com\/wp-content\/uploads\/2023\/07\/CSmadeinGermany-400x400.png 400w, https:\/\/www.customerobsessing.com\/wp-content\/uploads\/2023\/07\/CSmadeinGermany-600x600.png 600w, https:\/\/www.customerobsessing.com\/wp-content\/uploads\/2023\/07\/CSmadeinGermany-768x768.png 768w, https:\/\/www.customerobsessing.com\/wp-content\/uploads\/2023\/07\/CSmadeinGermany-800x800.png 800w, https:\/\/www.customerobsessing.com\/wp-content\/uploads\/2023\/07\/CSmadeinGermany.png 999w\" sizes=\"(max-width: 999px) 100vw, 999px\" \/>\t\t\t\t\t\t\t\t\t\t\t\t\t<\/div>\n\t\t\t\t<\/div>\n\t\t\t\t<div class=\"elementor-element elementor-element-410b8322 elementor-invisible elementor-widget elementor-widget-image\" data-id=\"410b8322\" data-element_type=\"widget\" data-settings=\"{&quot;_animation&quot;:&quot;fadeIn&quot;,&quot;_animation_delay&quot;:400}\" data-widget_type=\"image.default\">\n\t\t\t\t<div class=\"elementor-widget-container\">\n\t\t\t\t\t\t\t\t\t\t\t\t\t<img decoding=\"async\" width=\"1786\" height=\"2500\" src=\"https:\/\/www.customerobsessing.com\/wp-content\/uploads\/2024\/09\/DSC09726-1.jpg\" class=\"attachment-full size-full wp-image-2664\" alt=\"\" srcset=\"https:\/\/www.customerobsessing.com\/wp-content\/uploads\/2024\/09\/DSC09726-1-200x280.jpg 200w, https:\/\/www.customerobsessing.com\/wp-content\/uploads\/2024\/09\/DSC09726-1-214x300.jpg 214w, https:\/\/www.customerobsessing.com\/wp-content\/uploads\/2024\/09\/DSC09726-1-400x560.jpg 400w, https:\/\/www.customerobsessing.com\/wp-content\/uploads\/2024\/09\/DSC09726-1-429x600.jpg 429w, https:\/\/www.customerobsessing.com\/wp-content\/uploads\/2024\/09\/DSC09726-1-600x840.jpg 600w, https:\/\/www.customerobsessing.com\/wp-content\/uploads\/2024\/09\/DSC09726-1-768x1075.jpg 768w, https:\/\/www.customerobsessing.com\/wp-content\/uploads\/2024\/09\/DSC09726-1-800x1120.jpg 800w, https:\/\/www.customerobsessing.com\/wp-content\/uploads\/2024\/09\/DSC09726-1-914x1280.jpg 914w, https:\/\/www.customerobsessing.com\/wp-content\/uploads\/2024\/09\/DSC09726-1-1097x1536.jpg 1097w, https:\/\/www.customerobsessing.com\/wp-content\/uploads\/2024\/09\/DSC09726-1-1200x1680.jpg 1200w, https:\/\/www.customerobsessing.com\/wp-content\/uploads\/2024\/09\/DSC09726-1-1463x2048.jpg 1463w, https:\/\/www.customerobsessing.com\/wp-content\/uploads\/2024\/09\/DSC09726-1.jpg 1786w\" sizes=\"(max-width: 1786px) 100vw, 1786px\" \/>\t\t\t\t\t\t\t\t\t\t\t\t\t<\/div>\n\t\t\t\t<\/div>\n\t\t<div class=\"elementor-element elementor-element-496539fc e-con-full e-flex e-con e-child\" data-id=\"496539fc\" data-element_type=\"container\">\n\t\t\t\t<div class=\"elementor-element elementor-element-2be6f2b elementor-widget elementor-widget-text-editor\" data-id=\"2be6f2b\" data-element_type=\"widget\" data-widget_type=\"text-editor.default\">\n\t\t\t\t<div class=\"elementor-widget-container\">\n\t\t\t\t\t\t\t<p><strong><span style=\"color: #73318a;\">Nuestra visi\u00f3n<\/span><\/strong><\/p>\n<p>Llevar la Obsesi\u00f3n por el Cliente a todas las organizaciones del mundo<\/p>\n<p><strong><span style=\"color: #73318a;\">Nuestra misi\u00f3n<\/span><\/strong><\/p>\n<p>Capacitamos a las organizaciones para maximizar el valor que aportan conectando a todos en la idea de la centralidad del cliente<\/p>\n<p><strong><span style=\"color: #73318a;\">Nuestra filosof\u00eda<\/span><\/strong><\/p>\n<p>Nuestro objetivo es unir a las organizaciones en torno a la idea de centrarse en el cliente. Para ello, trabajamos estrechamente a tu lado para construir el enfoque personalizado que mejor se adapte a tu empresa y para implantar soluciones a medida e individuales. <\/p>\n<p>Aunque somos profesionales cualificados en el campo de la creaci\u00f3n de excelentes equipos de atenci\u00f3n al cliente, nos centramos en aportarte perspectivas nuevas y atractivas a ti y a tus equipos. Nos une nuestro entusiasmo por deleitar a los clientes y queremos sobrealimentar tus organizaciones con esta energ\u00eda. Nuestra pasi\u00f3n es capacitarte para que aproveches todo tu potencial, por eso nuestro trabajo de consultor\u00eda se basa en un enfoque colaborativo que siempre incluye a todas las partes interesadas.  &nbsp;<\/p>\n<p>Creemos que el secreto para construir una empresa grande y duradera no es ciencia espacial.&nbsp;  Un gran producto unido a un servicio de primera clase son los dos pilares fundamentales.&nbsp;  \u00a1Queremos lograr un impacto positivo duradero en tu organizaci\u00f3n desarrollando y aplicando cambios junto contigo!<\/p>\t\t\t\t\t\t<\/div>\n\t\t\t\t<\/div>\n\t\t\t\t<\/div>\n\t\t\t\t\t<\/div>\n\t\t\t\t<\/div>\n\t\t\t\t<section class=\"elementor-section elementor-top-section elementor-element elementor-element-6a7a36f elementor-section-stretched elementor-section-boxed elementor-section-height-default elementor-section-height-default\" data-id=\"6a7a36f\" data-element_type=\"section\" data-settings=\"{&quot;stretch_section&quot;:&quot;section-stretched&quot;,&quot;background_background&quot;:&quot;classic&quot;}\">\n\t\t\t\t\t\t<div class=\"elementor-container elementor-column-gap-default\">\n\t\t\t\t\t<div class=\"elementor-column elementor-col-50 elementor-top-column elementor-element elementor-element-a6fc8e2\" data-id=\"a6fc8e2\" data-element_type=\"column\" data-settings=\"{&quot;background_background&quot;:&quot;classic&quot;}\">\n\t\t\t<div class=\"elementor-widget-wrap elementor-element-populated\">\n\t\t\t\t\t\t<div class=\"elementor-element elementor-element-0a4a467 elementor-widget elementor-widget-spacer\" data-id=\"0a4a467\" data-element_type=\"widget\" data-widget_type=\"spacer.default\">\n\t\t\t\t<div class=\"elementor-widget-container\">\n\t\t\t\t\t<div class=\"elementor-spacer\">\n\t\t\t<div class=\"elementor-spacer-inner\"><\/div>\n\t\t<\/div>\n\t\t\t\t<\/div>\n\t\t\t\t<\/div>\n\t\t\t\t<div class=\"elementor-element elementor-element-c1c225b elementor-widget elementor-widget-heading\" data-id=\"c1c225b\" data-element_type=\"widget\" data-widget_type=\"heading.default\">\n\t\t\t\t<div class=\"elementor-widget-container\">\n\t\t\t<h3 class=\"elementor-heading-title elementor-size-large\">Nuestro enfoque de trabajo<\/h3>\t\t<\/div>\n\t\t\t\t<\/div>\n\t\t\t\t<div class=\"elementor-element elementor-element-5edd29d elementor-widget elementor-widget-spacer\" data-id=\"5edd29d\" data-element_type=\"widget\" data-widget_type=\"spacer.default\">\n\t\t\t\t<div class=\"elementor-widget-container\">\n\t\t\t\t\t<div class=\"elementor-spacer\">\n\t\t\t<div class=\"elementor-spacer-inner\"><\/div>\n\t\t<\/div>\n\t\t\t\t<\/div>\n\t\t\t\t<\/div>\n\t\t\t\t<div class=\"elementor-element elementor-element-8abfcec elementor-widget elementor-widget-spacer\" data-id=\"8abfcec\" data-element_type=\"widget\" data-widget_type=\"spacer.default\">\n\t\t\t\t<div class=\"elementor-widget-container\">\n\t\t\t\t\t<div class=\"elementor-spacer\">\n\t\t\t<div class=\"elementor-spacer-inner\"><\/div>\n\t\t<\/div>\n\t\t\t\t<\/div>\n\t\t\t\t<\/div>\n\t\t\t\t<div class=\"elementor-element elementor-element-613fd63 elementor-position-left elementor-view-default elementor-mobile-position-top elementor-vertical-align-top elementor-widget elementor-widget-icon-box\" data-id=\"613fd63\" data-element_type=\"widget\" data-widget_type=\"icon-box.default\">\n\t\t\t\t<div class=\"elementor-widget-container\">\n\t\t\t\t\t<div class=\"elementor-icon-box-wrapper\">\n\n\t\t\t\t\t\t<div class=\"elementor-icon-box-icon\">\n\t\t\t\t<span  class=\"elementor-icon elementor-animation-\">\n\t\t\t\t<i aria-hidden=\"true\" class=\"fas fa-search\"><\/i>\t\t\t\t<\/span>\n\t\t\t<\/div>\n\t\t\t\n\t\t\t\t\t\t<div class=\"elementor-icon-box-content\">\n\n\t\t\t\t\t\t\t\t\t<h3 class=\"elementor-icon-box-title\">\n\t\t\t\t\t\t<span  >\n\t\t\t\t\t\t\tANALIZA\t\t\t\t\t\t<\/span>\n\t\t\t\t\t<\/h3>\n\t\t\t\t\n\t\t\t\t\t\t\t\t\t<p class=\"elementor-icon-box-description\">\n\t\t\t\t\t\tEscuchamos y comprendemos los comentarios de tu organizaci\u00f3n y tus clientes para identificar las lagunas actuales. Mediante un an\u00e1lisis m\u00e1s detallado de las personas, los sistemas y los procesos a lo largo del recorrido del cliente, comprendemos tu enfoque actual para atender a los clientes.   \t\t\t\t\t<\/p>\n\t\t\t\t\n\t\t\t<\/div>\n\t\t\t\n\t\t<\/div>\n\t\t\t\t<\/div>\n\t\t\t\t<\/div>\n\t\t\t\t<div class=\"elementor-element elementor-element-40a75d6 elementor-position-left elementor-view-default elementor-mobile-position-top elementor-vertical-align-top elementor-widget elementor-widget-icon-box\" data-id=\"40a75d6\" data-element_type=\"widget\" data-widget_type=\"icon-box.default\">\n\t\t\t\t<div class=\"elementor-widget-container\">\n\t\t\t\t\t<div class=\"elementor-icon-box-wrapper\">\n\n\t\t\t\t\t\t<div class=\"elementor-icon-box-icon\">\n\t\t\t\t<span  class=\"elementor-icon elementor-animation-\">\n\t\t\t\t<i aria-hidden=\"true\" class=\"fab fa-react\"><\/i>\t\t\t\t<\/span>\n\t\t\t<\/div>\n\t\t\t\n\t\t\t\t\t\t<div class=\"elementor-icon-box-content\">\n\n\t\t\t\t\t\t\t\t\t<h3 class=\"elementor-icon-box-title\">\n\t\t\t\t\t\t<span  >\n\t\t\t\t\t\t\tCONSEJO\t\t\t\t\t\t<\/span>\n\t\t\t\t\t<\/h3>\n\t\t\t\t\n\t\t\t\t\t\t\t\t\t<p class=\"elementor-icon-box-description\">\n\t\t\t\t\t\tDesarrollamos y entregamos un plan adaptado a tus necesidades espec\u00edficas y trabajamos codo con codo con tus equipos para construir un enfoque que funcione mejor para tu empresa.  \t\t\t\t\t<\/p>\n\t\t\t\t\n\t\t\t<\/div>\n\t\t\t\n\t\t<\/div>\n\t\t\t\t<\/div>\n\t\t\t\t<\/div>\n\t\t\t\t<div class=\"elementor-element elementor-element-49575f7 elementor-position-left elementor-view-default elementor-mobile-position-top elementor-vertical-align-top elementor-widget elementor-widget-icon-box\" data-id=\"49575f7\" data-element_type=\"widget\" data-widget_type=\"icon-box.default\">\n\t\t\t\t<div class=\"elementor-widget-container\">\n\t\t\t\t\t<div class=\"elementor-icon-box-wrapper\">\n\n\t\t\t\t\t\t<div class=\"elementor-icon-box-icon\">\n\t\t\t\t<span  class=\"elementor-icon elementor-animation-\">\n\t\t\t\t<i aria-hidden=\"true\" class=\"far fa-check-circle\"><\/i>\t\t\t\t<\/span>\n\t\t\t<\/div>\n\t\t\t\n\t\t\t\t\t\t<div class=\"elementor-icon-box-content\">\n\n\t\t\t\t\t\t\t\t\t<h3 class=\"elementor-icon-box-title\">\n\t\t\t\t\t\t<span  >\n\t\t\t\t\t\t\tEJECUTAR\t\t\t\t\t\t<\/span>\n\t\t\t\t\t<\/h3>\n\t\t\t\t\n\t\t\t\t\t\t\t\t\t<p class=\"elementor-icon-box-description\">\n\t\t\t\t\t\tSugerimos un enfoque de despliegue en toda la empresa y apoyamos a tu equipo para que aplique y viva el marco de obsesi\u00f3n por el cliente de forma transversal.\t\t\t\t\t<\/p>\n\t\t\t\t\n\t\t\t<\/div>\n\t\t\t\n\t\t<\/div>\n\t\t\t\t<\/div>\n\t\t\t\t<\/div>\n\t\t\t\t<div class=\"elementor-element elementor-element-40ac4f7 elementor-widget elementor-widget-spacer\" data-id=\"40ac4f7\" data-element_type=\"widget\" data-widget_type=\"spacer.default\">\n\t\t\t\t<div class=\"elementor-widget-container\">\n\t\t\t\t\t<div class=\"elementor-spacer\">\n\t\t\t<div class=\"elementor-spacer-inner\"><\/div>\n\t\t<\/div>\n\t\t\t\t<\/div>\n\t\t\t\t<\/div>\n\t\t\t\t\t<\/div>\n\t\t<\/div>\n\t\t\t\t<div class=\"elementor-column elementor-col-50 elementor-top-column elementor-element elementor-element-9639fed elementor-hidden-mobile\" data-id=\"9639fed\" data-element_type=\"column\" data-settings=\"{&quot;background_background&quot;:&quot;classic&quot;}\">\n\t\t\t<div class=\"elementor-widget-wrap elementor-element-populated\">\n\t\t\t\t\t\t<div class=\"elementor-element elementor-element-6c09b96 elementor-hidden-mobile elementor-widget elementor-widget-image\" data-id=\"6c09b96\" data-element_type=\"widget\" data-widget_type=\"image.default\">\n\t\t\t\t<div class=\"elementor-widget-container\">\n\t\t\t\t\t\t\t\t\t\t\t\t\t<img decoding=\"async\" src=\"https:\/\/www.customerobsessing.com\/wp-content\/uploads\/2023\/07\/Customer-Obsessing-Amy-Teresa-3.jpg\" title=\"\" alt=\"\" loading=\"lazy\" \/>\t\t\t\t\t\t\t\t\t\t\t\t\t<\/div>\n\t\t\t\t<\/div>\n\t\t\t\t\t<\/div>\n\t\t<\/div>\n\t\t\t\t\t<\/div>\n\t\t<\/section>\n\t\t<div class=\"elementor-element elementor-element-f9c84bc e-flex e-con-boxed e-con e-parent\" data-id=\"f9c84bc\" data-element_type=\"container\" data-settings=\"{&quot;background_background&quot;:&quot;classic&quot;}\">\n\t\t\t\t\t<div class=\"e-con-inner\">\n\t\t\t\t<div class=\"elementor-element elementor-element-2ae0cbd elementor-widget elementor-widget-heading\" data-id=\"2ae0cbd\" data-element_type=\"widget\" data-widget_type=\"heading.default\">\n\t\t\t\t<div class=\"elementor-widget-container\">\n\t\t\t<h1 class=\"elementor-heading-title elementor-size-large\">M\u00e1s informaci\u00f3n sobre la Consultor\u00eda de Obsesi\u00f3n por el Cliente<\/h1>\t\t<\/div>\n\t\t\t\t<\/div>\n\t\t\t\t\t<\/div>\n\t\t\t\t<\/div>\n\t\t<div class=\"elementor-element elementor-element-ee2881b e-flex e-con-boxed e-con e-parent\" data-id=\"ee2881b\" data-element_type=\"container\" data-settings=\"{&quot;background_background&quot;:&quot;classic&quot;}\">\n\t\t\t\t\t<div class=\"e-con-inner\">\n\t\t<div class=\"elementor-element elementor-element-8f2afd5 e-con-full e-flex e-con e-child\" data-id=\"8f2afd5\" data-element_type=\"container\" data-settings=\"{&quot;background_background&quot;:&quot;classic&quot;}\">\n\t\t\t\t<div class=\"elementor-element elementor-element-1443dbb elementor-widget elementor-widget-heading\" data-id=\"1443dbb\" data-element_type=\"widget\" data-widget_type=\"heading.default\">\n\t\t\t\t<div class=\"elementor-widget-container\">\n\t\t\t<h2 class=\"elementor-heading-title elementor-size-large\">C\u00f3mo trabajamos<\/h2>\t\t<\/div>\n\t\t\t\t<\/div>\n\t\t\t\t<div class=\"elementor-element elementor-element-af0e88d elementor-align-center elementor-widget elementor-widget-button\" data-id=\"af0e88d\" data-element_type=\"widget\" data-widget_type=\"button.default\">\n\t\t\t\t<div class=\"elementor-widget-container\">\n\t\t\t\t\t<div class=\"elementor-button-wrapper\">\n\t\t\t<a class=\"elementor-button elementor-button-link elementor-size-sm elementor-animation-grow\" href=\"https:\/\/www.customerobsessing.com\/framework\/\">\n\t\t\t\t\t\t<span class=\"elementor-button-content-wrapper\">\n\t\t\t\t\t\t\t\t\t<span class=\"elementor-button-text\">Nuestro marco de obsesi\u00f3n por el cliente<\/span>\n\t\t\t\t\t<\/span>\n\t\t\t\t\t<\/a>\n\t\t<\/div>\n\t\t\t\t<\/div>\n\t\t\t\t<\/div>\n\t\t\t\t<\/div>\n\t\t<div class=\"elementor-element elementor-element-48cca8a e-con-full e-flex e-con e-child\" data-id=\"48cca8a\" data-element_type=\"container\" data-settings=\"{&quot;background_background&quot;:&quot;classic&quot;}\">\n\t\t\t\t<div class=\"elementor-element elementor-element-17a8d1b elementor-widget elementor-widget-heading\" data-id=\"17a8d1b\" data-element_type=\"widget\" data-widget_type=\"heading.default\">\n\t\t\t\t<div class=\"elementor-widget-container\">\n\t\t\t<h2 class=\"elementor-heading-title elementor-size-large\">Con qui\u00e9n trabajamos<\/h2>\t\t<\/div>\n\t\t\t\t<\/div>\n\t\t\t\t<div class=\"elementor-element elementor-element-31e6a6d elementor-align-center elementor-widget elementor-widget-button\" data-id=\"31e6a6d\" data-element_type=\"widget\" data-widget_type=\"button.default\">\n\t\t\t\t<div class=\"elementor-widget-container\">\n\t\t\t\t\t<div class=\"elementor-button-wrapper\">\n\t\t\t<a class=\"elementor-button elementor-button-link elementor-size-sm elementor-animation-grow\" href=\"https:\/\/www.customerobsessing.com\/our-customers\/\">\n\t\t\t\t\t\t<span class=\"elementor-button-content-wrapper\">\n\t\t\t\t\t\t\t\t\t<span class=\"elementor-button-text\">Nuestros clientes<\/span>\n\t\t\t\t\t<\/span>\n\t\t\t\t\t<\/a>\n\t\t<\/div>\n\t\t\t\t<\/div>\n\t\t\t\t<\/div>\n\t\t\t\t<\/div>\n\t\t<div class=\"elementor-element elementor-element-a0c8bd1 e-con-full e-flex e-con e-child\" data-id=\"a0c8bd1\" data-element_type=\"container\" data-settings=\"{&quot;background_background&quot;:&quot;classic&quot;}\">\n\t\t\t\t<div class=\"elementor-element elementor-element-fa49f97 elementor-widget elementor-widget-heading\" data-id=\"fa49f97\" data-element_type=\"widget\" data-widget_type=\"heading.default\">\n\t\t\t\t<div class=\"elementor-widget-container\">\n\t\t\t<h2 class=\"elementor-heading-title elementor-size-large\">Con qui\u00e9n colaboramos<\/h2>\t\t<\/div>\n\t\t\t\t<\/div>\n\t\t\t\t<div class=\"elementor-element elementor-element-9937798 elementor-align-center elementor-widget elementor-widget-button\" data-id=\"9937798\" data-element_type=\"widget\" data-widget_type=\"button.default\">\n\t\t\t\t<div class=\"elementor-widget-container\">\n\t\t\t\t\t<div class=\"elementor-button-wrapper\">\n\t\t\t<a class=\"elementor-button elementor-button-link elementor-size-sm elementor-animation-grow\" href=\"https:\/\/www.customerobsessing.com\/our-partners\/\">\n\t\t\t\t\t\t<span class=\"elementor-button-content-wrapper\">\n\t\t\t\t\t\t\t\t\t<span class=\"elementor-button-text\">Nuestros socios<\/span>\n\t\t\t\t\t<\/span>\n\t\t\t\t\t<\/a>\n\t\t<\/div>\n\t\t\t\t<\/div>\n\t\t\t\t<\/div>\n\t\t\t\t<\/div>\n\t\t\t\t\t<\/div>\n\t\t\t\t<\/div>\n\t\t\t\t<\/div>\n\t\t","protected":false},"excerpt":{"rendered":"<p>Customer Obsessing es una consultora boutique que proporciona asesoramiento estrat\u00e9gico y planes t\u00e1cticos para dotar a las organizaciones de centricidad en el cliente. Nuestro probado Marco de Obsesi\u00f3n por el [&hellip;]<\/p>\n","protected":false},"author":5,"featured_media":0,"parent":0,"menu_order":0,"comment_status":"closed","ping_status":"closed","template":"","meta":{"content-type":"","_monsterinsights_skip_tracking":false,"_monsterinsights_sitenote_active":false,"_monsterinsights_sitenote_note":"","_monsterinsights_sitenote_category":0,"footnotes":""},"class_list":["post-2808","page","type-page","status-publish","hentry"],"aioseo_notices":[],"_links":{"self":[{"href":"https:\/\/www.customerobsessing.com\/es\/wp-json\/wp\/v2\/pages\/2808","targetHints":{"allow":["GET"]}}],"collection":[{"href":"https:\/\/www.customerobsessing.com\/es\/wp-json\/wp\/v2\/pages"}],"about":[{"href":"https:\/\/www.customerobsessing.com\/es\/wp-json\/wp\/v2\/types\/page"}],"author":[{"embeddable":true,"href":"https:\/\/www.customerobsessing.com\/es\/wp-json\/wp\/v2\/users\/5"}],"replies":[{"embeddable":true,"href":"https:\/\/www.customerobsessing.com\/es\/wp-json\/wp\/v2\/comments?post=2808"}],"version-history":[{"count":0,"href":"https:\/\/www.customerobsessing.com\/es\/wp-json\/wp\/v2\/pages\/2808\/revisions"}],"wp:attachment":[{"href":"https:\/\/www.customerobsessing.com\/es\/wp-json\/wp\/v2\/media?parent=2808"}],"curies":[{"name":"wp","href":"https:\/\/api.w.org\/{rel}","templated":true}]}}